{"id":27218,"date":"2023-10-28T09:09:49","date_gmt":"2023-10-28T07:09:49","guid":{"rendered":"https:\/\/www.miravila.com\/product\/dekoracio-tojasuveg-tartalma-h-13-d-8-cm-arany\/"},"modified":"2023-10-28T09:09:55","modified_gmt":"2023-10-28T07:09:55","slug":"dekoracio-tojasuveg-tartalma-h-13-d-8-cm-arany","status":"publish","type":"product","link":"https:\/\/www.miravila.com\/hu\/termek\/dekoracio-tojasuveg-tartalma-h-13-d-8-cm-arany\/","title":{"rendered":"Dekor\u00e1ci\u00f3 toj\u00e1s\u00fcveg tartalma. H-13, D-8 cm arany"},"content":{"rendered":"<p>\u00daj\u00e9vi dekor\u00e1ci\u00f3<\/p>\n<hr>\n<p> <\/p>\n<h5> Anyag: <\/h5>\n<p> <\/p>\n<h5> Dimenzi\u00f3: <\/h5>\n<p> 8cm<\/p>\n","protected":false},"excerpt":{"rendered":"<p>\u00dcveg dekorat\u00edv toj\u00e1s arany bevonattal. M\u00e9retek: magass\u00e1g 13 cm, \u00e1tm\u00e9r\u0151 8 cm. A t\u00f6k\u00e9letes term\u00e9k a kar\u00e1csonyi dekor\u00e1ci\u00f3hoz.<\/p>\n","protected":false},"featured_media":25571,"comment_status":"closed","ping_status":"open","template":"","meta":[],"product_brand":[],"product_cat":[2034,3678],"product_tag":[],"class_list":{"0":"post-27218","1":"product","2":"type-product","3":"status-publish","4":"has-post-thumbnail","6":"product_cat-karacsony","7":"product_cat-ujevi-diszek","8":"pa_barva-arany","9":"pa_material-uveg","10":"pa_visina-13-hu","12":"first","13":"outofstock","14":"taxable","15":"shipping-taxable","16":"purchasable","17":"product-type-simple"},"_links":{"self":[{"href":"https:\/\/www.miravila.com\/hu\/wp-json\/wp\/v2\/product\/27218","targetHints":{"allow":["GET"]}}],"collection":[{"href":"https:\/\/www.miravila.com\/hu\/wp-json\/wp\/v2\/product"}],"about":[{"href":"https:\/\/www.miravila.com\/hu\/wp-json\/wp\/v2\/types\/product"}],"replies":[{"embeddable":true,"href":"https:\/\/www.miravila.com\/hu\/wp-json\/wp\/v2\/comments?post=27218"}],"wp:featuredmedia":[{"embeddable":true,"href":"https:\/\/www.miravila.com\/hu\/wp-json\/wp\/v2\/media\/25571"}],"wp:attachment":[{"href":"https:\/\/www.miravila.com\/hu\/wp-json\/wp\/v2\/media?parent=27218"}],"wp:term":[{"taxonomy":"product_brand","embeddable":true,"href":"https:\/\/www.miravila.com\/hu\/wp-json\/wp\/v2\/product_brand?post=27218"},{"taxonomy":"product_cat","embeddable":true,"href":"https:\/\/www.miravila.com\/hu\/wp-json\/wp\/v2\/product_cat?post=27218"},{"taxonomy":"product_tag","embeddable":true,"href":"https:\/\/www.miravila.com\/hu\/wp-json\/wp\/v2\/product_tag?post=27218"}],"curies":[{"name":"wp","href":"https:\/\/api.w.org\/{rel}","templated":true}]}}