{"id":27208,"date":"2023-10-28T09:09:49","date_gmt":"2023-10-28T07:09:49","guid":{"rendered":"https:\/\/www.miravila.com\/product\/ball-fuso-uveg-atlatszo-arany-papir-h-14-cm\/"},"modified":"2023-10-28T09:09:52","modified_gmt":"2023-10-28T07:09:52","slug":"ball-fuso-uveg-atlatszo-arany-papir-h-14-cm","status":"publish","type":"product","link":"https:\/\/www.miravila.com\/hu\/termek\/ball-fuso-uveg-atlatszo-arany-papir-h-14-cm\/","title":{"rendered":"Ball-fuso \u00fcveg \u00e1tl\u00e1tsz\u00f3-arany pap\u00edr H-14 cm"},"content":{"rendered":"<p>Az \u00faj\u00e9vi dekor\u00e1ci\u00f3 \u00e1tl\u00e1tsz\u00f3 arany pap\u00edrral.<\/p>\n<hr>\n<p> <\/p>\n<h5> anyag: <\/h5>\n<p> \u00fcveg<br \/>\n <\/p>\n<h5> Dimenzi\u00f3: <\/h5>\n<p> 14cm<\/p>\n","protected":false},"excerpt":{"rendered":"<p>A Ball-Fuso egy gy\u00f6ny\u00f6r\u0171 kar\u00e1csonyi dekor\u00e1ci\u00f3, amely \u00e1tl\u00e1tsz\u00f3 \u00fcvegb\u0151l k\u00e9sz\u00fcl, arany pap\u00edrral d\u00edsz\u00edtve. 14 cm -es magass\u00e1g\u00e1val minden bizonnyal vonzza a kil\u00e1t\u00e1st, \u00e9s \u00fcnnepi l\u00e9gk\u00f6rt ad otthon\u00e1hoz.<\/p>\n","protected":false},"featured_media":24919,"comment_status":"closed","ping_status":"open","template":"","meta":[],"product_brand":[],"product_cat":[2034,3678],"product_tag":[],"class_list":{"0":"post-27208","1":"product","2":"type-product","3":"status-publish","4":"has-post-thumbnail","6":"product_cat-karacsony","7":"product_cat-ujevi-diszek","8":"pa_barva-arany","9":"pa_barva-atlatszo","10":"pa_material-uveg","11":"pa_visina-14-hu","13":"first","14":"outofstock","15":"taxable","16":"shipping-taxable","17":"purchasable","18":"product-type-simple"},"_links":{"self":[{"href":"https:\/\/www.miravila.com\/hu\/wp-json\/wp\/v2\/product\/27208","targetHints":{"allow":["GET"]}}],"collection":[{"href":"https:\/\/www.miravila.com\/hu\/wp-json\/wp\/v2\/product"}],"about":[{"href":"https:\/\/www.miravila.com\/hu\/wp-json\/wp\/v2\/types\/product"}],"replies":[{"embeddable":true,"href":"https:\/\/www.miravila.com\/hu\/wp-json\/wp\/v2\/comments?post=27208"}],"wp:featuredmedia":[{"embeddable":true,"href":"https:\/\/www.miravila.com\/hu\/wp-json\/wp\/v2\/media\/24919"}],"wp:attachment":[{"href":"https:\/\/www.miravila.com\/hu\/wp-json\/wp\/v2\/media?parent=27208"}],"wp:term":[{"taxonomy":"product_brand","embeddable":true,"href":"https:\/\/www.miravila.com\/hu\/wp-json\/wp\/v2\/product_brand?post=27208"},{"taxonomy":"product_cat","embeddable":true,"href":"https:\/\/www.miravila.com\/hu\/wp-json\/wp\/v2\/product_cat?post=27208"},{"taxonomy":"product_tag","embeddable":true,"href":"https:\/\/www.miravila.com\/hu\/wp-json\/wp\/v2\/product_tag?post=27208"}],"curies":[{"name":"wp","href":"https:\/\/api.w.org\/{rel}","templated":true}]}}