{"id":27199,"date":"2023-10-28T09:09:42","date_gmt":"2023-10-28T07:09:42","guid":{"rendered":"https:\/\/www.miravila.com\/product\/golyo-uveg-d-10-cm-x-1-arany-barokk\/"},"modified":"2023-10-28T09:09:48","modified_gmt":"2023-10-28T07:09:48","slug":"golyo-uveg-d-10-cm-x-1-arany-barokk","status":"publish","type":"product","link":"https:\/\/www.miravila.com\/hu\/termek\/golyo-uveg-d-10-cm-x-1-arany-barokk\/","title":{"rendered":"Goly\u00f3 \u00fcveg D-10 cm x 1 arany barokk"},"content":{"rendered":"<p>\u00daj\u00e9vi dekor\u00e1ci\u00f3 a r\u00e9gi arany sz\u00edn\u00e9ben, ez\u00fcst h\u00f3pehelyvel.<\/p>\n<hr>\n<p> <\/p>\n<h5> anyag: <\/h5>\n<p> \u00fcveg<br \/>\n <\/p>\n<h5> Dimenzi\u00f3: <\/h5>\n<p> 10 cm<\/p>\n","protected":false},"excerpt":{"rendered":"<p>Ez a kar\u00e1csonyi goly\u00f3 \u00fcvegb\u0151l k\u00e9sz\u00fcl, \u00e1tm\u00e9r\u0151je 10 cm. Arany barokk alakja biztosan felh\u00edvja a figyelmet a kar\u00e1csonyf\u00e1ra.<\/p>\n","protected":false},"featured_media":24721,"comment_status":"closed","ping_status":"open","template":"","meta":[],"product_brand":[],"product_cat":[2034,3678],"product_tag":[],"class_list":{"0":"post-27199","1":"product","2":"type-product","3":"status-publish","4":"has-post-thumbnail","6":"product_cat-karacsony","7":"product_cat-ujevi-diszek","8":"pa_barva-arany","9":"pa_barva-ezust","10":"pa_material-uveg","11":"pa_visina-10-hu","13":"first","14":"outofstock","15":"taxable","16":"shipping-taxable","17":"purchasable","18":"product-type-simple"},"_links":{"self":[{"href":"https:\/\/www.miravila.com\/hu\/wp-json\/wp\/v2\/product\/27199","targetHints":{"allow":["GET"]}}],"collection":[{"href":"https:\/\/www.miravila.com\/hu\/wp-json\/wp\/v2\/product"}],"about":[{"href":"https:\/\/www.miravila.com\/hu\/wp-json\/wp\/v2\/types\/product"}],"replies":[{"embeddable":true,"href":"https:\/\/www.miravila.com\/hu\/wp-json\/wp\/v2\/comments?post=27199"}],"wp:featuredmedia":[{"embeddable":true,"href":"https:\/\/www.miravila.com\/hu\/wp-json\/wp\/v2\/media\/24721"}],"wp:attachment":[{"href":"https:\/\/www.miravila.com\/hu\/wp-json\/wp\/v2\/media?parent=27199"}],"wp:term":[{"taxonomy":"product_brand","embeddable":true,"href":"https:\/\/www.miravila.com\/hu\/wp-json\/wp\/v2\/product_brand?post=27199"},{"taxonomy":"product_cat","embeddable":true,"href":"https:\/\/www.miravila.com\/hu\/wp-json\/wp\/v2\/product_cat?post=27199"},{"taxonomy":"product_tag","embeddable":true,"href":"https:\/\/www.miravila.com\/hu\/wp-json\/wp\/v2\/product_tag?post=27199"}],"curies":[{"name":"wp","href":"https:\/\/api.w.org\/{rel}","templated":true}]}}