{"id":27195,"date":"2023-10-28T09:09:42","date_gmt":"2023-10-28T07:09:42","guid":{"rendered":"https:\/\/www.miravila.com\/product\/superges-d-20-cm-es-golyo-rozsaszin\/"},"modified":"2023-10-28T09:09:46","modified_gmt":"2023-10-28T07:09:46","slug":"superges-d-20-cm-es-golyo-rozsaszin","status":"publish","type":"product","link":"https:\/\/www.miravila.com\/hu\/termek\/superges-d-20-cm-es-golyo-rozsaszin\/","title":{"rendered":"Superges D-20 cm-es goly\u00f3 r\u00f3zsasz\u00edn"},"content":{"rendered":"<p>\u00daj\u00e9vi dekor\u00e1ci\u00f3<\/p>\n<hr>\n<p> <\/p>\n<h5> Anyag: <\/h5>\n<p> <\/p>\n<h5> Dimenzi\u00f3: <\/h5>\n<p> 20 cm<\/p>\n","protected":false},"excerpt":{"rendered":"<p>A Snegems D-20 cm-es goly\u00f3 r\u00f3zsasz\u00ednen a t\u00f6k\u00e9letes kar\u00e1csonyi dekor\u00e1ci\u00f3 otthon\u00e1nak. A f\u00e9nyes fel\u00fclet \u00e9s a csillog\u00f3 k\u00f6vek vonzz\u00e1k mindenki kil\u00e1t\u00e1s\u00e1t, aki bel\u00e9p a nappaliba. Ez a labda minden bizonnyal var\u00e1zslatos \u00e9s \u00fcnnepi l\u00e9gk\u00f6rt ad a kar\u00e1csonyf\u00e1dhoz.<\/p>\n","protected":false},"featured_media":25631,"comment_status":"closed","ping_status":"open","template":"","meta":[],"product_brand":[],"product_cat":[2034,3678],"product_tag":[],"class_list":{"0":"post-27195","1":"product","2":"type-product","3":"status-publish","4":"has-post-thumbnail","6":"product_cat-karacsony","7":"product_cat-ujevi-diszek","8":"pa_visina-20-hu","10":"first","11":"outofstock","12":"taxable","13":"shipping-taxable","14":"purchasable","15":"product-type-simple"},"_links":{"self":[{"href":"https:\/\/www.miravila.com\/hu\/wp-json\/wp\/v2\/product\/27195","targetHints":{"allow":["GET"]}}],"collection":[{"href":"https:\/\/www.miravila.com\/hu\/wp-json\/wp\/v2\/product"}],"about":[{"href":"https:\/\/www.miravila.com\/hu\/wp-json\/wp\/v2\/types\/product"}],"replies":[{"embeddable":true,"href":"https:\/\/www.miravila.com\/hu\/wp-json\/wp\/v2\/comments?post=27195"}],"wp:featuredmedia":[{"embeddable":true,"href":"https:\/\/www.miravila.com\/hu\/wp-json\/wp\/v2\/media\/25631"}],"wp:attachment":[{"href":"https:\/\/www.miravila.com\/hu\/wp-json\/wp\/v2\/media?parent=27195"}],"wp:term":[{"taxonomy":"product_brand","embeddable":true,"href":"https:\/\/www.miravila.com\/hu\/wp-json\/wp\/v2\/product_brand?post=27195"},{"taxonomy":"product_cat","embeddable":true,"href":"https:\/\/www.miravila.com\/hu\/wp-json\/wp\/v2\/product_cat?post=27195"},{"taxonomy":"product_tag","embeddable":true,"href":"https:\/\/www.miravila.com\/hu\/wp-json\/wp\/v2\/product_tag?post=27195"}],"curies":[{"name":"wp","href":"https:\/\/api.w.org\/{rel}","templated":true}]}}