{"id":27193,"date":"2023-10-28T09:09:42","date_gmt":"2023-10-28T07:09:42","guid":{"rendered":"https:\/\/www.miravila.com\/product\/medal-arc-uveggyongy-h-20-cm-arany\/"},"modified":"2023-10-28T09:09:46","modified_gmt":"2023-10-28T07:09:46","slug":"medal-arc-uveggyongy-h-20-cm-arany","status":"publish","type":"product","link":"https:\/\/www.miravila.com\/hu\/termek\/medal-arc-uveggyongy-h-20-cm-arany\/","title":{"rendered":"Med\u00e1l arc \u00fcveggy\u00f6ngy H-20 cm arany"},"content":{"rendered":"<p>Az arc alakj\u00e1nak \u00faj\u00e9vi dekor\u00e1ci\u00f3ja aranyban gy\u00f6ngy\u00f6kkel.<\/p>\n<hr>\n<p> <\/p>\n<h5> anyag: <\/h5>\n<p> \u00fcveg<br \/>\n <\/p>\n<h5> Dimenzi\u00f3: <\/h5>\n<p> 20 cm<\/p>\n","protected":false},"excerpt":{"rendered":"<p>Rendk\u00edv\u00fcl sz\u00e9p kar\u00e1csonyfa med\u00e1l, \u00fcveggy\u00f6ngy\u00f6kb\u0151l. A med\u00e1l m\u00e9rete 20 cm \u00e9s aranyban van.<\/p>\n","protected":false},"featured_media":24992,"comment_status":"closed","ping_status":"open","template":"","meta":[],"product_brand":[],"product_cat":[2034,3678],"product_tag":[],"class_list":{"0":"post-27193","1":"product","2":"type-product","3":"status-publish","4":"has-post-thumbnail","6":"product_cat-karacsony","7":"product_cat-ujevi-diszek","8":"pa_barva-arany","9":"pa_material-uveg","10":"pa_visina-20-hu","12":"first","13":"outofstock","14":"taxable","15":"shipping-taxable","16":"purchasable","17":"product-type-simple"},"_links":{"self":[{"href":"https:\/\/www.miravila.com\/hu\/wp-json\/wp\/v2\/product\/27193","targetHints":{"allow":["GET"]}}],"collection":[{"href":"https:\/\/www.miravila.com\/hu\/wp-json\/wp\/v2\/product"}],"about":[{"href":"https:\/\/www.miravila.com\/hu\/wp-json\/wp\/v2\/types\/product"}],"replies":[{"embeddable":true,"href":"https:\/\/www.miravila.com\/hu\/wp-json\/wp\/v2\/comments?post=27193"}],"wp:featuredmedia":[{"embeddable":true,"href":"https:\/\/www.miravila.com\/hu\/wp-json\/wp\/v2\/media\/24992"}],"wp:attachment":[{"href":"https:\/\/www.miravila.com\/hu\/wp-json\/wp\/v2\/media?parent=27193"}],"wp:term":[{"taxonomy":"product_brand","embeddable":true,"href":"https:\/\/www.miravila.com\/hu\/wp-json\/wp\/v2\/product_brand?post=27193"},{"taxonomy":"product_cat","embeddable":true,"href":"https:\/\/www.miravila.com\/hu\/wp-json\/wp\/v2\/product_cat?post=27193"},{"taxonomy":"product_tag","embeddable":true,"href":"https:\/\/www.miravila.com\/hu\/wp-json\/wp\/v2\/product_tag?post=27193"}],"curies":[{"name":"wp","href":"https:\/\/api.w.org\/{rel}","templated":true}]}}