{"id":27182,"date":"2023-10-28T09:09:42","date_gmt":"2023-10-28T07:09:42","guid":{"rendered":"https:\/\/www.miravila.com\/product\/medal-uveg-rombo-stella-h-14-cm-arany\/"},"modified":"2023-10-28T09:09:42","modified_gmt":"2023-10-28T07:09:42","slug":"medal-uveg-rombo-stella-h-14-cm-arany","status":"publish","type":"product","link":"https:\/\/www.miravila.com\/hu\/termek\/medal-uveg-rombo-stella-h-14-cm-arany\/","title":{"rendered":"Med\u00e1l \u00fcveg rombo-stella H-14 cm arany"},"content":{"rendered":"<p>Szilveszteri rombusz \u00e9s csillag dekor\u00e1ci\u00f3 aranyban.<\/p>\n<hr>\n<p> <\/p>\n<h5> anyag: <\/h5>\n<p> \u00fcveg<br \/>\n <\/p>\n<h5> Dimenzi\u00f3: <\/h5>\n<p> 14cm<\/p>\n","protected":false},"excerpt":{"rendered":"<p>Ez a kar\u00e1csonyi med\u00e1l \u00fcvegb\u0151l k\u00e9sz\u00fcl, \u00e9s rombusz alak\u00fa, stelly mint\u00e1zat\u00fa. 14 cm magas, \u00e9s az arany sz\u00ednes.<\/p>\n","protected":false},"featured_media":24931,"comment_status":"closed","ping_status":"open","template":"","meta":[],"product_brand":[],"product_cat":[2034,3678],"product_tag":[],"class_list":{"0":"post-27182","1":"product","2":"type-product","3":"status-publish","4":"has-post-thumbnail","6":"product_cat-karacsony","7":"product_cat-ujevi-diszek","8":"pa_barva-arany","9":"pa_material-uveg","10":"pa_visina-14-hu","12":"first","13":"outofstock","14":"taxable","15":"shipping-taxable","16":"purchasable","17":"product-type-simple"},"_links":{"self":[{"href":"https:\/\/www.miravila.com\/hu\/wp-json\/wp\/v2\/product\/27182","targetHints":{"allow":["GET"]}}],"collection":[{"href":"https:\/\/www.miravila.com\/hu\/wp-json\/wp\/v2\/product"}],"about":[{"href":"https:\/\/www.miravila.com\/hu\/wp-json\/wp\/v2\/types\/product"}],"replies":[{"embeddable":true,"href":"https:\/\/www.miravila.com\/hu\/wp-json\/wp\/v2\/comments?post=27182"}],"wp:featuredmedia":[{"embeddable":true,"href":"https:\/\/www.miravila.com\/hu\/wp-json\/wp\/v2\/media\/24931"}],"wp:attachment":[{"href":"https:\/\/www.miravila.com\/hu\/wp-json\/wp\/v2\/media?parent=27182"}],"wp:term":[{"taxonomy":"product_brand","embeddable":true,"href":"https:\/\/www.miravila.com\/hu\/wp-json\/wp\/v2\/product_brand?post=27182"},{"taxonomy":"product_cat","embeddable":true,"href":"https:\/\/www.miravila.com\/hu\/wp-json\/wp\/v2\/product_cat?post=27182"},{"taxonomy":"product_tag","embeddable":true,"href":"https:\/\/www.miravila.com\/hu\/wp-json\/wp\/v2\/product_tag?post=27182"}],"curies":[{"name":"wp","href":"https:\/\/api.w.org\/{rel}","templated":true}]}}