{"id":27176,"date":"2023-10-28T09:09:35","date_gmt":"2023-10-28T07:09:35","guid":{"rendered":"https:\/\/www.miravila.com\/product\/nyaloka-lolly-egy-14x36-cm-x-1-vel\/"},"modified":"2023-10-28T09:09:40","modified_gmt":"2023-10-28T07:09:40","slug":"nyaloka-lolly-egy-14x36-cm-x-1-vel","status":"publish","type":"product","link":"https:\/\/www.miravila.com\/hu\/termek\/nyaloka-lolly-egy-14x36-cm-x-1-vel\/","title":{"rendered":"Nyal\u00f3ka lolly egy 14&#215;36 cm x 1 -vel"},"content":{"rendered":"","protected":false},"excerpt":{"rendered":"<p>A Lizika Lolly Term\u00e9k a t\u00f6meggel a t\u00f6k\u00e9letes kar\u00e1csonyi aj\u00e1nd\u00e9k. Ez az \u00e9des nyal\u00f3ka 14 cm hossz\u00fa, \u00e9s gy\u00f6ny\u00f6r\u0171 mash. Kezelje mag\u00e1val, vagy adja meg szeretteinek \u00fcnnepi \u00f6r\u00f6m\u00e9rt.<\/p>\n","protected":false},"featured_media":25741,"comment_status":"closed","ping_status":"open","template":"","meta":[],"product_brand":[],"product_cat":[2034,3678],"product_tag":[],"class_list":{"0":"post-27176","1":"product","2":"type-product","3":"status-publish","4":"has-post-thumbnail","6":"product_cat-karacsony","7":"product_cat-ujevi-diszek","8":"pa_visina-36-hu","10":"first","11":"instock","12":"taxable","13":"shipping-taxable","14":"purchasable","15":"product-type-simple"},"_links":{"self":[{"href":"https:\/\/www.miravila.com\/hu\/wp-json\/wp\/v2\/product\/27176","targetHints":{"allow":["GET"]}}],"collection":[{"href":"https:\/\/www.miravila.com\/hu\/wp-json\/wp\/v2\/product"}],"about":[{"href":"https:\/\/www.miravila.com\/hu\/wp-json\/wp\/v2\/types\/product"}],"replies":[{"embeddable":true,"href":"https:\/\/www.miravila.com\/hu\/wp-json\/wp\/v2\/comments?post=27176"}],"wp:featuredmedia":[{"embeddable":true,"href":"https:\/\/www.miravila.com\/hu\/wp-json\/wp\/v2\/media\/25741"}],"wp:attachment":[{"href":"https:\/\/www.miravila.com\/hu\/wp-json\/wp\/v2\/media?parent=27176"}],"wp:term":[{"taxonomy":"product_brand","embeddable":true,"href":"https:\/\/www.miravila.com\/hu\/wp-json\/wp\/v2\/product_brand?post=27176"},{"taxonomy":"product_cat","embeddable":true,"href":"https:\/\/www.miravila.com\/hu\/wp-json\/wp\/v2\/product_cat?post=27176"},{"taxonomy":"product_tag","embeddable":true,"href":"https:\/\/www.miravila.com\/hu\/wp-json\/wp\/v2\/product_tag?post=27176"}],"curies":[{"name":"wp","href":"https:\/\/api.w.org\/{rel}","templated":true}]}}