{"id":27172,"date":"2023-10-28T09:09:35","date_gmt":"2023-10-28T07:09:35","guid":{"rendered":"https:\/\/www.miravila.com\/product\/golyok-uvegcsokor-x-12-20-mm-rozsaszin\/"},"modified":"2023-10-28T09:09:39","modified_gmt":"2023-10-28T07:09:39","slug":"golyok-uvegcsokor-x-12-20-mm-rozsaszin","status":"publish","type":"product","link":"https:\/\/www.miravila.com\/hu\/termek\/golyok-uvegcsokor-x-12-20-mm-rozsaszin\/","title":{"rendered":"Goly\u00f3k \u00fcvegcsokor x 12 20 mm r\u00f3zsasz\u00edn"},"content":{"rendered":"","protected":false},"excerpt":{"rendered":"<p>Ez a term\u00e9k ide\u00e1lis a kar\u00e1csonyfa d\u00edsz\u00edt\u00e9s\u00e9hez. Ez mag\u00e1ban foglalja 12 r\u00f3zsasz\u00edn \u00fcvegg\u00f6mb\u00f6t, amelynek \u00e1tm\u00e9r\u0151je 20 mm. Ezzel a gy\u00f6ny\u00f6r\u0171 goly\u00f3val, a FIR -je minden bizonnyal kiemelkedik a t\u00f6bbiek k\u00f6z\u00f6tt.<\/p>\n","protected":false},"featured_media":25010,"comment_status":"closed","ping_status":"open","template":"","meta":[],"product_brand":[],"product_cat":[2034,3678],"product_tag":[],"class_list":{"0":"post-27172","1":"product","2":"type-product","3":"status-publish","4":"has-post-thumbnail","6":"product_cat-karacsony","7":"product_cat-ujevi-diszek","8":"pa_material-uveg","9":"pa_visina-2-hu","11":"first","12":"outofstock","13":"taxable","14":"shipping-taxable","15":"purchasable","16":"product-type-simple"},"_links":{"self":[{"href":"https:\/\/www.miravila.com\/hu\/wp-json\/wp\/v2\/product\/27172","targetHints":{"allow":["GET"]}}],"collection":[{"href":"https:\/\/www.miravila.com\/hu\/wp-json\/wp\/v2\/product"}],"about":[{"href":"https:\/\/www.miravila.com\/hu\/wp-json\/wp\/v2\/types\/product"}],"replies":[{"embeddable":true,"href":"https:\/\/www.miravila.com\/hu\/wp-json\/wp\/v2\/comments?post=27172"}],"wp:featuredmedia":[{"embeddable":true,"href":"https:\/\/www.miravila.com\/hu\/wp-json\/wp\/v2\/media\/25010"}],"wp:attachment":[{"href":"https:\/\/www.miravila.com\/hu\/wp-json\/wp\/v2\/media?parent=27172"}],"wp:term":[{"taxonomy":"product_brand","embeddable":true,"href":"https:\/\/www.miravila.com\/hu\/wp-json\/wp\/v2\/product_brand?post=27172"},{"taxonomy":"product_cat","embeddable":true,"href":"https:\/\/www.miravila.com\/hu\/wp-json\/wp\/v2\/product_cat?post=27172"},{"taxonomy":"product_tag","embeddable":true,"href":"https:\/\/www.miravila.com\/hu\/wp-json\/wp\/v2\/product_tag?post=27172"}],"curies":[{"name":"wp","href":"https:\/\/api.w.org\/{rel}","templated":true}]}}