{"id":27157,"date":"2023-10-28T09:09:28","date_gmt":"2023-10-28T07:09:28","guid":{"rendered":"https:\/\/www.miravila.com\/product\/ball-fili-di-perle-d-12-cm-x-1\/"},"modified":"2023-10-28T09:09:33","modified_gmt":"2023-10-28T07:09:33","slug":"ball-fili-di-perle-d-12-cm-x-1","status":"publish","type":"product","link":"https:\/\/www.miravila.com\/hu\/termek\/ball-fili-di-perle-d-12-cm-x-1\/","title":{"rendered":"Ball fili di perle D-12 cm x 1"},"content":{"rendered":"<p>\u00daj\u00e9vi dekor\u00e1ci\u00f3 aranymozaik r\u00e9szletekkel.<\/p>\n<hr>\n<p> <\/p>\n<h5> anyag: <\/h5>\n<p> pvc<br \/>\n <\/p>\n<h5> Dimenzi\u00f3: <\/h5>\n<p> 12cm<\/p>\n","protected":false},"excerpt":{"rendered":"<p>A Fili Di Perle labda egy gy\u00f6ny\u00f6r\u0171 kar\u00e1csonyi d\u00edsz, 12 cm \u00e1tm\u00e9r\u0151j\u0171. Min\u0151s\u00e9gi anyagb\u00f3l k\u00e9sz\u00fcl, csillog\u00f3 gy\u00f6ngy\u00f6kkel d\u00edsz\u00edtve. Ez az eleg\u00e1ns labda biztosan jav\u00edtja a kar\u00e1csonyi dekor\u00e1ci\u00f3t, \u00e9s \u00fcnnepi l\u00e9gk\u00f6rt teremt otthon\u00e1ban.<\/p>\n","protected":false},"featured_media":25319,"comment_status":"closed","ping_status":"open","template":"","meta":[],"product_brand":[],"product_cat":[2034,3678],"product_tag":[],"class_list":{"0":"post-27157","1":"product","2":"type-product","3":"status-publish","4":"has-post-thumbnail","6":"product_cat-karacsony","7":"product_cat-ujevi-diszek","8":"pa_barva-arany","9":"pa_material-pvc-hu","10":"pa_visina-12-hu","12":"first","13":"instock","14":"taxable","15":"shipping-taxable","16":"purchasable","17":"product-type-simple"},"_links":{"self":[{"href":"https:\/\/www.miravila.com\/hu\/wp-json\/wp\/v2\/product\/27157","targetHints":{"allow":["GET"]}}],"collection":[{"href":"https:\/\/www.miravila.com\/hu\/wp-json\/wp\/v2\/product"}],"about":[{"href":"https:\/\/www.miravila.com\/hu\/wp-json\/wp\/v2\/types\/product"}],"replies":[{"embeddable":true,"href":"https:\/\/www.miravila.com\/hu\/wp-json\/wp\/v2\/comments?post=27157"}],"wp:featuredmedia":[{"embeddable":true,"href":"https:\/\/www.miravila.com\/hu\/wp-json\/wp\/v2\/media\/25319"}],"wp:attachment":[{"href":"https:\/\/www.miravila.com\/hu\/wp-json\/wp\/v2\/media?parent=27157"}],"wp:term":[{"taxonomy":"product_brand","embeddable":true,"href":"https:\/\/www.miravila.com\/hu\/wp-json\/wp\/v2\/product_brand?post=27157"},{"taxonomy":"product_cat","embeddable":true,"href":"https:\/\/www.miravila.com\/hu\/wp-json\/wp\/v2\/product_cat?post=27157"},{"taxonomy":"product_tag","embeddable":true,"href":"https:\/\/www.miravila.com\/hu\/wp-json\/wp\/v2\/product_tag?post=27157"}],"curies":[{"name":"wp","href":"https:\/\/api.w.org\/{rel}","templated":true}]}}