{"id":27152,"date":"2023-10-28T09:09:28","date_gmt":"2023-10-28T07:09:28","guid":{"rendered":"https:\/\/www.miravila.com\/product\/ball-poly-glitter-pvc-d-10-cm-set-4-piros\/"},"modified":"2023-10-28T09:09:32","modified_gmt":"2023-10-28T07:09:32","slug":"ball-poly-glitter-pvc-d-10-cm-set-4-piros","status":"publish","type":"product","link":"https:\/\/www.miravila.com\/hu\/termek\/ball-poly-glitter-pvc-d-10-cm-set-4-piros\/","title":{"rendered":"Ball Poly Glitter PVC D-10 cm\/Set 4 piros"},"content":{"rendered":"<p>\u00daj\u00e9vi dekor\u00e1ci\u00f3<\/p>\n<hr>\n<p> <\/p>\n<h5> Anyag: <\/h5>\n<p> <\/p>\n<h5> Dimenzi\u00f3: <\/h5>\n<p> 10 cm<\/p>\n","protected":false},"excerpt":{"rendered":"<p>A Poly Glitter PVC labda egy csod\u00e1latos kar\u00e1csonyi dekor\u00e1ci\u00f3, amely nyaral\u00e1st hoz az otthon\u00e1ba. A k\u00e9szlet 4 piros goly\u00f3t tartalmaz, 10 cm \u00e1tm\u00e9r\u0151j\u0171, \u00e9s ez biztosan jav\u00edtja az \u00faj\u00e9vi f\u00e1t. Kiv\u00e1l\u00f3 min\u0151s\u00e9g\u0171 PVC anyagb\u00f3l k\u00e9sz\u00fclnek, amelyet f\u00e9nyes csillog\u00e1ssal d\u00edsz\u00edtenek, ezek a goly\u00f3k minden bizonnyal vonzz\u00e1k a vend\u00e9gek kil\u00e1t\u00e1s\u00e1t. Ez a kar\u00e1csonyi k\u00e9szlet var\u00e1zslatos l\u00e9gk\u00f6rt \u00e9s kellemes \u00fcnnepi l\u00e9gk\u00f6rt teremt.<\/p>\n","protected":false},"featured_media":25445,"comment_status":"closed","ping_status":"open","template":"","meta":[],"product_brand":[],"product_cat":[2034,3678],"product_tag":[],"class_list":{"0":"post-27152","1":"product","2":"type-product","3":"status-publish","4":"has-post-thumbnail","6":"product_cat-karacsony","7":"product_cat-ujevi-diszek","8":"pa_barva-piros","9":"pa_material-pvc-hu","10":"pa_visina-10-hu","12":"first","13":"outofstock","14":"taxable","15":"shipping-taxable","16":"purchasable","17":"product-type-simple"},"_links":{"self":[{"href":"https:\/\/www.miravila.com\/hu\/wp-json\/wp\/v2\/product\/27152","targetHints":{"allow":["GET"]}}],"collection":[{"href":"https:\/\/www.miravila.com\/hu\/wp-json\/wp\/v2\/product"}],"about":[{"href":"https:\/\/www.miravila.com\/hu\/wp-json\/wp\/v2\/types\/product"}],"replies":[{"embeddable":true,"href":"https:\/\/www.miravila.com\/hu\/wp-json\/wp\/v2\/comments?post=27152"}],"wp:featuredmedia":[{"embeddable":true,"href":"https:\/\/www.miravila.com\/hu\/wp-json\/wp\/v2\/media\/25445"}],"wp:attachment":[{"href":"https:\/\/www.miravila.com\/hu\/wp-json\/wp\/v2\/media?parent=27152"}],"wp:term":[{"taxonomy":"product_brand","embeddable":true,"href":"https:\/\/www.miravila.com\/hu\/wp-json\/wp\/v2\/product_brand?post=27152"},{"taxonomy":"product_cat","embeddable":true,"href":"https:\/\/www.miravila.com\/hu\/wp-json\/wp\/v2\/product_cat?post=27152"},{"taxonomy":"product_tag","embeddable":true,"href":"https:\/\/www.miravila.com\/hu\/wp-json\/wp\/v2\/product_tag?post=27152"}],"curies":[{"name":"wp","href":"https:\/\/api.w.org\/{rel}","templated":true}]}}