{"id":27149,"date":"2023-10-28T09:09:28","date_gmt":"2023-10-28T07:09:28","guid":{"rendered":"https:\/\/www.miravila.com\/product\/ball-poly-glitter-pvc-d-8-cm-set-6-arany\/"},"modified":"2023-10-28T09:09:31","modified_gmt":"2023-10-28T07:09:31","slug":"ball-poly-glitter-pvc-d-8-cm-set-6-arany","status":"publish","type":"product","link":"https:\/\/www.miravila.com\/hu\/termek\/ball-poly-glitter-pvc-d-8-cm-set-6-arany\/","title":{"rendered":"Ball Poly Glitter PVC D-8 cm\/Set 6 arany"},"content":{"rendered":"<p>\u00daj\u00e9vi dekor\u00e1ci\u00f3<\/p>\n<hr>\n<p> <\/p>\n<h5> anyag: <\/h5>\n<p> pvc<br \/>\n <\/p>\n<h5> Dimenzi\u00f3: <\/h5>\n<p> 8cm<\/p>\n","protected":false},"excerpt":{"rendered":"<p>A Poly Glitter PVC labda egy csod\u00e1latos kar\u00e1csonyi dekor\u00e1ci\u00f3, amely nyaral\u00e1st hoz az otthon\u00e1ba. A k\u00e9szlet 6 8 cm -\u00e1tm\u00e9r\u0151j\u0171 aranygoly\u00f3t tartalmaz, amelyek biztosan jav\u00edtj\u00e1k az \u00faj\u00e9vi FIR -t. Olyan min\u0151s\u00e9gi PVC anyagb\u00f3l k\u00e9sz\u00fclnek, amely tart\u00f3s \u00e9s k\u00f6nnyen karbantarthat\u00f3. Adja hozz\u00e1 az \u00fcnnepi var\u00e1zst otthon\u00e1hoz ezzel a csillog\u00f3 kar\u00e1csonyi dekor\u00e1ci\u00f3val.<\/p>\n","protected":false},"featured_media":25825,"comment_status":"closed","ping_status":"open","template":"","meta":[],"product_brand":[],"product_cat":[2034,3678],"product_tag":[],"class_list":{"0":"post-27149","1":"product","2":"type-product","3":"status-publish","4":"has-post-thumbnail","6":"product_cat-karacsony","7":"product_cat-ujevi-diszek","8":"pa_barva-arany","9":"pa_material-pvc-hu","10":"pa_visina-8-hu","12":"first","13":"outofstock","14":"taxable","15":"shipping-taxable","16":"purchasable","17":"product-type-simple"},"_links":{"self":[{"href":"https:\/\/www.miravila.com\/hu\/wp-json\/wp\/v2\/product\/27149","targetHints":{"allow":["GET"]}}],"collection":[{"href":"https:\/\/www.miravila.com\/hu\/wp-json\/wp\/v2\/product"}],"about":[{"href":"https:\/\/www.miravila.com\/hu\/wp-json\/wp\/v2\/types\/product"}],"replies":[{"embeddable":true,"href":"https:\/\/www.miravila.com\/hu\/wp-json\/wp\/v2\/comments?post=27149"}],"wp:featuredmedia":[{"embeddable":true,"href":"https:\/\/www.miravila.com\/hu\/wp-json\/wp\/v2\/media\/25825"}],"wp:attachment":[{"href":"https:\/\/www.miravila.com\/hu\/wp-json\/wp\/v2\/media?parent=27149"}],"wp:term":[{"taxonomy":"product_brand","embeddable":true,"href":"https:\/\/www.miravila.com\/hu\/wp-json\/wp\/v2\/product_brand?post=27149"},{"taxonomy":"product_cat","embeddable":true,"href":"https:\/\/www.miravila.com\/hu\/wp-json\/wp\/v2\/product_cat?post=27149"},{"taxonomy":"product_tag","embeddable":true,"href":"https:\/\/www.miravila.com\/hu\/wp-json\/wp\/v2\/product_tag?post=27149"}],"curies":[{"name":"wp","href":"https:\/\/api.w.org\/{rel}","templated":true}]}}