{"id":27142,"date":"2023-10-28T09:09:28","date_gmt":"2023-10-28T07:09:28","guid":{"rendered":"https:\/\/www.miravila.com\/product\/lucfenyo-keramia-holgy-h-26x18x6-cm-fekete-feher\/"},"modified":"2023-10-28T09:09:29","modified_gmt":"2023-10-28T07:09:29","slug":"lucfenyo-keramia-holgy-h-26x18x6-cm-fekete-feher","status":"publish","type":"product","link":"https:\/\/www.miravila.com\/hu\/termek\/lucfenyo-keramia-holgy-h-26x18x6-cm-fekete-feher\/","title":{"rendered":"Lucfeny\u0151-ker\u00e1mia h\u00f6lgy H-26x18x6 cm fekete\/feh\u00e9r"},"content":{"rendered":"<p>\u00daj\u00e9vi dekor\u00e1ci\u00f3: ker\u00e1mia feny\u0151 fest\u00e9ssel.<\/p>\n<hr>\n<p> <\/p>\n<h5> anyag: <\/h5>\n<p> ker\u00e1mia<br \/>\n <\/p>\n<h5> Dimenzi\u00f3: <\/h5>\n<p> 26 cm<\/p>\n","protected":false},"excerpt":{"rendered":"<p>A Spruce Lady Ceramics egy kar\u00e1csonyi term\u00e9k, amely \u00fcnnepi l\u00e9gk\u00f6rt hoz otthon\u00e1ba. Ez a gy\u00f6ny\u00f6r\u0171 fekete -feh\u00e9r ker\u00e1mia alak 26x18x6 cm m\u00e9ret\u0171, \u00e9s kiv\u00e1l\u00f3 dekor\u00e1ci\u00f3 egy kar\u00e1csonyf\u00e1hoz vagy asztalhoz. Hozd az \u00fcnnepi \u00f6r\u00f6m\u00f6t otthon\u00e1ba ezzel az eleg\u00e1ns \u00e9s eredeti kar\u00e1csonyi dekor\u00e1ci\u00f3val.<\/p>\n","protected":false},"featured_media":25403,"comment_status":"closed","ping_status":"open","template":"","meta":[],"product_brand":[],"product_cat":[2034,3678],"product_tag":[],"class_list":{"0":"post-27142","1":"product","2":"type-product","3":"status-publish","4":"has-post-thumbnail","6":"product_cat-karacsony","7":"product_cat-ujevi-diszek","8":"pa_material-keramia","9":"pa_visina-26-hu","11":"first","12":"instock","13":"taxable","14":"shipping-taxable","15":"purchasable","16":"product-type-simple"},"_links":{"self":[{"href":"https:\/\/www.miravila.com\/hu\/wp-json\/wp\/v2\/product\/27142","targetHints":{"allow":["GET"]}}],"collection":[{"href":"https:\/\/www.miravila.com\/hu\/wp-json\/wp\/v2\/product"}],"about":[{"href":"https:\/\/www.miravila.com\/hu\/wp-json\/wp\/v2\/types\/product"}],"replies":[{"embeddable":true,"href":"https:\/\/www.miravila.com\/hu\/wp-json\/wp\/v2\/comments?post=27142"}],"wp:featuredmedia":[{"embeddable":true,"href":"https:\/\/www.miravila.com\/hu\/wp-json\/wp\/v2\/media\/25403"}],"wp:attachment":[{"href":"https:\/\/www.miravila.com\/hu\/wp-json\/wp\/v2\/media?parent=27142"}],"wp:term":[{"taxonomy":"product_brand","embeddable":true,"href":"https:\/\/www.miravila.com\/hu\/wp-json\/wp\/v2\/product_brand?post=27142"},{"taxonomy":"product_cat","embeddable":true,"href":"https:\/\/www.miravila.com\/hu\/wp-json\/wp\/v2\/product_cat?post=27142"},{"taxonomy":"product_tag","embeddable":true,"href":"https:\/\/www.miravila.com\/hu\/wp-json\/wp\/v2\/product_tag?post=27142"}],"curies":[{"name":"wp","href":"https:\/\/api.w.org\/{rel}","templated":true}]}}