{"id":27141,"date":"2023-10-28T09:09:28","date_gmt":"2023-10-28T07:09:28","guid":{"rendered":"https:\/\/www.miravila.com\/product\/vaza-skerje-mert-nagypapa-h-19x23x10-cm-piros\/"},"modified":"2023-10-28T09:09:28","modified_gmt":"2023-10-28T07:09:28","slug":"vaza-skerje-mert-nagypapa-h-19x23x10-cm-piros","status":"publish","type":"product","link":"https:\/\/www.miravila.com\/hu\/termek\/vaza-skerje-mert-nagypapa-h-19x23x10-cm-piros\/","title":{"rendered":"V\u00e1za-skerje, mert. Nagypapa H-19x23x10 cm piros"},"content":{"rendered":"<p>\u00daj\u00e9vi v\u00e1za kar\u00e1csonyi csomagtart\u00e1s form\u00e1j\u00e1ban.<\/p>\n<hr>\n<p> <\/p>\n<h5> anyag: <\/h5>\n<p> ker\u00e1mia<br \/>\n <\/p>\n<h5> dimenzi\u00f3: <\/h5>\n<p> 23cm<\/p>\n","protected":false},"excerpt":{"rendered":"<p>Ez a gy\u00f6ny\u00f6r\u0171 csomagtart\u00f3 -alak\u00fa v\u00e1za a t\u00f6k\u00e9letes kar\u00e1csonyi dekor\u00e1ci\u00f3. Ker\u00e1mi\u00e1b\u00f3l k\u00e9sz\u00fcl, \u00e9s a Mikul\u00e1s mot\u00edvuma van. 19x23x10 cm m\u00e9ret\u0171 \u00e9s piros sz\u00edn\u0171. A t\u00f6k\u00e9letes kieg\u00e9sz\u00edt\u0151 az \u00fcnnepi l\u00e9gk\u00f6rhez!<\/p>\n","protected":false},"featured_media":25397,"comment_status":"closed","ping_status":"open","template":"","meta":[],"product_brand":[],"product_cat":[2034,3678],"product_tag":[],"class_list":{"0":"post-27141","1":"product","2":"type-product","3":"status-publish","4":"has-post-thumbnail","6":"product_cat-karacsony","7":"product_cat-ujevi-diszek","8":"pa_barva-piros","9":"pa_material-keramia","10":"pa_visina-23-hu","12":"first","13":"instock","14":"taxable","15":"shipping-taxable","16":"purchasable","17":"product-type-simple"},"_links":{"self":[{"href":"https:\/\/www.miravila.com\/hu\/wp-json\/wp\/v2\/product\/27141","targetHints":{"allow":["GET"]}}],"collection":[{"href":"https:\/\/www.miravila.com\/hu\/wp-json\/wp\/v2\/product"}],"about":[{"href":"https:\/\/www.miravila.com\/hu\/wp-json\/wp\/v2\/types\/product"}],"replies":[{"embeddable":true,"href":"https:\/\/www.miravila.com\/hu\/wp-json\/wp\/v2\/comments?post=27141"}],"wp:featuredmedia":[{"embeddable":true,"href":"https:\/\/www.miravila.com\/hu\/wp-json\/wp\/v2\/media\/25397"}],"wp:attachment":[{"href":"https:\/\/www.miravila.com\/hu\/wp-json\/wp\/v2\/media?parent=27141"}],"wp:term":[{"taxonomy":"product_brand","embeddable":true,"href":"https:\/\/www.miravila.com\/hu\/wp-json\/wp\/v2\/product_brand?post=27141"},{"taxonomy":"product_cat","embeddable":true,"href":"https:\/\/www.miravila.com\/hu\/wp-json\/wp\/v2\/product_cat?post=27141"},{"taxonomy":"product_tag","embeddable":true,"href":"https:\/\/www.miravila.com\/hu\/wp-json\/wp\/v2\/product_tag?post=27141"}],"curies":[{"name":"wp","href":"https:\/\/api.w.org\/{rel}","templated":true}]}}