{"id":23146,"date":"2023-04-06T08:09:16","date_gmt":"2023-09-07T08:21:06","guid":{"rendered":"https:\/\/www.miravila.com\/?post_type=product&#038;p=23146"},"modified":"2025-05-20T16:48:07","modified_gmt":"2025-05-20T14:48:07","slug":"zold-fal-schefflera","status":"publish","type":"product","link":"https:\/\/www.miravila.com\/hu\/zold-fal-schefflera\/","title":{"rendered":"Z\u00f6ld fal SCHEFFLERA"},"content":{"rendered":"<div class=\"row\"  id=\"row-691859772\">\n\n\n\t<div id=\"col-298023004\" class=\"col medium-6 small-12 large-6\"  >\n\t\t\t\t<div class=\"col-inner\"  >\n\t\t\t\n\t\t\t\n\n\n  <div class=\"banner has-hover\" id=\"banner-180016286\">\n          <div class=\"banner-inner fill\">\n        <div class=\"banner-bg fill\" >\n            <img loading=\"lazy\" decoding=\"async\" width=\"800\" height=\"600\" src=\"https:\/\/www.miravila.com\/wp-content\/uploads\/2023\/09\/zelena-stena-v-podjetju.jpg\" class=\"bg attachment-original size-original\" alt=\"z\u00f6ld-fal-a-c\u00e9g\" title=\"\">                                    \n                    <\/div>\n\t\t\n        <div class=\"banner-layers container\">\n            <div class=\"fill banner-link\"><\/div>            \n\n\n        <\/div>\n      <\/div>\n\n            \n<style>\n#banner-180016286 {\n  padding-top: 300px;\n  background-color: rgba(255, 255, 255, 0);\n}\n#banner-180016286 .banner-bg img {\n  object-position: 77% 46%;\n}\n@media (min-width:550px) {\n  #banner-180016286 {\n    padding-top: 720px;\n  }\n}\n<\/style>\n  <\/div>\n\n\n\n\t\t<\/div>\n\t\t\t\t\t<\/div>\n\n\t\n\n\t<div id=\"col-970511567\" class=\"col medium-6 small-12 large-6\"  >\n\t\t\t\t<div class=\"col-inner text-center\"  >\n\t\t\t\n\t\t\t\n\n<p>Ez az innovat\u00edv megold\u00e1s frissess\u00e9get hoz a term\u00e9szetb\u0151l a helyis\u00e9gedbe, a n\u00f6v\u00e9nyek rendszeres gondoz\u00e1sa \u00e9s figyelme n\u00e9lk\u00fcl.<\/p>\n<p>Legyen sz\u00f3 bels\u0151 pihen\u0151o\u00e1zisr\u00f3l vagy k\u00fcls\u0151 teraszr\u00f3l a saj\u00e1tos eleganci\u00e1val, ez a term\u00e9k biztosan vonzza majd a figyelmet \u00e9s felejthetetlen benyom\u00e1st hagy.<br \/>\n\u00c9l\u00e9nk\u00edtse fel bels\u0151 vagy k\u00fcls\u0151 tereit, \u00e9s teremtsen kellemes hangulatot.<\/p>\n<p>Legyen sz\u00f3 teraszon, erk\u00e9lyen vagy nappaliban t\u00f6rt\u00e9n\u0151 elhelyez\u00e9sr\u0151l, z\u00f6ld term\u00e9szetess\u00e9get fog hozz\u00e1adni.<\/p>\n<p>A rendszeres \u00f6nt\u00f6z\u00e9st \u00e9s metsz\u00e9st is elfelejtheti, mivel az m\u0171z\u00f6ld fal gondoskodik mindezekr\u0151l a gondokr\u00f3l.<\/p>\n<p>UV-sugaraknak \u00e9s k\u00fcl\u00f6nb\u00f6z\u0151 id\u0151j\u00e1r\u00e1si viszonyoknak ellen\u00e1ll, ami azt jelenti, hogy vonz\u00f3 \u00e9s hib\u00e1tlan marad az \u00e9v minden szakasz\u00e1ban.<\/p>\n\t<div class=\"img has-hover x md-x lg-x y md-y lg-y\" id=\"image_1150435905\">\n\t\t\t\t\t\t\t\t<div class=\"img-inner dark\" >\n\t\t\t<img loading=\"lazy\" decoding=\"async\" width=\"440\" height=\"287\" src=\"https:\/\/www.miravila.com\/wp-content\/uploads\/2023\/09\/promak-website-HU-1.png\" class=\"attachment-original size-original\" alt=\"\" srcset=\"https:\/\/www.miravila.com\/wp-content\/uploads\/2023\/09\/promak-website-HU-1.png 440w, https:\/\/www.miravila.com\/wp-content\/uploads\/2023\/09\/promak-website-HU-1-350x228.png 350w\" sizes=\"auto, (max-width: 440px) 100vw, 440px\" title=\"\">\t\t\t\t\t\t\n\t\t\t\t\t<\/div>\n\t\t\t\t\t\t\t\t\n<style>\n#image_1150435905 {\n  width: 80%;\n}\n<\/style>\n\t<\/div>\n\t\n\n\n\t\t<\/div>\n\t\t\t\t\t<\/div>\n\n\t\n\n<\/div>\n\n\t<section class=\"section\" id=\"section_1910825762\">\n\t\t<div class=\"section-bg fill\" >\n\t\t\t\t\t\t\t\t\t\n\t\t\t\n\n\t\t<\/div>\n\n\t\t\n\n\t\t<div class=\"section-content relative\">\n\t\t\t\n\n<div class=\"row row-collapse\"  id=\"row-545246788\">\n\n\n\t<div id=\"col-1030356936\" class=\"col medium-12 small-12 large-6\"  >\n\t\t\t\t<div class=\"col-inner\"  >\n\t\t\t\n\t\t\t\n\n\t<div id=\"text-1335010340\" class=\"text zeleni-text\">\n\t\t\n\n<h2>K\u00d6NNY\u0170 TELEP\u00cdT\u00c9S<\/h2>\n\t\t\n<style>\n#text-1335010340 {\n  font-size: 1.3rem;\n  text-align: center;\n}\n<\/style>\n\t<\/div>\n\t\n\t<div id=\"text-2071187035\" class=\"text\">\n\t\t\n\n<p>A helyes telep\u00edt\u00e9s kulcsfontoss\u00e1g\u00fa az eszt\u00e9tikus megjelen\u00e9s \u00e9s a m\u0171z\u00f6ld fal el\u0151nyeinek meg\u0151rz\u00e9se szempontj\u00e1b\u00f3l<\/p>\n\t\t\n<style>\n#text-2071187035 {\n  text-align: center;\n}\n<\/style>\n\t<\/div>\n\t\n<div class=\"row row-collapse\"  id=\"row-650036190\">\n\n\n\t<div id=\"col-1129627344\" class=\"col small-12 large-12\"  >\n\t\t\t\t<div class=\"col-inner\"  >\n\t\t\t\n\t<div class=\"is-border\"\n\t\tstyle=\"border-color:rgb(177, 188, 163);border-width:3px 3px 3px 3px;\">\n\t<\/div>\n\t\t\t\n\n\t<div id=\"text-4196503154\" class=\"text zelene-stene-ol\">\n\t\t\n\n<ol>\r\n<li><span class=\"OYPEnA text-decoration-none text-strikethrough-none\">v\u00e1lassza ki a falat, amelyre a z\u00f6ld paneleket telep\u00edti<\/span><\/li>\r\n<li><span class=\"OYPEnA text-decoration-none text-strikethrough-none\">m\u00e9rje meg a fal sz\u00e9less\u00e9g\u00e9t \u00e9s magass\u00e1g\u00e1t<\/span><\/li>\r\n<li><span class=\"OYPEnA text-decoration-none text-strikethrough-none\">a click rendszer seg\u00edts\u00e9g\u00e9vel t\u00f6bb panelt \u00f6ssze kell szerelni a k\u00edv\u00e1nt m\u00e9ret el\u00e9r\u00e9s\u00e9hez, ha sz\u00fcks\u00e9ges, a marad\u00e9kot oll\u00f3val v\u00e1gja le<\/span><\/li>\r\n<li><span class=\"OYPEnA text-decoration-none text-strikethrough-none\">a panelek falhoz r\u00f6gz\u00edt\u00e9s\u00e9hez haszn\u00e1ljon csavarokat vagy sz\u00f6geket, az aljzat t\u00edpus\u00e1t\u00f3l f\u00fcgg\u0151en<\/span><\/li>\r\n<li><span class=\"OYPEnA text-decoration-none text-strikethrough-none\">a be\u00e9p\u00edtett csavarokra vagy sz\u00f6gekre akassza fel a z\u00f6ld falat<\/span><\/li>\r\n<li><span class=\"OYPEnA text-decoration-none text-strikethrough-none\">a jobb 3D hat\u00e1s \u00e9rdek\u00e9ben adjon hozz\u00e1 b\u00e1rmilyen mesters\u00e9ges n\u00f6v\u00e9nyt a z\u00f6ldfalhoz<\/span><\/li>\r\n<li><span class=\"OYPEnA text-decoration-none text-strikethrough-none\">\u00e9lvezze \u00faj o\u00e1zis\u00e1t<\/span><\/li>\r\n<\/ol>\n\t\t\t<\/div>\n\t\n\n\t\t<\/div>\n\t\t\t\t\n<style>\n#col-1129627344 > .col-inner {\n  padding: 20px 0px 20px 0px;\n  margin: 10px 0px 10px 0px;\n}\n@media (min-width:550px) {\n  #col-1129627344 > .col-inner {\n    padding: 20px 20px 10px 0px;\n  }\n}\n<\/style>\n\t<\/div>\n\n\t\n\n\n<style>\n#row-650036190 > .col > .col-inner {\n  background-color: rgb(255, 255, 255);\n}\n<\/style>\n<\/div>\n\n\t\t<\/div>\n\t\t\t\t\t<\/div>\n\n\t\n\n\t<div id=\"col-181323772\" class=\"col medium-12 small-12 large-6\"  >\n\t\t\t\t<div class=\"col-inner\"  >\n\t\t\t\n\t\t\t\n\n<div class=\"row\"  id=\"row-371515850\">\n\n\n\t<div id=\"col-197697816\" class=\"col medium-6 small-12 large-6\"  >\n\t\t\t\t<div class=\"col-inner\"  >\n\t\t\t\n\t\t\t\n\n\t<div class=\"img has-hover x md-x lg-x y md-y lg-y\" id=\"image_2079419780\">\n\t\t\t\t\t\t\t\t<div class=\"img-inner image-cover dark\" style=\"padding-top:100%;\">\n\t\t\t<img loading=\"lazy\" decoding=\"async\" width=\"600\" height=\"800\" src=\"https:\/\/www.miravila.com\/wp-content\/uploads\/2023\/09\/montaza-zelene-stene.jpg\" class=\"attachment-original size-original\" alt=\"mont\u00e1zs-z\u00f6ld-falak\" srcset=\"https:\/\/www.miravila.com\/wp-content\/uploads\/2023\/09\/montaza-zelene-stene.jpg 600w, https:\/\/www.miravila.com\/wp-content\/uploads\/2023\/09\/montaza-zelene-stene-300x400.jpg 300w, https:\/\/www.miravila.com\/wp-content\/uploads\/2023\/09\/montaza-zelene-stene-350x467.jpg 350w\" sizes=\"auto, (max-width: 600px) 100vw, 600px\" title=\"\">\t\t\t\t\t\t\n\t\t\t\t\t<\/div>\n\t\t\t\t\t\t\t\t\n<style>\n#image_2079419780 {\n  width: 100%;\n}\n<\/style>\n\t<\/div>\n\t\n\n\n\t\t<\/div>\n\t\t\t\t\t<\/div>\n\n\t\n\n\t<div id=\"col-2044966116\" class=\"col medium-6 small-12 large-6\"  >\n\t\t\t\t<div class=\"col-inner\"  >\n\t\t\t\n\t\t\t\n\n\t<div class=\"img has-hover x md-x lg-x y md-y lg-y\" id=\"image_1646469409\">\n\t\t\t\t\t\t\t\t<div class=\"img-inner image-cover dark\" style=\"padding-top:100%;\">\n\t\t\t<img loading=\"lazy\" decoding=\"async\" width=\"600\" height=\"800\" src=\"https:\/\/www.miravila.com\/wp-content\/uploads\/2023\/09\/montaza-zelene-stene-2.jpg\" class=\"attachment-original size-original\" alt=\"mont\u00e1zs-z\u00f6ld-falak-2\" srcset=\"https:\/\/www.miravila.com\/wp-content\/uploads\/2023\/09\/montaza-zelene-stene-2.jpg 600w, https:\/\/www.miravila.com\/wp-content\/uploads\/2023\/09\/montaza-zelene-stene-2-300x400.jpg 300w, https:\/\/www.miravila.com\/wp-content\/uploads\/2023\/09\/montaza-zelene-stene-2-350x467.jpg 350w\" sizes=\"auto, (max-width: 600px) 100vw, 600px\" title=\"\">\t\t\t\t\t\t\n\t\t\t\t\t<\/div>\n\t\t\t\t\t\t\t\t\n<style>\n#image_1646469409 {\n  width: 100%;\n}\n<\/style>\n\t<\/div>\n\t\n\n\n\t\t<\/div>\n\t\t\t\t\t<\/div>\n\n\t\n\n\t<div id=\"col-1628821900\" class=\"col small-12 large-12\"  >\n\t\t\t\t<div class=\"col-inner\"  >\n\t\t\t\n\t\t\t\n\n<div class=\"video video-fit mb\" style=\"padding-top:56.25%;\"><p><iframe loading=\"lazy\" title=\"Zelene stene Promak\" width=\"1020\" height=\"574\" src=\"https:\/\/www.youtube.com\/embed\/PhhbKt2K_WA?feature=oembed\" frameborder=\"0\" allow=\"accelerometer; autoplay; clipboard-write; encrypted-media; gyroscope; picture-in-picture; web-share\" referrerpolicy=\"strict-origin-when-cross-origin\" allowfullscreen><\/iframe><\/p>\n<\/div>\n\n\n\t\t<\/div>\n\t\t\t\t\t<\/div>\n\n\t\n\n<\/div>\n\n\t\t<\/div>\n\t\t\t\t\t<\/div>\n\n\t\n\n\n<style>\n#row-545246788 > .col > .col-inner {\n  padding: 20px 10px 0px 10px;\n}\n@media (min-width:550px) {\n  #row-545246788 > .col > .col-inner {\n    padding: 20px 30px 0px 30px;\n  }\n}\n<\/style>\n<\/div>\n\n\t\t<\/div>\n\n\t\t\n<style>\n#section_1910825762 {\n  padding-top: 0px;\n  padding-bottom: 0px;\n  background-color: rgb(238, 239, 238);\n}\n@media (min-width:550px) {\n  #section_1910825762 {\n    padding-top: 0px;\n    padding-bottom: 0px;\n  }\n}\n<\/style>\n\t<\/section>\n\t\n<div class=\"row align-middle\"  id=\"row-1272329352\">\n\n\n\t<div id=\"col-2038925308\" class=\"col medium-7 small-12 large-7\"  >\n\t\t\t\t<div class=\"col-inner\"  >\n\t\t\t\n\t\t\t\n\n\t<div id=\"text-4118099733\" class=\"text zeleni-text\">\n\t\t\n\n<h2>Gyakori k\u00e9rd\u00e9sek<\/h2>\n\t\t\n<style>\n#text-4118099733 {\n  text-align: left;\n}\n<\/style>\n\t<\/div>\n\t\n<div class=\"accordion zelene-stene-faq\">\n\n\t<div id=\"accordion-2118596237\" class=\"accordion-item\">\n\t\t<a id=\"accordion-2118596237-label\" class=\"accordion-title plain\" href=\"#accordion-item-lehet-n\u00e1lunk-v\u00e1s\u00e1rolni-csavarokat-\u00e9s-szegeket-a-telep\u00edt\u00e9shez?\" aria-expanded=\"false\" aria-controls=\"accordion-2118596237-content\">\n\t\t\t<button class=\"toggle\" aria-label=\"Toggle\"><i class=\"icon-angle-down\" aria-hidden=\"true\"><\/i><\/button>\n\t\t\t<span>Lehet n\u00e1lunk v\u00e1s\u00e1rolni csavarokat \u00e9s szegeket a telep\u00edt\u00e9shez?<\/span>\n\t\t<\/a>\n\t\t<div id=\"accordion-2118596237-content\" class=\"accordion-inner\" aria-labelledby=\"accordion-2118596237-label\">\n\t\t\t\n\n<p>Nem, ezeket az anyagokat \u00e9s eszk\u00f6z\u00f6ket a h\u00e1z- \u00e9s \u00e9p\u00edt\u0151anyag szak\u00fczletekben lehet beszerezni.<\/p>\n\n\t\t<\/div>\n\t<\/div>\n\t\n\t<div id=\"accordion-311718845\" class=\"accordion-item\">\n\t\t<a id=\"accordion-311718845-label\" class=\"accordion-title plain\" href=\"#accordion-item-hov\u00e1-lehet-telep\u00edteni-egy-m\u0171z\u00f6ld-falat?\" aria-expanded=\"false\" aria-controls=\"accordion-311718845-content\">\n\t\t\t<button class=\"toggle\" aria-label=\"Toggle\"><i class=\"icon-angle-down\" aria-hidden=\"true\"><\/i><\/button>\n\t\t\t<span>Hov\u00e1 lehet telep\u00edteni egy m\u0171z\u00f6ld falat?<\/span>\n\t\t<\/a>\n\t\t<div id=\"accordion-311718845-content\" class=\"accordion-inner\" aria-labelledby=\"accordion-311718845-label\">\n\t\t\t\n\n<p>Szinte b\u00e1rhov\u00e1 telep\u00edtheti. Csak egy stabil fel\u00fcletre van sz\u00fcks\u00e9g, ahol szegekkel vagy csavarokkal r\u00f6gz\u00edtheti.<\/p>\n\n\t\t<\/div>\n\t<\/div>\n\t\n\t<div id=\"accordion-616511845\" class=\"accordion-item\">\n\t\t<a id=\"accordion-616511845-label\" class=\"accordion-title plain\" href=\"#accordion-item-mennyit-nyom-egy-m\u0171z\u00f6ld-fal?\" aria-expanded=\"false\" aria-controls=\"accordion-616511845-content\">\n\t\t\t<button class=\"toggle\" aria-label=\"Toggle\"><i class=\"icon-angle-down\" aria-hidden=\"true\"><\/i><\/button>\n\t\t\t<span>Mennyit nyom egy m\u0171z\u00f6ld fal?<\/span>\n\t\t<\/a>\n\t\t<div id=\"accordion-616511845-content\" class=\"accordion-inner\" aria-labelledby=\"accordion-616511845-label\">\n\t\t\t\n\n<p>Egy \u00e1tlagos 50x50 cm-es panel kb. 0,8 kg, m\u00edg egy 100x100 cm-es panel kb. 3,2 kg.<\/p>\n\n\t\t<\/div>\n\t<\/div>\n\t\n\t<div id=\"accordion-1885663261\" class=\"accordion-item\">\n\t\t<a id=\"accordion-1885663261-label\" class=\"accordion-title plain\" href=\"#accordion-item-az-m\u0171z\u00f6ld-falak-uv-v\u00e9delmet-kapnak?\" aria-expanded=\"false\" aria-controls=\"accordion-1885663261-content\">\n\t\t\t<button class=\"toggle\" aria-label=\"Toggle\"><i class=\"icon-angle-down\" aria-hidden=\"true\"><\/i><\/button>\n\t\t\t<span>Az m\u0171z\u00f6ld falak UV-v\u00e9delmet kapnak?<\/span>\n\t\t<\/a>\n\t\t<div id=\"accordion-1885663261-content\" class=\"accordion-inner\" aria-labelledby=\"accordion-1885663261-label\">\n\t\t\t\n\n<p>Igen, minden m\u0171z\u00f6ld falunk UV-sug\u00e1rz\u00e1snak ellen\u00e1ll\u00f3, \u00edgy k\u00fclt\u00e9ren is alkalmasak erk\u00e9lyeken, teraszokon \u00e9s udvarokon val\u00f3 elhelyez\u00e9sre.<\/p>\n\n\t\t<\/div>\n\t<\/div>\n\t\n\t<div id=\"accordion-1294884264\" class=\"accordion-item\">\n\t\t<a id=\"accordion-1294884264-label\" class=\"accordion-title plain\" href=\"#accordion-item-hogyan-kell-karbantartani-\u00e9s-tiszt\u00edtani-az-m\u0171z\u00f6ld-falat?\" aria-expanded=\"false\" aria-controls=\"accordion-1294884264-content\">\n\t\t\t<button class=\"toggle\" aria-label=\"Toggle\"><i class=\"icon-angle-down\" aria-hidden=\"true\"><\/i><\/button>\n\t\t\t<span>Hogyan kell karbantartani \u00e9s tiszt\u00edtani az m\u0171z\u00f6ld falat?<\/span>\n\t\t<\/a>\n\t\t<div id=\"accordion-1294884264-content\" class=\"accordion-inner\" aria-labelledby=\"accordion-1294884264-label\">\n\t\t\t\n\n<p>Az m\u0171z\u00f6ld falak nem ig\u00e9nyelnek k\u00fcl\u00f6n\u00f6sebb karbantart\u00e1st, gondoz\u00e1st vagy \u00f6nt\u00f6z\u00e9st. Az belt\u00e9ri m\u0171z\u00f6ld falat id\u0151r\u0151l id\u0151re egy porsz\u00edv\u00f3val lehet tiszt\u00edtani, az k\u00fclt\u00e9ri m\u0171z\u00f6ld falat pedig locsolhatja egy kerti t\u00f6ml\u0151vel.<\/p>\n\n\t\t<\/div>\n\t<\/div>\n\t\n\n<\/div>\n\n\t\t<\/div>\n\t\t\t\t\n<style>\n#col-2038925308 > .col-inner {\n  padding: 30px 10px 10px 10px;\n}\n<\/style>\n\t<\/div>\n\n\t\n\n\t<div id=\"col-479251068\" class=\"col medium-5 small-12 large-5\"  >\n\t\t\t\t<div class=\"col-inner\"  >\n\t\t\t\n\t\t\t\n\n\t<div class=\"img has-hover x md-x lg-x y md-y lg-y\" id=\"image_320658484\">\n\t\t\t\t\t\t\t\t<div class=\"img-inner dark\" >\n\t\t\t<img loading=\"lazy\" decoding=\"async\" width=\"1200\" height=\"1200\" src=\"https:\/\/www.miravila.com\/wp-content\/uploads\/2023\/09\/zelene-stene-1.jpg\" class=\"attachment-original size-original\" alt=\"z\u00f6ldfalak-1\" srcset=\"https:\/\/www.miravila.com\/wp-content\/uploads\/2023\/09\/zelene-stene-1.jpg 1200w, https:\/\/www.miravila.com\/wp-content\/uploads\/2023\/09\/zelene-stene-1-400x400.jpg 400w, https:\/\/www.miravila.com\/wp-content\/uploads\/2023\/09\/zelene-stene-1-800x800.jpg 800w, https:\/\/www.miravila.com\/wp-content\/uploads\/2023\/09\/zelene-stene-1-280x280.jpg 280w, https:\/\/www.miravila.com\/wp-content\/uploads\/2023\/09\/zelene-stene-1-768x768.jpg 768w, https:\/\/www.miravila.com\/wp-content\/uploads\/2023\/09\/zelene-stene-1-350x350.jpg 350w, https:\/\/www.miravila.com\/wp-content\/uploads\/2023\/09\/zelene-stene-1-600x600.jpg 600w, https:\/\/www.miravila.com\/wp-content\/uploads\/2023\/09\/zelene-stene-1-100x100.jpg 100w, https:\/\/www.miravila.com\/wp-content\/uploads\/2023\/09\/zelene-stene-1-32x32.jpg 32w\" sizes=\"auto, (max-width: 1200px) 100vw, 1200px\" title=\"\">\t\t\t\t\t\t\n\t\t\t\t\t<\/div>\n\t\t\t\t\t\t\t\t\n<style>\n#image_320658484 {\n  width: 100%;\n}\n<\/style>\n\t<\/div>\n\t\n\n\n\t\t<\/div>\n\t\t\t\t\n<style>\n#col-479251068 > .col-inner {\n  padding: 30px 10px 10px 10px;\n}\n<\/style>\n\t<\/div>\n\n\t\n\n<\/div>\n<div class=\"row align-equal\"  id=\"row-353053778\">\n\n\n\t<div id=\"col-873704903\" class=\"col small-12 large-12\"  >\n\t\t\t\t<div class=\"col-inner\"  >\n\t\t\t\n\t\t\t\n\n\t<div id=\"text-1310402562\" class=\"text zeleni-text\">\n\t\t\n\n<h2 style=\"display:inline;\">V\u00e9lem\u00e9nyek<\/h2>\r\n<p style=\"display:inline; margin-left: 10px;\">\u00d6sszes pont:<img decoding=\"async\" src=\"https:\/\/www.miravila.com\/wp-content\/uploads\/2023\/09\/t.webp\" style=\"width: 75px; margin-left: 10px; \" alt=\"\" title=\"\"><\/> <span style=\"margin-left: 5px;\">4,5<\/p>\n\t\t\n<style>\n#text-1310402562 {\n  text-align: left;\n}\n<\/style>\n\t<\/div>\n\t\n\n\t\t<\/div>\n\t\t\t\t\t<\/div>\n\n\t\n\n\t<div id=\"col-814308910\" class=\"col medium-3 small-12 large-3\"  >\n\t\t\t\t<div class=\"col-inner\"  >\n\t\t\t\n\t<div class=\"is-border\"\n\t\tstyle=\"border-color:rgb(220, 220, 220);border-width:3px 3px 3px 3px;\">\n\t<\/div>\n\t\t\t\n\n<div class=\"row row-collapse\"  id=\"row-158091573\">\n\n\n\t<div id=\"col-961862265\" class=\"col medium-6 small-6 large-6\"  >\n\t\t\t\t<div class=\"col-inner\"  >\n\t\t\t\n\t\t\t\n\n<h4>Lara Z.<\/h4>\n\n\t\t<\/div>\n\t\t\t\t\t<\/div>\n\n\t\n\n\t<div id=\"col-360665915\" class=\"col medium-6 small-6 large-6\"  >\n\t\t\t\t<div class=\"col-inner text-right\"  >\n\t\t\t\n\t\t\t\n\n\t<div class=\"img has-hover x md-x lg-x y md-y lg-y\" id=\"image_1599317994\">\n\t\t\t\t\t\t\t\t<div class=\"img-inner dark\" >\n\t\t\t<img loading=\"lazy\" decoding=\"async\" width=\"200\" height=\"32\" src=\"https:\/\/www.miravila.com\/wp-content\/uploads\/2023\/09\/t.png.webp\" class=\"attachment-large size-large\" alt=\"\" title=\"\">\t\t\t\t\t\t\n\t\t\t\t\t<\/div>\n\t\t\t\t\t\t\t\t\n<style>\n#image_1599317994 {\n  width: 75%;\n}\n<\/style>\n\t<\/div>\n\t\n\n\n\t\t<\/div>\n\t\t\t\t\t<\/div>\n\n\t\n\n\t<div id=\"col-1935550799\" class=\"col small-12 large-12\"  >\n\t\t\t\t<div class=\"col-inner\"  >\n\t\t\t\n\t<div class=\"is-border\"\n\t\tstyle=\"border-color:rgb(220, 220, 220);border-width:3px 0px 0px 0px;\">\n\t<\/div>\n\t\t\t\n\n\t<div id=\"text-50864563\" class=\"text\">\n\t\t\n\n<p>Leny\u0171g\u00f6z\u00f6tt a mesters\u00e9ges z\u00f6ld fal term\u00e9szetes megjelen\u00e9se. Karbantart\u00e1si gondok n\u00e9lk\u00fcl egy kis term\u00e9szetet adott a bels\u0151mnek.<br \/>\r\nAj\u00e1nlom!<\/p>\n\t\t\n<style>\n#text-50864563 {\n  text-align: center;\n}\n<\/style>\n\t<\/div>\n\t\n\n\t\t<\/div>\n\t\t\t\t\n<style>\n#col-1935550799 > .col-inner {\n  padding: 10px 0px 0px 0px;\n}\n<\/style>\n\t<\/div>\n\n\t\n\n<\/div>\n\n\t\t<\/div>\n\t\t\t\t\n<style>\n#col-814308910 > .col-inner {\n  padding: 15px 15px 15px 15px;\n}\n<\/style>\n\t<\/div>\n\n\t\n\n\t<div id=\"col-959614740\" class=\"col medium-3 small-12 large-3\"  >\n\t\t\t\t<div class=\"col-inner\"  >\n\t\t\t\n\t<div class=\"is-border\"\n\t\tstyle=\"border-color:rgb(220, 220, 220);border-width:3px 3px 3px 3px;\">\n\t<\/div>\n\t\t\t\n\n<div class=\"row row-collapse\"  id=\"row-1189355323\">\n\n\n\t<div id=\"col-1152086402\" class=\"col medium-6 small-6 large-6\"  >\n\t\t\t\t<div class=\"col-inner\"  >\n\t\t\t\n\t\t\t\n\n<h4>Uro\u0161 K.<\/h4>\n\n\t\t<\/div>\n\t\t\t\t\t<\/div>\n\n\t\n\n\t<div id=\"col-638402134\" class=\"col medium-6 small-6 large-6\"  >\n\t\t\t\t<div class=\"col-inner text-right\"  >\n\t\t\t\n\t\t\t\n\n\t<div class=\"img has-hover x md-x lg-x y md-y lg-y\" id=\"image_36157091\">\n\t\t\t\t\t\t\t\t<div class=\"img-inner dark\" >\n\t\t\t<img loading=\"lazy\" decoding=\"async\" width=\"200\" height=\"34\" src=\"https:\/\/www.miravila.com\/wp-content\/uploads\/2023\/09\/t.webp\" class=\"attachment-large size-large\" alt=\"\" title=\"\">\t\t\t\t\t\t\n\t\t\t\t\t<\/div>\n\t\t\t\t\t\t\t\t\n<style>\n#image_36157091 {\n  width: 75%;\n}\n<\/style>\n\t<\/div>\n\t\n\n\n\t\t<\/div>\n\t\t\t\t\t<\/div>\n\n\t\n\n\t<div id=\"col-974027440\" class=\"col small-12 large-12\"  >\n\t\t\t\t<div class=\"col-inner\"  >\n\t\t\t\n\t<div class=\"is-border\"\n\t\tstyle=\"border-color:rgb(220, 220, 220);border-width:3px 0px 0px 0px;\">\n\t<\/div>\n\t\t\t\n\n\t<div id=\"text-1447445167\" class=\"text\">\n\t\t\n\n<p>El\u0151sz\u00f6r szkeptikus voltam, de a v\u00e1s\u00e1rolt mesters\u00e9ges z\u00f6ldfal min\u0151s\u00e9ge fel\u00fclm\u00falta az elv\u00e1r\u00e1saimat. Text\u00far\u00e1k \u00e9s sz\u00ednek<br \/>\r\nhihetetlen\u00fcl re\u00e1lisak.<\/p>\n\t\t\n<style>\n#text-1447445167 {\n  text-align: center;\n}\n<\/style>\n\t<\/div>\n\t\n\n\t\t<\/div>\n\t\t\t\t\n<style>\n#col-974027440 > .col-inner {\n  padding: 10px 0px 0px 0px;\n}\n<\/style>\n\t<\/div>\n\n\t\n\n<\/div>\n\n\t\t<\/div>\n\t\t\t\t\n<style>\n#col-959614740 > .col-inner {\n  padding: 15px 15px 15px 15px;\n}\n<\/style>\n\t<\/div>\n\n\t\n\n\t<div id=\"col-555542215\" class=\"col medium-3 small-12 large-3\"  >\n\t\t\t\t<div class=\"col-inner\"  >\n\t\t\t\n\t<div class=\"is-border\"\n\t\tstyle=\"border-color:rgb(220, 220, 220);border-width:3px 3px 3px 3px;\">\n\t<\/div>\n\t\t\t\n\n<div class=\"row row-collapse\"  id=\"row-984724740\">\n\n\n\t<div id=\"col-346452925\" class=\"col medium-6 small-6 large-6\"  >\n\t\t\t\t<div class=\"col-inner\"  >\n\t\t\t\n\t\t\t\n\n<h4>Ma\u0161a B.<\/h4>\n\n\t\t<\/div>\n\t\t\t\t\t<\/div>\n\n\t\n\n\t<div id=\"col-1558764257\" class=\"col medium-6 small-6 large-6\"  >\n\t\t\t\t<div class=\"col-inner text-right\"  >\n\t\t\t\n\t\t\t\n\n\t<div class=\"img has-hover x md-x lg-x y md-y lg-y\" id=\"image_1813253426\">\n\t\t\t\t\t\t\t\t<div class=\"img-inner dark\" >\n\t\t\t<img loading=\"lazy\" decoding=\"async\" width=\"200\" height=\"32\" src=\"https:\/\/www.miravila.com\/wp-content\/uploads\/2023\/09\/t.png.webp\" class=\"attachment-large size-large\" alt=\"\" title=\"\">\t\t\t\t\t\t\n\t\t\t\t\t<\/div>\n\t\t\t\t\t\t\t\t\n<style>\n#image_1813253426 {\n  width: 75%;\n}\n<\/style>\n\t<\/div>\n\t\n\n\n\t\t<\/div>\n\t\t\t\t\t<\/div>\n\n\t\n\n\t<div id=\"col-275403761\" class=\"col small-12 large-12\"  >\n\t\t\t\t<div class=\"col-inner\"  >\n\t\t\t\n\t<div class=\"is-border\"\n\t\tstyle=\"border-color:rgb(220, 220, 220);border-width:3px 0px 0px 0px;\">\n\t<\/div>\n\t\t\t\n\n\t<div id=\"text-1056418344\" class=\"text\">\n\t\t\n\n<p>Kiv\u00e1l\u00f3 min\u0151s\u00e9g m\u00e1s z\u00f6ldfalakhoz k\u00e9pest, elfogadhat\u00f3 \u00e1ron.<\/p>\r\n<p>Aj\u00e1nlom a v\u00e1s\u00e1rl\u00e1st.<\/p>\n\t\t\n<style>\n#text-1056418344 {\n  text-align: center;\n}\n<\/style>\n\t<\/div>\n\t\n\n\t\t<\/div>\n\t\t\t\t\n<style>\n#col-275403761 > .col-inner {\n  padding: 10px 0px 0px 0px;\n}\n<\/style>\n\t<\/div>\n\n\t\n\n<\/div>\n\n\t\t<\/div>\n\t\t\t\t\n<style>\n#col-555542215 > .col-inner {\n  padding: 15px 15px 15px 15px;\n}\n<\/style>\n\t<\/div>\n\n\t\n\n\t<div id=\"col-1565447607\" class=\"col medium-3 small-12 large-3\"  >\n\t\t\t\t<div class=\"col-inner\"  >\n\t\t\t\n\t<div class=\"is-border\"\n\t\tstyle=\"border-color:rgb(220, 220, 220);border-width:3px 3px 3px 3px;\">\n\t<\/div>\n\t\t\t\n\n<div class=\"row row-collapse\"  id=\"row-792788163\">\n\n\n\t<div id=\"col-226035674\" class=\"col medium-6 small-6 large-6\"  >\n\t\t\t\t<div class=\"col-inner\"  >\n\t\t\t\n\t\t\t\n\n<h4>Jasna \u017d.<\/h4>\n\n\t\t<\/div>\n\t\t\t\t\t<\/div>\n\n\t\n\n\t<div id=\"col-489658016\" class=\"col medium-6 small-6 large-6\"  >\n\t\t\t\t<div class=\"col-inner text-right\"  >\n\t\t\t\n\t\t\t\n\n\t<div class=\"img has-hover x md-x lg-x y md-y lg-y\" id=\"image_308703254\">\n\t\t\t\t\t\t\t\t<div class=\"img-inner dark\" >\n\t\t\t<img loading=\"lazy\" decoding=\"async\" width=\"200\" height=\"34\" src=\"https:\/\/www.miravila.com\/wp-content\/uploads\/2023\/09\/t-1.webp\" class=\"attachment-large size-large\" alt=\"\" title=\"\">\t\t\t\t\t\t\n\t\t\t\t\t<\/div>\n\t\t\t\t\t\t\t\t\n<style>\n#image_308703254 {\n  width: 75%;\n}\n<\/style>\n\t<\/div>\n\t\n\n\n\t\t<\/div>\n\t\t\t\t\t<\/div>\n\n\t\n\n\t<div id=\"col-292118388\" class=\"col small-12 large-12\"  >\n\t\t\t\t<div class=\"col-inner\"  >\n\t\t\t\n\t<div class=\"is-border\"\n\t\tstyle=\"border-color:rgb(220, 220, 220);border-width:3px 0px 0px 0px;\">\n\t<\/div>\n\t\t\t\n\n\t<div id=\"text-1176401561\" class=\"text\">\n\t\t\n\n<p>Nagyon el\u00e9gedett vagyok a v\u00e1s\u00e1rl\u00e1sommal, de nem tudtam, hogy mesters\u00e9ges n\u00f6v\u00e9nyeket lehet hozz\u00e1adni, hogy a fal teltebb legyen, \u00edgy azt is \u00fajra kellett rendelnem. De nagyon gyorsan meg\u00e9rkezett a csomag.<\/p>\n\t\t\n<style>\n#text-1176401561 {\n  text-align: center;\n}\n<\/style>\n\t<\/div>\n\t\n\n\t\t<\/div>\n\t\t\t\t\n<style>\n#col-292118388 > .col-inner {\n  padding: 10px 0px 0px 0px;\n}\n<\/style>\n\t<\/div>\n\n\t\n\n<\/div>\n\n\t\t<\/div>\n\t\t\t\t\n<style>\n#col-1565447607 > .col-inner {\n  padding: 15px 15px 15px 15px;\n}\n<\/style>\n\t<\/div>\n\n\t\n\n<\/div>\n\n\n<script>jQuery('.product_cat-zold-falak .product-gallery-slider').addClass('uv-badge uv-badge-product hu-badge');<\/script>\n\n","protected":false},"excerpt":{"rendered":"<p>Az UV-\u00e1ll\u00f3 SCHEFFLETA 50x50cm egy tart\u00f3s \u00e9s sokoldal\u00fa falpanel, belt\u00e9ri \u00e9s k\u00fclt\u00e9ri haszn\u00e1latra is alkalmas. UV-\u00e1ll\u00f3 anyagokb\u00f3l k\u00e9sz\u00fclt, k\u00f6nnyen felszerelhet\u0151, \u00e9s leny\u0171g\u00f6z\u0151 z\u00f6ld falat alkot.<\/p>\n<p>SKU: 23P057<\/p>\n","protected":false},"featured_media":22900,"comment_status":"closed","ping_status":"closed","template":"","meta":[],"product_brand":[],"product_cat":[3236],"product_tag":[],"class_list":{"0":"post-23146","1":"product","2":"type-product","3":"status-publish","4":"has-post-thumbnail","6":"product_cat-zold-falak","7":"pa_sirina-50-hu","8":"pa_velikost-50x50cm-hu","9":"pa_visina-50-hu","11":"first","12":"instock","13":"taxable","14":"shipping-taxable","15":"purchasable","16":"product-type-simple"},"_links":{"self":[{"href":"https:\/\/www.miravila.com\/hu\/wp-json\/wp\/v2\/product\/23146","targetHints":{"allow":["GET"]}}],"collection":[{"href":"https:\/\/www.miravila.com\/hu\/wp-json\/wp\/v2\/product"}],"about":[{"href":"https:\/\/www.miravila.com\/hu\/wp-json\/wp\/v2\/types\/product"}],"replies":[{"embeddable":true,"href":"https:\/\/www.miravila.com\/hu\/wp-json\/wp\/v2\/comments?post=23146"}],"wp:featuredmedia":[{"embeddable":true,"href":"https:\/\/www.miravila.com\/hu\/wp-json\/wp\/v2\/media\/22900"}],"wp:attachment":[{"href":"https:\/\/www.miravila.com\/hu\/wp-json\/wp\/v2\/media?parent=23146"}],"wp:term":[{"taxonomy":"product_brand","embeddable":true,"href":"https:\/\/www.miravila.com\/hu\/wp-json\/wp\/v2\/product_brand?post=23146"},{"taxonomy":"product_cat","embeddable":true,"href":"https:\/\/www.miravila.com\/hu\/wp-json\/wp\/v2\/product_cat?post=23146"},{"taxonomy":"product_tag","embeddable":true,"href":"https:\/\/www.miravila.com\/hu\/wp-json\/wp\/v2\/product_tag?post=23146"}],"curies":[{"name":"wp","href":"https:\/\/api.w.org\/{rel}","templated":true}]}}