{"id":9148,"date":"2020-03-26T13:21:32","date_gmt":"2020-03-26T12:21:32","guid":{"rendered":"https:\/\/www.miravila.com\/product\/torin-wicker\/"},"modified":"2026-02-12T02:13:27","modified_gmt":"2026-02-12T01:13:27","slug":"torin-wicker","status":"publish","type":"product","link":"https:\/\/www.miravila.com\/hr\/torin-wicker\/","title":{"rendered":"Torin Wicker"},"content":{"rendered":"<div class=\"row\"  id=\"row-182960706\">\n\n\t<div id=\"col-1231497809\" class=\"col medium-8 small-12 large-8\"  >\n\t\t\t\t<div class=\"col-inner\"  >\n\t\t\t\n\t\t\t\n<div class=\"accordion\">\n\t<div id=\"accordion-2852536639\" class=\"accordion-item\">\n\t\t<a id=\"accordion-2852536639-label\" class=\"accordion-title plain active\" href=\"#accordion-item-opis\" aria-expanded=\"true\" aria-controls=\"accordion-2852536639-content\">\n\t\t\t<button class=\"toggle\" aria-label=\"Toggle\"><i class=\"icon-angle-down\" aria-hidden=\"true\"><\/i><\/button>\n\t\t\t<span>OPIS<\/span>\n\t\t<\/a>\n\t\t<div id=\"accordion-2852536639-content\" class=\"accordion-inner\" style=\"display: block;\" aria-labelledby=\"accordion-2852536639-label\">\n\t\t\t\n<p>Jeste li ikada vidjeli teglu za cvije\u0107e ispletenu od pru\u0107a? Ukoliko niste, sada je pravo vrijeme za to! Ova \u017eardinjera je sa\u010dinjena od 100% prirodnog materijala. Mi brinemo o na\u0161em okoli\u0161u, a ubje\u0111eni smo da i Vi \u017eelite posti\u0107i isti cilj!<\/p>\n<p>Nikada nije bilo lak\u0161e pokazati drugima koliko volite i po\u0161tujete prirodu. Ova tegla za cvije\u0107e \u0107e u Va\u0161 dom unijeti svje\u017einu, ljepotu prirode, te plemenitost.<\/p>\n<p>Preporu\u010damo da ju dr\u017eite unutar Va\u0161eg doma zbog matrijala od kojih je sa\u010dinjena. \u017dardinjera je tako\u0111er idealan poklon za svakojake prilike. Visoka je i uska, valjkastog oblika.<\/p>\n<p>\u017delite li najzad po\u010dastiti sebe ne\u010dim prefinjenim?<\/p>\n\t\t<\/div>\n\t<\/div>\n\t\n\t<div id=\"accordion-3972994223\" class=\"accordion-item\">\n\t\t<a id=\"accordion-3972994223-label\" class=\"accordion-title plain\" href=\"#accordion-item-materijal\" aria-expanded=\"false\" aria-controls=\"accordion-3972994223-content\">\n\t\t\t<button class=\"toggle\" aria-label=\"Toggle\"><i class=\"icon-angle-down\" aria-hidden=\"true\"><\/i><\/button>\n\t\t\t<span>MATERIJAL<\/span>\n\t\t<\/a>\n\t\t<div id=\"accordion-3972994223-content\" class=\"accordion-inner\" aria-labelledby=\"accordion-3972994223-label\">\n\t\t\t\n<p>WICKER<\/p>\n<p>Tegle za cvije\u0107e napravljene od bambus plo\u010dica postaju sve popularnije \u0161irom svijeta. Izra\u0111uju se tako da se plo\u010dice bambusa lijepe na unutarnji kalup sa\u010dinjen od poliestera. Nakon toga, proces izrade jo\u0161 nije zavr\u0161en, jer je potrebno i prelakirati samu \u017eardinjeru. Preporu\u010dljivo je ovakve tegle za cvije\u0107e dr\u017eati u unutarnjim prostorijama jer ne trpe razne vremenske uvjete. <\/p>\n<p>Bambus je prirodni materijal koji je zainteresirao sve vi\u0161e ljudi. Idealno dekorira svaki prostor Va\u0161eg doma, te u njega unosi dozu prirodnosti.<\/p>\n<p>Ukoliko niste znali, bambus je jedina najbr\u017ee rastu\u0107a biljka na svijetu koja se obnjavlja. Koriste\u0107i ovakve sirovine za izradu raznih proizvoda, \u010dovjek ne \u0161teti prirodi. <\/p>\n<p>Sama sirovina je takvih osobina da uvijek pru\u017ea glatko\u0107u, sjaj, svje\u017einu, te izdr\u017eljivost i trajnost.<\/p>\n<p>Bambus je svestran prirodni resurs savr\u0161eno pogodan za raznorazne potrebe svjetskog tr\u017ei\u0161ta. <\/p>\n<p>Ukoliko \u017eelite misliti o na\u0161oj planeti Zemlji, a ujedno si priu\u0161titi idealnu dekoraciju za dom, ovo je Va\u0161 izbor!<\/p>\n\t\t<\/div>\n\t<\/div>\n\t\n\t<div id=\"accordion-2392970295\" class=\"accordion-item\">\n\t\t<a id=\"accordion-2392970295-label\" class=\"accordion-title plain\" href=\"#accordion-item-faq\" aria-expanded=\"false\" aria-controls=\"accordion-2392970295-content\">\n\t\t\t<button class=\"toggle\" aria-label=\"Toggle\"><i class=\"icon-angle-down\" aria-hidden=\"true\"><\/i><\/button>\n\t\t\t<span>FAQ<\/span>\n\t\t<\/a>\n\t\t<div id=\"accordion-2392970295-content\" class=\"accordion-inner\" aria-labelledby=\"accordion-2392970295-label\">\n\t\t\t\n<ol>\r\n<li><strong> Gdje mogu vidjeti tegle za cvije\u0107e i \u017eardinjere prije kupnje na sajtu<br \/><\/strong><span style=\"color: #555555;\">Miravila prodaje svoje produkte samo online. Ne mo\u017ee se vidjeti nigdje u \u017eivo.<\/span><\/li>\r\n<li><strong> Koliko traje isporuka?<br \/><\/strong><span style=\"color: #555555;\">Ako je produkt na skladi\u0161tu, obi\u010dno mu treba od 3 do 5 dana nakon primitka uplate.<\/span><\/li>\r\n<li><strong> Tko snosi tro\u0161kove isporuke?<br \/><\/strong><span style=\"color: #555555;\">Dostava je besplatna.<\/span><\/li>\r\n<li><strong> Mogu li vratiti proizvod?<br \/><\/strong><span style=\"color: #555555;\">Da, proizvode mo\u017eete vratiti u roku od 30 dana, prema op\u0107imu vjetima povratka. Tro\u0161ak povratne dostave nosite vi.<\/span><\/li>\r\n<li><strong> Je li moja kupovina sigurna?<br \/><\/strong><span style=\"color: #555555;\">Va\u0161a kupovina i kreditna kartica su u potpunosti sigurni.<\/span><\/li>\r\n<li><strong> Mogu li povratiti novac vra\u0107aju\u0107i proizvod?<br \/><\/strong><span style=\"color: #555555;\">Da, mo\u017eete, u skladu s op\u0107imu vjetima politike povratka.<\/span><\/li>\r\n<li><strong> Imaju li tegle za cvije\u0107e sustav za samolijevanje?<br \/><\/strong><span style=\"color: #555555;\">Ne.<\/span><\/li>\r\n<li><strong> Od kojeg materijala se izra\u0111uju posude?<br \/><\/strong><span style=\"color: #555555;\">Ve\u0107ina ih je izra\u0111ena od polistona ili stakloplastike, keramike ili drveta i drugih prirodnih materijala.<\/span><\/li>\r\n<li><strong> Koje su tegle najbolji za vanjsku upotrebu?<br \/><\/strong><span style=\"color: #555555;\">Predla\u017eemo sadnice od polistonskog ili stakloplastike.<\/span><\/li>\r\n<li><strong> Koje na\u010dine pla\u0107anja prihva\u0107ate?<br \/><\/strong><span style=\"color: #555555;\">Visa, mastercard, PAYPAL<\/span><\/li>\r\n<\/ol>\n\t\t<\/div>\n\t<\/div>\n\t\n\t<div id=\"accordion-2738257115\" class=\"accordion-item\">\n\t\t<a id=\"accordion-2738257115-label\" class=\"accordion-title plain\" href=\"#accordion-item-dostava\" aria-expanded=\"false\" aria-controls=\"accordion-2738257115-content\">\n\t\t\t<button class=\"toggle\" aria-label=\"Toggle\"><i class=\"icon-angle-down\" aria-hidden=\"true\"><\/i><\/button>\n\t\t\t<span>DOSTAVA<\/span>\n\t\t<\/a>\n\t\t<div id=\"accordion-2738257115-content\" class=\"accordion-inner\" aria-labelledby=\"accordion-2738257115-label\">\n\t\t\t\n<p>Dostava je besplatna za cijelu Republiku Hrvatsku bez obzira na znesak kupovine.<\/p>\r\n<p>Dostavit \u0107e vam firma Intime ili GLS do vrat. Unos u stan ili zgradbu nije u cijeni i ne mo\u017ee se doplatiti.<\/p>\r\n<p>Obi\u010dno je rok izporuke 2 do 3 dana ali pridr\u017eujemo si pravico, da mo\u017ee biti rok isporuke du\u017ei.<\/p>\r\n<p>Kad dobite po\u0161iljku morate jo prije podpisa kuriru otvoriti i pregledati, da nije po\u0161kodovana. Kasnej\u0161ih reklamacij ne upo\u0161tevamo.<\/p>\n\t\t<\/div>\n\t<\/div>\n\t\n<\/div>\n\t\t<\/div>\n\t\t\t\t\t<\/div>\n\n\t\n\n\t<div id=\"col-2079679769\" class=\"col medium-4 small-12 large-4\"  >\n\t\t\t\t<div class=\"col-inner\"  >\n\t\t\t\n\t\t\t <div class=\"row ikone\"  id=\"row-824919727\">\r\n\r\n\n\t<div id=\"col-1760804652\" class=\"col medium-6 small-6 large-6\"  >\n\t\t\t\t<div class=\"col-inner\"  >\n\t\t\t\n\t\t\t\r\n\r\n\n\t\t<div class=\"icon-box featured-box icon-box-left text-left is-small\"  >\n\t\t\t\t\t<div class=\"icon-box-img\" style=\"width: 60px\">\n\t\t\t\t<div class=\"icon\">\n\t\t\t\t\t<div class=\"icon-inner\" >\n\t\t\t\t\t\t<img loading=\"lazy\" decoding=\"async\" width=\"100\" height=\"100\" src=\"https:\/\/www.miravila.com\/wp-content\/uploads\/2020\/02\/lightweight-icon.png\" class=\"attachment-medium size-medium\" alt=\"lightweight-icon\" title=\"\">\t\t\t\t\t<\/div>\n\t\t\t\t<\/div>\n\t\t\t<\/div>\n\t\t\t\t<div class=\"icon-box-text last-reset\">\n\t\t\t\t\t\t<h6>LIGHTWEIGHT<\/h6>\t\t\t\r\n\t\t<\/div>\n\t<\/div>\n\t\n\t\r\n\r\n\n\t\t<div class=\"icon-box featured-box icon-box-left text-left is-small\"  >\n\t\t\t\t\t<div class=\"icon-box-img\" style=\"width: 60px\">\n\t\t\t\t<div class=\"icon\">\n\t\t\t\t\t<div class=\"icon-inner\" >\n\t\t\t\t\t\t<img loading=\"lazy\" decoding=\"async\" width=\"100\" height=\"100\" src=\"https:\/\/www.miravila.com\/wp-content\/uploads\/2020\/02\/easy-to-clean-icon.png\" class=\"attachment-medium size-medium\" alt=\"easy-to-clean-icon\" title=\"\">\t\t\t\t\t<\/div>\n\t\t\t\t<\/div>\n\t\t\t<\/div>\n\t\t\t\t<div class=\"icon-box-text last-reset\">\n\t\t\t\t\t\t<h6>EASY TO CLEAN<\/h6>\t\t\t\r\n\t\t<\/div>\n\t<\/div>\n\t\n\t\r\n\r\n\t\t<\/div>\n\t\t\t\t\t<\/div>\n\n\t\r\n\n\t<div id=\"col-867754089\" class=\"col medium-6 small-6 large-6\"  >\n\t\t\t\t<div class=\"col-inner\"  >\n\t\t\t\n\t\t\t\r\n\r\n\n\t\t<div class=\"icon-box featured-box icon-box-left text-left is-small\"  >\n\t\t\t\t\t<div class=\"icon-box-img\" style=\"width: 60px\">\n\t\t\t\t<div class=\"icon\">\n\t\t\t\t\t<div class=\"icon-inner\" >\n\t\t\t\t\t\t<img loading=\"lazy\" decoding=\"async\" width=\"100\" height=\"100\" src=\"https:\/\/www.miravila.com\/wp-content\/uploads\/2020\/02\/hand-made-icon.png\" class=\"attachment-medium size-medium\" alt=\"hand-made-icon\" title=\"\">\t\t\t\t\t<\/div>\n\t\t\t\t<\/div>\n\t\t\t<\/div>\n\t\t\t\t<div class=\"icon-box-text last-reset\">\n\t\t\t\t\t\t<h6>HAND MADE<\/h6>\t\t\t\r\n\t\t<\/div>\n\t<\/div>\n\t\n\t\r\n\r\n\t\t<\/div>\n\t\t\t\t\t<\/div>\n\n\t\r\n\r\n<\/div> \t\t<\/div>\n\t\t\t\t\t<\/div>\n\n\t\n<\/div>\n","protected":false},"excerpt":{"rendered":"","protected":false},"featured_media":1370,"comment_status":"closed","ping_status":"closed","template":"","meta":[],"product_brand":[],"product_cat":[519,520,513,514,192,194,517,518,35,68,127,129,511,512,61],"product_tag":[],"class_list":{"0":"post-9148","1":"product","2":"type-product","3":"status-publish","4":"has-post-thumbnail","6":"product_cat-bilje","7":"product_cat-bilje-2","8":"product_cat-cvetje","9":"product_cat-cvetje-2","10":"product_cat-drvene","11":"product_cat-drvene-tegle-za-cvijece","12":"product_cat-moderni","13":"product_cat-moderni-2","14":"product_cat-posude-za-cvijece","15":"product_cat-tegle-za-cvijece","16":"product_cat-unutarnje","17":"product_cat-unutarnje-tegle-za-cvijece","18":"product_cat-visoke","19":"product_cat-visoke-2","20":"product_cat-zardinjere","21":"pa_barva-bez","22":"pa_barva-drvo","23":"pa_barva-natur","24":"pa_barva-smeda","25":"pa_material-wicker","26":"pa_sirina-2509","27":"pa_sirina-2474","28":"pa_uporaba-unutarnja","29":"pa_velikost-49x49x100cm","30":"pa_velikost-57x57x120cm","31":"pa_visina-2455","32":"pa_visina-2493","34":"first","35":"instock","36":"sale","37":"taxable","38":"shipping-taxable","39":"purchasable","40":"product-type-variable","41":"has-default-attributes"},"_links":{"self":[{"href":"https:\/\/www.miravila.com\/hr\/wp-json\/wp\/v2\/product\/9148","targetHints":{"allow":["GET"]}}],"collection":[{"href":"https:\/\/www.miravila.com\/hr\/wp-json\/wp\/v2\/product"}],"about":[{"href":"https:\/\/www.miravila.com\/hr\/wp-json\/wp\/v2\/types\/product"}],"replies":[{"embeddable":true,"href":"https:\/\/www.miravila.com\/hr\/wp-json\/wp\/v2\/comments?post=9148"}],"wp:featuredmedia":[{"embeddable":true,"href":"https:\/\/www.miravila.com\/hr\/wp-json\/wp\/v2\/media\/1370"}],"wp:attachment":[{"href":"https:\/\/www.miravila.com\/hr\/wp-json\/wp\/v2\/media?parent=9148"}],"wp:term":[{"taxonomy":"product_brand","embeddable":true,"href":"https:\/\/www.miravila.com\/hr\/wp-json\/wp\/v2\/product_brand?post=9148"},{"taxonomy":"product_cat","embeddable":true,"href":"https:\/\/www.miravila.com\/hr\/wp-json\/wp\/v2\/product_cat?post=9148"},{"taxonomy":"product_tag","embeddable":true,"href":"https:\/\/www.miravila.com\/hr\/wp-json\/wp\/v2\/product_tag?post=9148"}],"curies":[{"name":"wp","href":"https:\/\/api.w.org\/{rel}","templated":true}]}}