{"id":9102,"date":"2020-03-26T13:21:20","date_gmt":"2020-03-26T12:21:20","guid":{"rendered":"https:\/\/www.miravila.com\/product\/partner-concrete\/"},"modified":"2026-04-12T21:26:00","modified_gmt":"2026-04-12T19:26:00","slug":"partner-concrete","status":"publish","type":"product","link":"https:\/\/www.miravila.com\/hr\/partner-concrete\/","title":{"rendered":"Partner Concrete"},"content":{"rendered":"<div class=\"row\"  id=\"row-2094595090\">\n\n\t<div id=\"col-1791568231\" class=\"col medium-8 small-12 large-8\"  >\n\t\t\t\t<div class=\"col-inner\"  >\n\t\t\t\n\t\t\t\n<div class=\"accordion\">\n\t<div id=\"accordion-3953324815\" class=\"accordion-item\">\n\t\t<a id=\"accordion-3953324815-label\" class=\"accordion-title plain active\" href=\"#accordion-item-opis\" aria-expanded=\"true\" aria-controls=\"accordion-3953324815-content\">\n\t\t\t<button class=\"toggle\" aria-label=\"Toggle\"><i class=\"icon-angle-down\" aria-hidden=\"true\"><\/i><\/button>\n\t\t\t<span>OPIS<\/span>\n\t\t<\/a>\n\t\t<div id=\"accordion-3953324815-content\" class=\"accordion-inner\" style=\"display: block;\" aria-labelledby=\"accordion-3953324815-label\">\n\t\t\t\n<p>\u017dardinjera sa\u010dinjena od mermeno sive boje dolazi od kombinacije stakla i plastike. Ovakva vrsta matrijala omogu\u0107ava trajnost i izdr\u017eljivost proizvoda.<\/p>\n<p>Tegla za cvije\u0107e je dovoljno visoka da &#8216;udomi&#8217; svaki buket cvije\u0107a koji Vam je poklonila draga osoba.<\/p>\n<p>U potrazi ste za \u017eardinjerom koja \u0107e upotpuniti Va\u0161 stol? Ni\u0161ta lak\u0161e! Ova tegla za cvije\u0107e je toliko univerzalna da se uklapa svugdje, a opet unosi dozu misti\u010dnosti i druk\u010dijeg stila u Va\u0161 voljeni dom.<\/p>\n<p>Siva boja se idealno kombinira uz ljubi\u010daste nijanse, ali i sve vrste minimalisti\u010dkih stilova.<\/p>\n<p>Iznenadite svoje poslovne kolege sa ovim idealnim poklonom i iska\u017eite svoje po\u0161tovanje na profinjen na\u010din.<\/p>\n\t\t<\/div>\n\t<\/div>\n\t\n\t<div id=\"accordion-3159432984\" class=\"accordion-item\">\n\t\t<a id=\"accordion-3159432984-label\" class=\"accordion-title plain\" href=\"#accordion-item-materijal\" aria-expanded=\"false\" aria-controls=\"accordion-3159432984-content\">\n\t\t\t<button class=\"toggle\" aria-label=\"Toggle\"><i class=\"icon-angle-down\" aria-hidden=\"true\"><\/i><\/button>\n\t\t\t<span>MATERIJAL<\/span>\n\t\t<\/a>\n\t\t<div id=\"accordion-3159432984-content\" class=\"accordion-inner\" aria-labelledby=\"accordion-3159432984-label\">\n\t\t\t\n<p>FIBERGLASS-STAKLO PLASTIKA<\/p>\n<p>Kombiniranje stakla i plastike donijelo je na tr\u017ei\u0161te jedan visoko tra\u017eeni te otporan materijal za izradu raznih sredstava, u ovom slu\u010daju tegli za cvije\u0107e i \u017eardinjera. Od poznatog i svijetski priznatog Fiberglassa izra\u0111uju se brodovi i \u010damci zbog njegove savr\u0161ene izdr\u017eljivosti i \u0161iroke primjene.<\/p>\n<p>Ovaj materijal je, bez obzira na svoju \u010dvrstinu i izdr\u017eljivost, zapravo veoma lagan. Upravo iz tog razloga, predmeti izra\u0111eni od Fiberglassa su lako prenosivi te glatki.<\/p>\n<p>Druga dobra osobina ovog matrijala je to da je otporan na sve vremenske uvjete i nepogode, bila to ki\u0161a, snijeg, vjetar, ili UV Sun\u010devi zraci.<\/p>\n<p>Kada govorimo o teglama za cvije\u0107e napravljenim od Fiberglassa, va\u017eno je ista\u0107i kako se zemlja u tegli na Suncu vani ne pregrijava.<\/p>\n<p>Iako dijelom sa\u010dinjen od plastike, ovaj materijal ne daje izgled plastike, ve\u0107 profinjenog kamena ili betona.<\/p>\n<p>Ukoliko je \u017eardinjera od Fiberglassa smje\u0161tena vani, na ki\u0161i, preporu\u010damo da se napravi otvor zbog drena\u017ee.<\/p>\n\t\t<\/div>\n\t<\/div>\n\t\n\t<div id=\"accordion-2803849238\" class=\"accordion-item\">\n\t\t<a id=\"accordion-2803849238-label\" class=\"accordion-title plain\" href=\"#accordion-item-faq\" aria-expanded=\"false\" aria-controls=\"accordion-2803849238-content\">\n\t\t\t<button class=\"toggle\" aria-label=\"Toggle\"><i class=\"icon-angle-down\" aria-hidden=\"true\"><\/i><\/button>\n\t\t\t<span>FAQ<\/span>\n\t\t<\/a>\n\t\t<div id=\"accordion-2803849238-content\" class=\"accordion-inner\" aria-labelledby=\"accordion-2803849238-label\">\n\t\t\t\n<ol>\r\n<li><strong> Gdje mogu vidjeti tegle za cvije\u0107e i \u017eardinjere prije kupnje na sajtu<br \/><\/strong><span style=\"color: #555555;\">Miravila prodaje svoje produkte samo online. Ne mo\u017ee se vidjeti nigdje u \u017eivo.<\/span><\/li>\r\n<li><strong> Koliko traje isporuka?<br \/><\/strong><span style=\"color: #555555;\">Ako je produkt na skladi\u0161tu, obi\u010dno mu treba od 3 do 5 dana nakon primitka uplate.<\/span><\/li>\r\n<li><strong> Tko snosi tro\u0161kove isporuke?<br \/><\/strong><span style=\"color: #555555;\">Dostava je besplatna.<\/span><\/li>\r\n<li><strong> Mogu li vratiti proizvod?<br \/><\/strong><span style=\"color: #555555;\">Da, proizvode mo\u017eete vratiti u roku od 30 dana, prema op\u0107imu vjetima povratka. Tro\u0161ak povratne dostave nosite vi.<\/span><\/li>\r\n<li><strong> Je li moja kupovina sigurna?<br \/><\/strong><span style=\"color: #555555;\">Va\u0161a kupovina i kreditna kartica su u potpunosti sigurni.<\/span><\/li>\r\n<li><strong> Mogu li povratiti novac vra\u0107aju\u0107i proizvod?<br \/><\/strong><span style=\"color: #555555;\">Da, mo\u017eete, u skladu s op\u0107imu vjetima politike povratka.<\/span><\/li>\r\n<li><strong> Imaju li tegle za cvije\u0107e sustav za samolijevanje?<br \/><\/strong><span style=\"color: #555555;\">Ne.<\/span><\/li>\r\n<li><strong> Od kojeg materijala se izra\u0111uju posude?<br \/><\/strong><span style=\"color: #555555;\">Ve\u0107ina ih je izra\u0111ena od polistona ili stakloplastike, keramike ili drveta i drugih prirodnih materijala.<\/span><\/li>\r\n<li><strong> Koje su tegle najbolji za vanjsku upotrebu?<br \/><\/strong><span style=\"color: #555555;\">Predla\u017eemo sadnice od polistonskog ili stakloplastike.<\/span><\/li>\r\n<li><strong> Koje na\u010dine pla\u0107anja prihva\u0107ate?<br \/><\/strong><span style=\"color: #555555;\">Visa, mastercard, PAYPAL<\/span><\/li>\r\n<\/ol>\n\t\t<\/div>\n\t<\/div>\n\t\n\t<div id=\"accordion-4262646880\" class=\"accordion-item\">\n\t\t<a id=\"accordion-4262646880-label\" class=\"accordion-title plain\" href=\"#accordion-item-dostava\" aria-expanded=\"false\" aria-controls=\"accordion-4262646880-content\">\n\t\t\t<button class=\"toggle\" aria-label=\"Toggle\"><i class=\"icon-angle-down\" aria-hidden=\"true\"><\/i><\/button>\n\t\t\t<span>DOSTAVA<\/span>\n\t\t<\/a>\n\t\t<div id=\"accordion-4262646880-content\" class=\"accordion-inner\" aria-labelledby=\"accordion-4262646880-label\">\n\t\t\t\n<p>Dostava je besplatna za cijelu Republiku Hrvatsku bez obzira na znesak kupovine.<\/p>\r\n<p>Dostavit \u0107e vam firma Intime ili GLS do vrat. Unos u stan ili zgradbu nije u cijeni i ne mo\u017ee se doplatiti.<\/p>\r\n<p>Obi\u010dno je rok izporuke 2 do 3 dana ali pridr\u017eujemo si pravico, da mo\u017ee biti rok isporuke du\u017ei.<\/p>\r\n<p>Kad dobite po\u0161iljku morate jo prije podpisa kuriru otvoriti i pregledati, da nije po\u0161kodovana. Kasnej\u0161ih reklamacij ne upo\u0161tevamo.<\/p>\n\t\t<\/div>\n\t<\/div>\n\t\n<\/div>\n\t\t<\/div>\n\t\t\t\t\t<\/div>\n\n\t\n\n\t<div id=\"col-34333538\" class=\"col medium-4 small-12 large-4\"  >\n\t\t\t\t<div class=\"col-inner\"  >\n\t\t\t\n\t\t\t <div class=\"row ikone\"  id=\"row-738085915\">\r\n\r\n\n\t<div id=\"col-452045529\" class=\"col medium-6 small-6 large-6\"  >\n\t\t\t\t<div class=\"col-inner\"  >\n\t\t\t\n\t\t\t\r\n\r\n\n\t\t<div class=\"icon-box featured-box icon-box-left text-left is-small\"  >\n\t\t\t\t\t<div class=\"icon-box-img\" style=\"width: 60px\">\n\t\t\t\t<div class=\"icon\">\n\t\t\t\t\t<div class=\"icon-inner\" >\n\t\t\t\t\t\t<img loading=\"lazy\" decoding=\"async\" width=\"100\" height=\"100\" src=\"https:\/\/www.miravila.com\/wp-content\/uploads\/2020\/02\/lightweight-icon.png\" class=\"attachment-medium size-medium\" alt=\"lightweight-icon\" title=\"\">\t\t\t\t\t<\/div>\n\t\t\t\t<\/div>\n\t\t\t<\/div>\n\t\t\t\t<div class=\"icon-box-text last-reset\">\n\t\t\t\t\t\t<h6>LIGHTWEIGHT<\/h6>\t\t\t\r\n\r\n\r\n\t\t<\/div>\n\t<\/div>\n\t\n\t\r\n\n\t\t<div class=\"icon-box featured-box icon-box-left text-left is-small\"  >\n\t\t\t\t\t<div class=\"icon-box-img\" style=\"width: 60px\">\n\t\t\t\t<div class=\"icon\">\n\t\t\t\t\t<div class=\"icon-inner\" >\n\t\t\t\t\t\t<img loading=\"lazy\" decoding=\"async\" width=\"100\" height=\"100\" src=\"https:\/\/www.miravila.com\/wp-content\/uploads\/2020\/02\/easy-to-clean-icon.png\" class=\"attachment-medium size-medium\" alt=\"easy-to-clean-icon\" title=\"\">\t\t\t\t\t<\/div>\n\t\t\t\t<\/div>\n\t\t\t<\/div>\n\t\t\t\t<div class=\"icon-box-text last-reset\">\n\t\t\t\t\t\t<h6>EASY TO CLEAN<\/h6>\t\t\t\r\n\r\n\r\n\t\t<\/div>\n\t<\/div>\n\t\n\t\r\n\n\t\t<div class=\"icon-box featured-box icon-box-left text-left is-small\"  >\n\t\t\t\t\t<div class=\"icon-box-img\" style=\"width: 60px\">\n\t\t\t\t<div class=\"icon\">\n\t\t\t\t\t<div class=\"icon-inner\" >\n\t\t\t\t\t\t<img loading=\"lazy\" decoding=\"async\" width=\"100\" height=\"100\" src=\"https:\/\/www.miravila.com\/wp-content\/uploads\/2020\/02\/drill-hole-icon.png\" class=\"attachment-medium size-medium\" alt=\"drill-hole-icon\" title=\"\">\t\t\t\t\t<\/div>\n\t\t\t\t<\/div>\n\t\t\t<\/div>\n\t\t\t\t<div class=\"icon-box-text last-reset\">\n\t\t\t\t\t\t<h6>DRILL HOLE<\/h6>\t\t\t\r\n\r\n\r\n\t\t<\/div>\n\t<\/div>\n\t\n\t\r\n\n\t\t<div class=\"icon-box featured-box icon-box-left text-left is-small\"  >\n\t\t\t\t\t<div class=\"icon-box-img\" style=\"width: 60px\">\n\t\t\t\t<div class=\"icon\">\n\t\t\t\t\t<div class=\"icon-inner\" >\n\t\t\t\t\t\t<img loading=\"lazy\" decoding=\"async\" width=\"100\" height=\"100\" src=\"https:\/\/www.miravila.com\/wp-content\/uploads\/2020\/02\/in-out-icon.png\" class=\"attachment-medium size-medium\" alt=\"in-out-icon\" title=\"\">\t\t\t\t\t<\/div>\n\t\t\t\t<\/div>\n\t\t\t<\/div>\n\t\t\t\t<div class=\"icon-box-text last-reset\">\n\t\t\t\t\t\t<h6>INDOOR-OUTDOT<\/h6>\t\t\t\r\n\r\n\r\n\t\t<\/div>\n\t<\/div>\n\t\n\t\r\n\r\n\t\t<\/div>\n\t\t\t\t\t<\/div>\n\n\t\r\n\n\t<div id=\"col-303453371\" class=\"col medium-6 small-6 large-6\"  >\n\t\t\t\t<div class=\"col-inner\"  >\n\t\t\t\n\t\t\t\r\n\r\n\n\t\t<div class=\"icon-box featured-box icon-box-left text-left is-small\"  >\n\t\t\t\t\t<div class=\"icon-box-img\" style=\"width: 60px\">\n\t\t\t\t<div class=\"icon\">\n\t\t\t\t\t<div class=\"icon-inner\" >\n\t\t\t\t\t\t<img loading=\"lazy\" decoding=\"async\" width=\"100\" height=\"100\" src=\"https:\/\/www.miravila.com\/wp-content\/uploads\/2020\/02\/frost-resistance-icon.png\" class=\"attachment-medium size-medium\" alt=\"frost-resistance-icon\" title=\"\">\t\t\t\t\t<\/div>\n\t\t\t\t<\/div>\n\t\t\t<\/div>\n\t\t\t\t<div class=\"icon-box-text last-reset\">\n\t\t\t\t\t\t<h6>FROST RESISTANCE<\/h6>\t\t\t\r\n\r\n\r\n\t\t<\/div>\n\t<\/div>\n\t\n\t\r\n\n\t\t<div class=\"icon-box featured-box icon-box-left text-left is-small\"  >\n\t\t\t\t\t<div class=\"icon-box-img\" style=\"width: 60px\">\n\t\t\t\t<div class=\"icon\">\n\t\t\t\t\t<div class=\"icon-inner\" >\n\t\t\t\t\t\t<img loading=\"lazy\" decoding=\"async\" width=\"100\" height=\"100\" src=\"https:\/\/www.miravila.com\/wp-content\/uploads\/2020\/02\/all-weather-icon.png\" class=\"attachment-medium size-medium\" alt=\"all-weather-icon\" title=\"\">\t\t\t\t\t<\/div>\n\t\t\t\t<\/div>\n\t\t\t<\/div>\n\t\t\t\t<div class=\"icon-box-text last-reset\">\n\t\t\t\t\t\t<h6>ALL WEATHER<\/h6>\t\t\t\r\n\r\n\r\n\t\t<\/div>\n\t<\/div>\n\t\n\t\r\n\n\t\t<div class=\"icon-box featured-box icon-box-left text-left is-small\"  >\n\t\t\t\t\t<div class=\"icon-box-img\" style=\"width: 60px\">\n\t\t\t\t<div class=\"icon\">\n\t\t\t\t\t<div class=\"icon-inner\" >\n\t\t\t\t\t\t<img loading=\"lazy\" decoding=\"async\" width=\"100\" height=\"100\" src=\"https:\/\/www.miravila.com\/wp-content\/uploads\/2020\/02\/hand-made-icon.png\" class=\"attachment-medium size-medium\" alt=\"hand-made-icon\" title=\"\">\t\t\t\t\t<\/div>\n\t\t\t\t<\/div>\n\t\t\t<\/div>\n\t\t\t\t<div class=\"icon-box-text last-reset\">\n\t\t\t\t\t\t<h6>HAND MADE<\/h6>\t\t\t\r\n\r\n\r\n\t\t<\/div>\n\t<\/div>\n\t\n\t\r\n\n\t\t<div class=\"icon-box featured-box icon-box-left text-left is-small\"  >\n\t\t\t\t\t<div class=\"icon-box-img\" style=\"width: 60px\">\n\t\t\t\t<div class=\"icon\">\n\t\t\t\t\t<div class=\"icon-inner\" >\n\t\t\t\t\t\t<img loading=\"lazy\" decoding=\"async\" width=\"100\" height=\"100\" src=\"https:\/\/www.miravila.com\/wp-content\/uploads\/2020\/02\/uv-resistant-icon.png\" class=\"attachment-medium size-medium\" alt=\"uv-resistant-icon\" title=\"\">\t\t\t\t\t<\/div>\n\t\t\t\t<\/div>\n\t\t\t<\/div>\n\t\t\t\t<div class=\"icon-box-text last-reset\">\n\t\t\t\t\t\t<h6>UV RESISTANT<\/h6>\t\t\t\r\n\r\n\r\n\t\t<\/div>\n\t<\/div>\n\t\n\t\r\n\r\n\t\t<\/div>\n\t\t\t\t\t<\/div>\n\n\t\r\n\r\n<\/div> \t\t<\/div>\n\t\t\t\t\t<\/div>\n\n\t\n<\/div>\n","protected":false},"excerpt":{"rendered":"","protected":false},"featured_media":1351,"comment_status":"closed","ping_status":"closed","template":"","meta":[],"product_brand":[],"product_cat":[137,139,519,520,513,514,132,130,518,517,117,118,35,68,127,129,113,79,511,512,515,516,61],"product_tag":[],"class_list":{"0":"post-9102","1":"product","2":"type-product","3":"status-publish","4":"has-post-thumbnail","6":"product_cat-betonske","7":"product_cat-betonske-tegle-za-cvijece","8":"product_cat-bilje","9":"product_cat-bilje-2","10":"product_cat-cvetje","11":"product_cat-cvetje-2","12":"product_cat-fiberglass-polystone-tegle-za-cvijece","13":"product_cat-fiberglass-polystone","14":"product_cat-moderni-2","15":"product_cat-moderni","16":"product_cat-plasticne","17":"product_cat-plasticne-tegle-za-cvijece","18":"product_cat-posude-za-cvijece","19":"product_cat-tegle-za-cvijece","20":"product_cat-unutarnje","21":"product_cat-unutarnje-tegle-za-cvijece","22":"product_cat-vanjske-tegle-za-cvijece","23":"product_cat-vanjske","24":"product_cat-visoke","25":"product_cat-visoke-2","26":"product_cat-vrt","27":"product_cat-vrt-2","28":"product_cat-zardinjere","29":"pa_barva-beton","30":"pa_barva-siva","31":"pa_material-fiberglass-staklo-plastika","32":"pa_sirina-2457","33":"pa_sirina-2456","34":"pa_uporaba-unutarnja","35":"pa_uporaba-vanjska","36":"pa_velikost-37x37x80cm","37":"pa_velikost-47x47x100cm","38":"pa_visina-2455","39":"pa_visina-2454","41":"first","42":"outofstock","43":"taxable","44":"shipping-taxable","45":"purchasable","46":"product-type-variable","47":"has-default-attributes"},"_links":{"self":[{"href":"https:\/\/www.miravila.com\/hr\/wp-json\/wp\/v2\/product\/9102","targetHints":{"allow":["GET"]}}],"collection":[{"href":"https:\/\/www.miravila.com\/hr\/wp-json\/wp\/v2\/product"}],"about":[{"href":"https:\/\/www.miravila.com\/hr\/wp-json\/wp\/v2\/types\/product"}],"replies":[{"embeddable":true,"href":"https:\/\/www.miravila.com\/hr\/wp-json\/wp\/v2\/comments?post=9102"}],"wp:featuredmedia":[{"embeddable":true,"href":"https:\/\/www.miravila.com\/hr\/wp-json\/wp\/v2\/media\/1351"}],"wp:attachment":[{"href":"https:\/\/www.miravila.com\/hr\/wp-json\/wp\/v2\/media?parent=9102"}],"wp:term":[{"taxonomy":"product_brand","embeddable":true,"href":"https:\/\/www.miravila.com\/hr\/wp-json\/wp\/v2\/product_brand?post=9102"},{"taxonomy":"product_cat","embeddable":true,"href":"https:\/\/www.miravila.com\/hr\/wp-json\/wp\/v2\/product_cat?post=9102"},{"taxonomy":"product_tag","embeddable":true,"href":"https:\/\/www.miravila.com\/hr\/wp-json\/wp\/v2\/product_tag?post=9102"}],"curies":[{"name":"wp","href":"https:\/\/api.w.org\/{rel}","templated":true}]}}