{"id":9037,"date":"2020-03-26T13:20:56","date_gmt":"2020-03-26T12:20:56","guid":{"rendered":"https:\/\/www.miravila.com\/product\/elegant-gold-leaves\/"},"modified":"2026-03-17T02:12:28","modified_gmt":"2026-03-17T01:12:28","slug":"elegant-gold-leaves","status":"publish","type":"product","link":"https:\/\/www.miravila.com\/hr\/elegant-gold-leaves\/","title":{"rendered":"Elegant Gold Leaves"},"content":{"rendered":"<div class=\"row\"  id=\"row-784827001\">\n\n\t<div id=\"col-440560587\" class=\"col medium-8 small-12 large-8\"  >\n\t\t\t\t<div class=\"col-inner\"  >\n\t\t\t\n\t\t\t\n<div class=\"accordion\">\n\t<div id=\"accordion-3175806565\" class=\"accordion-item\">\n\t\t<a id=\"accordion-3175806565-label\" class=\"accordion-title plain active\" href=\"#accordion-item-opis\" aria-expanded=\"true\" aria-controls=\"accordion-3175806565-content\">\n\t\t\t<button class=\"toggle\" aria-label=\"Toggle\"><i class=\"icon-angle-down\" aria-hidden=\"true\"><\/i><\/button>\n\t\t\t<span>OPIS<\/span>\n\t\t<\/a>\n\t\t<div id=\"accordion-3175806565-content\" class=\"accordion-inner\" style=\"display: block;\" aria-labelledby=\"accordion-3175806565-label\">\n\t\t\t\n<p>Volite li li\u0161\u0107e? A zlato? A kombinaciju ta dva? Razumijemo, tko tome mo\u017ee odolijeti! Predstavljamo Vam revolucionarnu \u017eardinjeru koja je u mogu\u0107nosti da unese ne\u0161to potpuno novo u Va\u0161 prostor!<\/p>\n<p>Tegla za cvije\u0107e napravljena je sa ljubavlju za sve one koji vole profinjen stil svog \u017eivotnog prostora. Ova \u017eardinjera savr\u0161eno ide uz kuhinje i blagovaonice, pa poku\u0161ajte na svoj jedinstven na\u010din unijeti ljubav na stol.<\/p>\n<p>U moru mnogobrojnih tegli za cvije\u0107e, ova definitivno zaustavlja oko svakog dobrog poznavaoca stila, umjetnosti, te enterijera.<\/p>\n<p>Jeste li ju ve\u0107 zamislili u nekom odre\u0111enom kutku Va\u0161ega doma? Ukoliko trebate neki prijedlog, mi smo uvijek tu za Vas!<\/p>\n\t\t<\/div>\n\t<\/div>\n\t\n\t<div id=\"accordion-428581508\" class=\"accordion-item\">\n\t\t<a id=\"accordion-428581508-label\" class=\"accordion-title plain\" href=\"#accordion-item-materijal\" aria-expanded=\"false\" aria-controls=\"accordion-428581508-content\">\n\t\t\t<button class=\"toggle\" aria-label=\"Toggle\"><i class=\"icon-angle-down\" aria-hidden=\"true\"><\/i><\/button>\n\t\t\t<span>MATERIJAL<\/span>\n\t\t<\/a>\n\t\t<div id=\"accordion-428581508-content\" class=\"accordion-inner\" aria-labelledby=\"accordion-428581508-label\">\n\t\t\t\n<p>ZLATNI LISTI\u0106I<\/p>\n<p>Ljude su oduvijek privla\u010dile dragocjene rukotvorine napravljene od zlatnih stvari. Tegla za cvije\u0107e od ovog materijala ima kalup sa\u010dinjen od poliestera na kojeg su dodati zlatni listi\u0107i.<\/p>\n<p>Preporu\u010deno je da ovakve tegle za cvije\u0107e dr\u017eite unutar Va\u0161ih prostorija, jer ne trpe vremenske nepogode.<\/p>\n<p>Savr\u0161eno se uklapaju u sva\u010diji dom, pru\u017eaju osje\u0107aj dodatne profinjenosti i luksuza.<\/p>\n<p>Mnogi ljudi ovakve skupocjene ru\u010dne radove koriste kao ukrase same po sebi, a ne samo za odlaganje cvije\u0107a.<\/p>\n<p>Tako\u0111er, \u017eardinjere ovako posebne izrade idealni su pokloni za razli\u010dite prigode, poput vjen\u010danja, blagdana, pa \u010dak i ro\u0111endana.<\/p>\n<p>Zlato je plemeniti metal i mnogi ljudi vjeruju kako ono tako\u0111er ima mo\u0107 iscjeljenja. Nije \u010dudno da se ljudi sve vi\u0161e svakim danom opredjeljuju da ba\u0161 na ovaj na\u010din i sa ovim materijalom upotpune svoje voljene domove.<\/p>\n<p>Instant re\u0161enje za podizanje svog doma na jedan potpuno novi, soficticirani nivo kakav ste oduvek \u017eeljeli!<\/p>\n\t\t<\/div>\n\t<\/div>\n\t\n\t<div id=\"accordion-3137507845\" class=\"accordion-item\">\n\t\t<a id=\"accordion-3137507845-label\" class=\"accordion-title plain\" href=\"#accordion-item-faq\" aria-expanded=\"false\" aria-controls=\"accordion-3137507845-content\">\n\t\t\t<button class=\"toggle\" aria-label=\"Toggle\"><i class=\"icon-angle-down\" aria-hidden=\"true\"><\/i><\/button>\n\t\t\t<span>FAQ<\/span>\n\t\t<\/a>\n\t\t<div id=\"accordion-3137507845-content\" class=\"accordion-inner\" aria-labelledby=\"accordion-3137507845-label\">\n\t\t\t\n<ol>\r\n<li><strong> Gdje mogu vidjeti tegle za cvije\u0107e i \u017eardinjere prije kupnje na sajtu<br \/><\/strong><span style=\"color: #555555;\">Miravila prodaje svoje produkte samo online. Ne mo\u017ee se vidjeti nigdje u \u017eivo.<\/span><\/li>\r\n<li><strong> Koliko traje isporuka?<br \/><\/strong><span style=\"color: #555555;\">Ako je produkt na skladi\u0161tu, obi\u010dno mu treba od 3 do 5 dana nakon primitka uplate.<\/span><\/li>\r\n<li><strong> Tko snosi tro\u0161kove isporuke?<br \/><\/strong><span style=\"color: #555555;\">Dostava je besplatna.<\/span><\/li>\r\n<li><strong> Mogu li vratiti proizvod?<br \/><\/strong><span style=\"color: #555555;\">Da, proizvode mo\u017eete vratiti u roku od 30 dana, prema op\u0107imu vjetima povratka. Tro\u0161ak povratne dostave nosite vi.<\/span><\/li>\r\n<li><strong> Je li moja kupovina sigurna?<br \/><\/strong><span style=\"color: #555555;\">Va\u0161a kupovina i kreditna kartica su u potpunosti sigurni.<\/span><\/li>\r\n<li><strong> Mogu li povratiti novac vra\u0107aju\u0107i proizvod?<br \/><\/strong><span style=\"color: #555555;\">Da, mo\u017eete, u skladu s op\u0107imu vjetima politike povratka.<\/span><\/li>\r\n<li><strong> Imaju li tegle za cvije\u0107e sustav za samolijevanje?<br \/><\/strong><span style=\"color: #555555;\">Ne.<\/span><\/li>\r\n<li><strong> Od kojeg materijala se izra\u0111uju posude?<br \/><\/strong><span style=\"color: #555555;\">Ve\u0107ina ih je izra\u0111ena od polistona ili stakloplastike, keramike ili drveta i drugih prirodnih materijala.<\/span><\/li>\r\n<li><strong> Koje su tegle najbolji za vanjsku upotrebu?<br \/><\/strong><span style=\"color: #555555;\">Predla\u017eemo sadnice od polistonskog ili stakloplastike.<\/span><\/li>\r\n<li><strong> Koje na\u010dine pla\u0107anja prihva\u0107ate?<br \/><\/strong><span style=\"color: #555555;\">Visa, mastercard, PAYPAL<\/span><\/li>\r\n<\/ol>\n\t\t<\/div>\n\t<\/div>\n\t\n\t<div id=\"accordion-4244448578\" class=\"accordion-item\">\n\t\t<a id=\"accordion-4244448578-label\" class=\"accordion-title plain\" href=\"#accordion-item-dostava\" aria-expanded=\"false\" aria-controls=\"accordion-4244448578-content\">\n\t\t\t<button class=\"toggle\" aria-label=\"Toggle\"><i class=\"icon-angle-down\" aria-hidden=\"true\"><\/i><\/button>\n\t\t\t<span>DOSTAVA<\/span>\n\t\t<\/a>\n\t\t<div id=\"accordion-4244448578-content\" class=\"accordion-inner\" aria-labelledby=\"accordion-4244448578-label\">\n\t\t\t\n<p>Dostava je besplatna za cijelu Republiku Hrvatsku bez obzira na znesak kupovine.<\/p>\r\n<p>Dostavit \u0107e vam firma Intime ili GLS do vrat. Unos u stan ili zgradbu nije u cijeni i ne mo\u017ee se doplatiti.<\/p>\r\n<p>Obi\u010dno je rok izporuke 2 do 3 dana ali pridr\u017eujemo si pravico, da mo\u017ee biti rok isporuke du\u017ei.<\/p>\r\n<p>Kad dobite po\u0161iljku morate jo prije podpisa kuriru otvoriti i pregledati, da nije po\u0161kodovana. Kasnej\u0161ih reklamacij ne upo\u0161tevamo.<\/p>\n\t\t<\/div>\n\t<\/div>\n\t\n<\/div>\n\t\t<\/div>\n\t\t\t\t\t<\/div>\n\n\t\n\n\t<div id=\"col-5072566\" class=\"col medium-4 small-12 large-4\"  >\n\t\t\t\t<div class=\"col-inner\"  >\n\t\t\t\n\t\t\t <div class=\"row ikone\"  id=\"row-1292735991\">\r\n\r\n\n\t<div id=\"col-1096083557\" class=\"col medium-6 small-6 large-6\"  >\n\t\t\t\t<div class=\"col-inner\"  >\n\t\t\t\n\t\t\t\r\n\r\n\n\t\t<div class=\"icon-box featured-box icon-box-left text-left is-small\"  >\n\t\t\t\t\t<div class=\"icon-box-img\" style=\"width: 60px\">\n\t\t\t\t<div class=\"icon\">\n\t\t\t\t\t<div class=\"icon-inner\" >\n\t\t\t\t\t\t<img loading=\"lazy\" decoding=\"async\" width=\"100\" height=\"100\" src=\"https:\/\/www.miravila.com\/wp-content\/uploads\/2020\/02\/lightweight-icon.png\" class=\"attachment-medium size-medium\" alt=\"lightweight-icon\" title=\"\">\t\t\t\t\t<\/div>\n\t\t\t\t<\/div>\n\t\t\t<\/div>\n\t\t\t\t<div class=\"icon-box-text last-reset\">\n\t\t\t\t\t\t<h6>LIGHTWEIGHT<\/h6>\t\t\t\r\n\t\t<\/div>\n\t<\/div>\n\t\n\t\r\n\r\n\n\t\t<div class=\"icon-box featured-box icon-box-left text-left is-small\"  >\n\t\t\t\t\t<div class=\"icon-box-img\" style=\"width: 60px\">\n\t\t\t\t<div class=\"icon\">\n\t\t\t\t\t<div class=\"icon-inner\" >\n\t\t\t\t\t\t<img loading=\"lazy\" decoding=\"async\" width=\"100\" height=\"100\" src=\"https:\/\/www.miravila.com\/wp-content\/uploads\/2020\/02\/easy-to-clean-icon.png\" class=\"attachment-medium size-medium\" alt=\"easy-to-clean-icon\" title=\"\">\t\t\t\t\t<\/div>\n\t\t\t\t<\/div>\n\t\t\t<\/div>\n\t\t\t\t<div class=\"icon-box-text last-reset\">\n\t\t\t\t\t\t<h6>EASY TO CLEAN<\/h6>\t\t\t\r\n\t\t<\/div>\n\t<\/div>\n\t\n\t\r\n\r\n\t\t<\/div>\n\t\t\t\t\t<\/div>\n\n\t\r\n\n\t<div id=\"col-756110300\" class=\"col medium-6 small-6 large-6\"  >\n\t\t\t\t<div class=\"col-inner\"  >\n\t\t\t\n\t\t\t\r\n\r\n\n\t\t<div class=\"icon-box featured-box icon-box-left text-left is-small\"  >\n\t\t\t\t\t<div class=\"icon-box-img\" style=\"width: 60px\">\n\t\t\t\t<div class=\"icon\">\n\t\t\t\t\t<div class=\"icon-inner\" >\n\t\t\t\t\t\t<img loading=\"lazy\" decoding=\"async\" width=\"100\" height=\"100\" src=\"https:\/\/www.miravila.com\/wp-content\/uploads\/2020\/02\/hand-made-icon.png\" class=\"attachment-medium size-medium\" alt=\"hand-made-icon\" title=\"\">\t\t\t\t\t<\/div>\n\t\t\t\t<\/div>\n\t\t\t<\/div>\n\t\t\t\t<div class=\"icon-box-text last-reset\">\n\t\t\t\t\t\t<h6>HAND MADE<\/h6>\t\t\t\r\n\t\t<\/div>\n\t<\/div>\n\t\n\t\r\n\r\n\t\t<\/div>\n\t\t\t\t\t<\/div>\n\n\t\r\n\r\n<\/div> \t\t<\/div>\n\t\t\t\t\t<\/div>\n\n\t\n<\/div>\n","protected":false},"excerpt":{"rendered":"","protected":false},"featured_media":1328,"comment_status":"closed","ping_status":"closed","template":"","meta":[],"product_brand":[],"product_cat":[519,520,513,514,517,518,117,118,35,68,127,129,512,511,61,203,201],"product_tag":[],"class_list":{"0":"post-9037","1":"product","2":"type-product","3":"status-publish","4":"has-post-thumbnail","6":"product_cat-bilje","7":"product_cat-bilje-2","8":"product_cat-cvetje","9":"product_cat-cvetje-2","10":"product_cat-moderni","11":"product_cat-moderni-2","12":"product_cat-plasticne","13":"product_cat-plasticne-tegle-za-cvijece","14":"product_cat-posude-za-cvijece","15":"product_cat-tegle-za-cvijece","16":"product_cat-unutarnje","17":"product_cat-unutarnje-tegle-za-cvijece","18":"product_cat-visoke-2","19":"product_cat-visoke","20":"product_cat-zardinjere","21":"product_cat-zlatne-tegle-za-cvijece","22":"product_cat-zlatne","23":"pa_barva-zlatna","24":"pa_material-zlatni-listici","25":"pa_sirina-2447","26":"pa_sirina-2457","27":"pa_uporaba-unutarnja","28":"pa_velikost-30x30x80cm","29":"pa_velikost-37x37x100cm","30":"pa_visina-2455","31":"pa_visina-2454","33":"first","34":"outofstock","35":"taxable","36":"shipping-taxable","37":"purchasable","38":"product-type-variable","39":"has-default-attributes"},"_links":{"self":[{"href":"https:\/\/www.miravila.com\/hr\/wp-json\/wp\/v2\/product\/9037","targetHints":{"allow":["GET"]}}],"collection":[{"href":"https:\/\/www.miravila.com\/hr\/wp-json\/wp\/v2\/product"}],"about":[{"href":"https:\/\/www.miravila.com\/hr\/wp-json\/wp\/v2\/types\/product"}],"replies":[{"embeddable":true,"href":"https:\/\/www.miravila.com\/hr\/wp-json\/wp\/v2\/comments?post=9037"}],"wp:featuredmedia":[{"embeddable":true,"href":"https:\/\/www.miravila.com\/hr\/wp-json\/wp\/v2\/media\/1328"}],"wp:attachment":[{"href":"https:\/\/www.miravila.com\/hr\/wp-json\/wp\/v2\/media?parent=9037"}],"wp:term":[{"taxonomy":"product_brand","embeddable":true,"href":"https:\/\/www.miravila.com\/hr\/wp-json\/wp\/v2\/product_brand?post=9037"},{"taxonomy":"product_cat","embeddable":true,"href":"https:\/\/www.miravila.com\/hr\/wp-json\/wp\/v2\/product_cat?post=9037"},{"taxonomy":"product_tag","embeddable":true,"href":"https:\/\/www.miravila.com\/hr\/wp-json\/wp\/v2\/product_tag?post=9037"}],"curies":[{"name":"wp","href":"https:\/\/api.w.org\/{rel}","templated":true}]}}