{"id":9024,"date":"2020-03-26T13:20:43","date_gmt":"2020-03-26T12:20:43","guid":{"rendered":"https:\/\/www.miravila.com\/product\/egg-mother-of-pearl-brown\/"},"modified":"2026-04-21T02:12:40","modified_gmt":"2026-04-21T00:12:40","slug":"egg-mother-of-pearl-brown","status":"publish","type":"product","link":"https:\/\/www.miravila.com\/hr\/egg-mother-of-pearl-brown\/","title":{"rendered":"Egg mother of pearl brown"},"content":{"rendered":"<div class=\"row\"  id=\"row-1618747844\">\n\n\t<div id=\"col-908988582\" class=\"col medium-8 small-12 large-8\"  >\n\t\t\t\t<div class=\"col-inner\"  >\n\t\t\t\n\t\t\t\n<div class=\"accordion\">\n\t<div id=\"accordion-4161660022\" class=\"accordion-item\">\n\t\t<a id=\"accordion-4161660022-label\" class=\"accordion-title plain active\" href=\"#accordion-item-opis\" aria-expanded=\"true\" aria-controls=\"accordion-4161660022-content\">\n\t\t\t<button class=\"toggle\" aria-label=\"Toggle\"><i class=\"icon-angle-down\" aria-hidden=\"true\"><\/i><\/button>\n\t\t\t<span>OPIS<\/span>\n\t\t<\/a>\n\t\t<div id=\"accordion-4161660022-content\" class=\"accordion-inner\" style=\"display: block;\" aria-labelledby=\"accordion-4161660022-label\">\n\t\t\t\n<p>Nemate mnogo vremena za oplemenjivanje svog prostora, no ipak \u017eelite unijeti ne\u0161to novo u njega i povratiti mu svje\u017einu? Mi imamo rje\u0161enje za to! Tegle za cvije\u0107e&#8230; Idealne su za dodavanje posebnog tona unutra\u0161njem prostoru.<\/p>\n<p>Ova \u017eardinjera je napravljena od \u0161koljki i nosi svoju prirodnu boju. Njen asimetri\u010dni dizajn dodaje na luksuzu.<\/p>\n<p>Tegle za cvije\u0107e se ne moraju nu\u017eno koristiti za cvije\u0107e, ve\u0107 mogu i same po sebi biti dovoljan asksesoar.<\/p>\n<p>\u017dardinjera je idealna za dnevne boravke, spava\u0107e sobe, blagovaonice, te radne sobe.<\/p>\n<p>Sve vi\u0161e ljudi \u017eeli ne\u0161to poptuno prirodno u svome domu, a mi Vam nudimo duh mora&#8230;<\/p>\n\t\t<\/div>\n\t<\/div>\n\t\n\t<div id=\"accordion-1341923623\" class=\"accordion-item\">\n\t\t<a id=\"accordion-1341923623-label\" class=\"accordion-title plain\" href=\"#accordion-item-materijal\" aria-expanded=\"false\" aria-controls=\"accordion-1341923623-content\">\n\t\t\t<button class=\"toggle\" aria-label=\"Toggle\"><i class=\"icon-angle-down\" aria-hidden=\"true\"><\/i><\/button>\n\t\t\t<span>MATERIJAL<\/span>\n\t\t<\/a>\n\t\t<div id=\"accordion-1341923623-content\" class=\"accordion-inner\" aria-labelledby=\"accordion-1341923623-label\">\n\t\t\t\n<p>MOTHER OF PEARL \u0160KOLJKA<\/p>\n<p>Tegle za cvije\u0107e koje su sa\u010dinjene od pravih \u0161koljki postale su pravi hit \u0161irom svijeta! \u0160koljke su prave, a u njima su nekada bili biseri, odnosno perle.<\/p>\n<p>Ru\u010dni rad \u017eardinjera sa\u010dinjenih od pravih \u0161koljki je prava umjetnost! Uglavnom dolaze u dvije verzije, bru\u0161ene i lakirane, te se kupci odlu\u010duju na proizvod skladno u savr\u0161enom kombiniraju izgleda svog \u017eivotnog prostora.<\/p>\n<p>Va\u017eno je napomenuti da ljubitelji tegli za cvije\u0107e od pravih \u0161koljki trebaju dr\u017eati svoje \u017eardinjere u unutarnjim prostorijama za \u0161to du\u017ee trajanje. Kalup je izra\u0111en od poliestera na kojem se dodatno lijevaju \u0161koljke.<\/p>\n<p>Mother of Pearl daje profinjen izgled svakom predmetu, a ponajvi\u0161e je obo\u017eavan me\u0111u ljubiteljima cvije\u0107a jer unosi dodatni \u017eivot i otmjenost u takvoj kombinaciji.<\/p>\n<p>Vrlo \u010desto, ova sirovina je tako\u0111er i izbori pri unikatnim izradama poklona zbog svoje jedinstvenosti i sofisticiranosti.<\/p>\n<p>\u017dardinjere za cvije\u0107e napravljene od \u0161koljki su odvajkada krasile domove ljudi.<\/p>\n\t\t<\/div>\n\t<\/div>\n\t\n\t<div id=\"accordion-218935584\" class=\"accordion-item\">\n\t\t<a id=\"accordion-218935584-label\" class=\"accordion-title plain\" href=\"#accordion-item-faq\" aria-expanded=\"false\" aria-controls=\"accordion-218935584-content\">\n\t\t\t<button class=\"toggle\" aria-label=\"Toggle\"><i class=\"icon-angle-down\" aria-hidden=\"true\"><\/i><\/button>\n\t\t\t<span>FAQ<\/span>\n\t\t<\/a>\n\t\t<div id=\"accordion-218935584-content\" class=\"accordion-inner\" aria-labelledby=\"accordion-218935584-label\">\n\t\t\t\n<ol>\r\n<li><strong> Gdje mogu vidjeti tegle za cvije\u0107e i \u017eardinjere prije kupnje na sajtu<br \/><\/strong><span style=\"color: #555555;\">Miravila prodaje svoje produkte samo online. Ne mo\u017ee se vidjeti nigdje u \u017eivo.<\/span><\/li>\r\n<li><strong> Koliko traje isporuka?<br \/><\/strong><span style=\"color: #555555;\">Ako je produkt na skladi\u0161tu, obi\u010dno mu treba od 3 do 5 dana nakon primitka uplate.<\/span><\/li>\r\n<li><strong> Tko snosi tro\u0161kove isporuke?<br \/><\/strong><span style=\"color: #555555;\">Dostava je besplatna.<\/span><\/li>\r\n<li><strong> Mogu li vratiti proizvod?<br \/><\/strong><span style=\"color: #555555;\">Da, proizvode mo\u017eete vratiti u roku od 30 dana, prema op\u0107imu vjetima povratka. Tro\u0161ak povratne dostave nosite vi.<\/span><\/li>\r\n<li><strong> Je li moja kupovina sigurna?<br \/><\/strong><span style=\"color: #555555;\">Va\u0161a kupovina i kreditna kartica su u potpunosti sigurni.<\/span><\/li>\r\n<li><strong> Mogu li povratiti novac vra\u0107aju\u0107i proizvod?<br \/><\/strong><span style=\"color: #555555;\">Da, mo\u017eete, u skladu s op\u0107imu vjetima politike povratka.<\/span><\/li>\r\n<li><strong> Imaju li tegle za cvije\u0107e sustav za samolijevanje?<br \/><\/strong><span style=\"color: #555555;\">Ne.<\/span><\/li>\r\n<li><strong> Od kojeg materijala se izra\u0111uju posude?<br \/><\/strong><span style=\"color: #555555;\">Ve\u0107ina ih je izra\u0111ena od polistona ili stakloplastike, keramike ili drveta i drugih prirodnih materijala.<\/span><\/li>\r\n<li><strong> Koje su tegle najbolji za vanjsku upotrebu?<br \/><\/strong><span style=\"color: #555555;\">Predla\u017eemo sadnice od polistonskog ili stakloplastike.<\/span><\/li>\r\n<li><strong> Koje na\u010dine pla\u0107anja prihva\u0107ate?<br \/><\/strong><span style=\"color: #555555;\">Visa, mastercard, PAYPAL<\/span><\/li>\r\n<\/ol>\n\t\t<\/div>\n\t<\/div>\n\t\n\t<div id=\"accordion-919906587\" class=\"accordion-item\">\n\t\t<a id=\"accordion-919906587-label\" class=\"accordion-title plain\" href=\"#accordion-item-dostava\" aria-expanded=\"false\" aria-controls=\"accordion-919906587-content\">\n\t\t\t<button class=\"toggle\" aria-label=\"Toggle\"><i class=\"icon-angle-down\" aria-hidden=\"true\"><\/i><\/button>\n\t\t\t<span>DOSTAVA<\/span>\n\t\t<\/a>\n\t\t<div id=\"accordion-919906587-content\" class=\"accordion-inner\" aria-labelledby=\"accordion-919906587-label\">\n\t\t\t\n<p>Dostava je besplatna za cijelu Republiku Hrvatsku bez obzira na znesak kupovine.<\/p>\r\n<p>Dostavit \u0107e vam firma Intime ili GLS do vrat. Unos u stan ili zgradbu nije u cijeni i ne mo\u017ee se doplatiti.<\/p>\r\n<p>Obi\u010dno je rok izporuke 2 do 3 dana ali pridr\u017eujemo si pravico, da mo\u017ee biti rok isporuke du\u017ei.<\/p>\r\n<p>Kad dobite po\u0161iljku morate jo prije podpisa kuriru otvoriti i pregledati, da nije po\u0161kodovana. Kasnej\u0161ih reklamacij ne upo\u0161tevamo.<\/p>\n\t\t<\/div>\n\t<\/div>\n\t\n<\/div>\n\t\t<\/div>\n\t\t\t\t\t<\/div>\n\n\t\n\n\t<div id=\"col-47229755\" class=\"col medium-4 small-12 large-4\"  >\n\t\t\t\t<div class=\"col-inner\"  >\n\t\t\t\n\t\t\t <div class=\"row ikone\"  id=\"row-361962480\">\r\n\r\n\n\t<div id=\"col-1912096249\" class=\"col medium-6 small-6 large-6\"  >\n\t\t\t\t<div class=\"col-inner\"  >\n\t\t\t\n\t\t\t\r\n\r\n\n\t\t<div class=\"icon-box featured-box icon-box-left text-left is-small\"  >\n\t\t\t\t\t<div class=\"icon-box-img\" style=\"width: 60px\">\n\t\t\t\t<div class=\"icon\">\n\t\t\t\t\t<div class=\"icon-inner\" >\n\t\t\t\t\t\t<img loading=\"lazy\" decoding=\"async\" width=\"100\" height=\"100\" src=\"https:\/\/www.miravila.com\/wp-content\/uploads\/2020\/02\/lightweight-icon.png\" class=\"attachment-medium size-medium\" alt=\"lightweight-icon\" title=\"\">\t\t\t\t\t<\/div>\n\t\t\t\t<\/div>\n\t\t\t<\/div>\n\t\t\t\t<div class=\"icon-box-text last-reset\">\n\t\t\t\t\t\t<h6>LIGHTWEIGHT<\/h6>\t\t\t\r\n\r\n\r\n\t\t<\/div>\n\t<\/div>\n\t\n\t\r\n\n\t\t<div class=\"icon-box featured-box icon-box-left text-left is-small\"  >\n\t\t\t\t\t<div class=\"icon-box-img\" style=\"width: 60px\">\n\t\t\t\t<div class=\"icon\">\n\t\t\t\t\t<div class=\"icon-inner\" >\n\t\t\t\t\t\t<img loading=\"lazy\" decoding=\"async\" width=\"100\" height=\"100\" src=\"https:\/\/www.miravila.com\/wp-content\/uploads\/2020\/02\/easy-to-clean-icon.png\" class=\"attachment-medium size-medium\" alt=\"easy-to-clean-icon\" title=\"\">\t\t\t\t\t<\/div>\n\t\t\t\t<\/div>\n\t\t\t<\/div>\n\t\t\t\t<div class=\"icon-box-text last-reset\">\n\t\t\t\t\t\t<h6>EASY TO CLEAN<\/h6>\t\t\t\r\n\r\n\r\n\t\t<\/div>\n\t<\/div>\n\t\n\t\r\n\n\t\t<div class=\"icon-box featured-box icon-box-left text-left is-small\"  >\n\t\t\t\t\t<div class=\"icon-box-img\" style=\"width: 60px\">\n\t\t\t\t<div class=\"icon\">\n\t\t\t\t\t<div class=\"icon-inner\" >\n\t\t\t\t\t\t<img loading=\"lazy\" decoding=\"async\" width=\"100\" height=\"100\" src=\"https:\/\/www.miravila.com\/wp-content\/uploads\/2020\/02\/drill-hole-icon.png\" class=\"attachment-medium size-medium\" alt=\"drill-hole-icon\" title=\"\">\t\t\t\t\t<\/div>\n\t\t\t\t<\/div>\n\t\t\t<\/div>\n\t\t\t\t<div class=\"icon-box-text last-reset\">\n\t\t\t\t\t\t<h6>DRILL HOLE<\/h6>\t\t\t\r\n\r\n\t\t<\/div>\n\t<\/div>\n\t\n\t\r\n\r\n\t\t<\/div>\n\t\t\t\t\t<\/div>\n\n\t\r\n\n\t<div id=\"col-1598349910\" class=\"col medium-6 small-6 large-6\"  >\n\t\t\t\t<div class=\"col-inner\"  >\n\t\t\t\n\t\t\t\r\n\r\n\n\t\t<div class=\"icon-box featured-box icon-box-left text-left is-small\"  >\n\t\t\t\t\t<div class=\"icon-box-img\" style=\"width: 60px\">\n\t\t\t\t<div class=\"icon\">\n\t\t\t\t\t<div class=\"icon-inner\" >\n\t\t\t\t\t\t<img loading=\"lazy\" decoding=\"async\" width=\"100\" height=\"100\" src=\"https:\/\/www.miravila.com\/wp-content\/uploads\/2020\/02\/frost-resistance-icon.png\" class=\"attachment-medium size-medium\" alt=\"frost-resistance-icon\" title=\"\">\t\t\t\t\t<\/div>\n\t\t\t\t<\/div>\n\t\t\t<\/div>\n\t\t\t\t<div class=\"icon-box-text last-reset\">\n\t\t\t\t\t\t<h6>FROST RESISTANCE<\/h6>\t\t\t\r\n\r\n\r\n\t\t<\/div>\n\t<\/div>\n\t\n\t\r\n\n\t\t<div class=\"icon-box featured-box icon-box-left text-left is-small\"  >\n\t\t\t\t\t<div class=\"icon-box-img\" style=\"width: 60px\">\n\t\t\t\t<div class=\"icon\">\n\t\t\t\t\t<div class=\"icon-inner\" >\n\t\t\t\t\t\t<img loading=\"lazy\" decoding=\"async\" width=\"100\" height=\"100\" src=\"https:\/\/www.miravila.com\/wp-content\/uploads\/2020\/02\/all-weather-icon.png\" class=\"attachment-medium size-medium\" alt=\"all-weather-icon\" title=\"\">\t\t\t\t\t<\/div>\n\t\t\t\t<\/div>\n\t\t\t<\/div>\n\t\t\t\t<div class=\"icon-box-text last-reset\">\n\t\t\t\t\t\t<h6>ALL WEATHER<\/h6>\t\t\t\r\n\r\n\r\n\t\t<\/div>\n\t<\/div>\n\t\n\t\r\n\n\t\t<div class=\"icon-box featured-box icon-box-left text-left is-small\"  >\n\t\t\t\t\t<div class=\"icon-box-img\" style=\"width: 60px\">\n\t\t\t\t<div class=\"icon\">\n\t\t\t\t\t<div class=\"icon-inner\" >\n\t\t\t\t\t\t<img loading=\"lazy\" decoding=\"async\" width=\"100\" height=\"100\" src=\"https:\/\/www.miravila.com\/wp-content\/uploads\/2020\/02\/hand-made-icon.png\" class=\"attachment-medium size-medium\" alt=\"hand-made-icon\" title=\"\">\t\t\t\t\t<\/div>\n\t\t\t\t<\/div>\n\t\t\t<\/div>\n\t\t\t\t<div class=\"icon-box-text last-reset\">\n\t\t\t\t\t\t<h6>HAND MADE<\/h6>\t\t\t\r\n\r\n\r\n\t\t<\/div>\n\t<\/div>\n\t\n\t\r\n\r\n\t\t<\/div>\n\t\t\t\t\t<\/div>\n\n\t\r\n\r\n<\/div> \t\t<\/div>\n\t\t\t\t\t<\/div>\n\n\t\n<\/div>\n","protected":false},"excerpt":{"rendered":"","protected":false},"featured_media":1324,"comment_status":"closed","ping_status":"closed","template":"","meta":[],"product_brand":[],"product_cat":[520,519,514,513,517,518,157,159,35,68,127,129,61],"product_tag":[],"class_list":{"0":"post-9024","1":"product","2":"type-product","3":"status-publish","4":"has-post-thumbnail","6":"product_cat-bilje-2","7":"product_cat-bilje","8":"product_cat-cvetje-2","9":"product_cat-cvetje","10":"product_cat-moderni","11":"product_cat-moderni-2","12":"product_cat-od-skoljaka","13":"product_cat-od-skoljaka-tegle-za-cvijece","14":"product_cat-posude-za-cvijece","15":"product_cat-tegle-za-cvijece","16":"product_cat-unutarnje","17":"product_cat-unutarnje-tegle-za-cvijece","18":"product_cat-zardinjere","19":"pa_barva-perla","20":"pa_barva-smeda","21":"pa_material-mother-of-pearl-skoljka","22":"pa_sirina-2461","23":"pa_sirina-2491","24":"pa_sirina-2484","25":"pa_uporaba-unutarnja","26":"pa_velikost-44x44x56cm","27":"pa_velikost-54x54x66cm","28":"pa_velikost-70x70x85cm","29":"pa_visina-2489","30":"pa_visina-2490","31":"pa_visina-2492","33":"first","34":"instock","35":"sale","36":"taxable","37":"shipping-taxable","38":"purchasable","39":"product-type-variable","40":"has-default-attributes"},"_links":{"self":[{"href":"https:\/\/www.miravila.com\/hr\/wp-json\/wp\/v2\/product\/9024","targetHints":{"allow":["GET"]}}],"collection":[{"href":"https:\/\/www.miravila.com\/hr\/wp-json\/wp\/v2\/product"}],"about":[{"href":"https:\/\/www.miravila.com\/hr\/wp-json\/wp\/v2\/types\/product"}],"replies":[{"embeddable":true,"href":"https:\/\/www.miravila.com\/hr\/wp-json\/wp\/v2\/comments?post=9024"}],"wp:featuredmedia":[{"embeddable":true,"href":"https:\/\/www.miravila.com\/hr\/wp-json\/wp\/v2\/media\/1324"}],"wp:attachment":[{"href":"https:\/\/www.miravila.com\/hr\/wp-json\/wp\/v2\/media?parent=9024"}],"wp:term":[{"taxonomy":"product_brand","embeddable":true,"href":"https:\/\/www.miravila.com\/hr\/wp-json\/wp\/v2\/product_brand?post=9024"},{"taxonomy":"product_cat","embeddable":true,"href":"https:\/\/www.miravila.com\/hr\/wp-json\/wp\/v2\/product_cat?post=9024"},{"taxonomy":"product_tag","embeddable":true,"href":"https:\/\/www.miravila.com\/hr\/wp-json\/wp\/v2\/product_tag?post=9024"}],"curies":[{"name":"wp","href":"https:\/\/api.w.org\/{rel}","templated":true}]}}