{"id":8993,"date":"2020-03-26T13:20:32","date_gmt":"2020-03-26T12:20:32","guid":{"rendered":"https:\/\/www.miravila.com\/product\/bowl-mother-of-pearl-white\/"},"modified":"2026-02-12T02:13:26","modified_gmt":"2026-02-12T01:13:26","slug":"bowl-mother-of-pearl-white","status":"publish","type":"product","link":"https:\/\/www.miravila.com\/hr\/bowl-mother-of-pearl-white\/","title":{"rendered":"Bowl Mother of pearl white"},"content":{"rendered":"<div class=\"row\"  id=\"row-1348007894\">\n\n\t<div id=\"col-1478529129\" class=\"col medium-8 small-12 large-8\"  >\n\t\t\t\t<div class=\"col-inner\"  >\n\t\t\t\n\t\t\t\n<div class=\"accordion\">\n\t<div id=\"accordion-1123925310\" class=\"accordion-item\">\n\t\t<a id=\"accordion-1123925310-label\" class=\"accordion-title plain active\" href=\"#accordion-item-opis\" aria-expanded=\"true\" aria-controls=\"accordion-1123925310-content\">\n\t\t\t<button class=\"toggle\" aria-label=\"Toggle\"><i class=\"icon-angle-down\" aria-hidden=\"true\"><\/i><\/button>\n\t\t\t<span>OPIS<\/span>\n\t\t<\/a>\n\t\t<div id=\"accordion-1123925310-content\" class=\"accordion-inner\" style=\"display: block;\" aria-labelledby=\"accordion-1123925310-label\">\n\t\t\t\n<p>Ukoliko ste osoba koja vi\u0161e od svega voli miris mora, moramo Vas obavijestiti kako je na\u0161 tim stru\u010dnjaka u tom slu\u010daju sa\u010dinio savr\u0161enu \u017eardinjeru za Vas!<\/p>\n<p>Tegla za cvije\u0107e je napravljena od 100% \u0161koljki, te dolazi u svojoj prirodnoj boji. Nije pravilnog oblika, \u0161to dodaje na stilu.<\/p>\n<p>\u017dardinjera mo\u017ee poslu\u017eiti za vi\u0161e namena, a mi predla\u017eemo da u nju odlo\u017eite ili stvari koje mnogo volite, ili da pru\u017eite \u017eivot nekom prekrasnom malom cvijetu.<\/p>\n<p>Tegla za cvije\u0107e koja \u0107e definitivno odu\u0161eviti svakoga, preporu\u010damo da ju dr\u017eite unutar svoga doma zbog krhkih i prekrasnih matrijala od kojih je napravljena.<\/p>\n<p>Jeste li ve\u0107 zamislili na koje mjesto u Va\u0161em domu \u0107ete ju odlo\u017eiti?<\/p>\n\t\t<\/div>\n\t<\/div>\n\t\n\t<div id=\"accordion-2816181925\" class=\"accordion-item\">\n\t\t<a id=\"accordion-2816181925-label\" class=\"accordion-title plain\" href=\"#accordion-item-materijal\" aria-expanded=\"false\" aria-controls=\"accordion-2816181925-content\">\n\t\t\t<button class=\"toggle\" aria-label=\"Toggle\"><i class=\"icon-angle-down\" aria-hidden=\"true\"><\/i><\/button>\n\t\t\t<span>MATERIJAL<\/span>\n\t\t<\/a>\n\t\t<div id=\"accordion-2816181925-content\" class=\"accordion-inner\" aria-labelledby=\"accordion-2816181925-label\">\n\t\t\t\n<p>MOTHER OF PEARL \u0160KOLJKA<\/p>\n<p>Tegle za cvije\u0107e koje su sa\u010dinjene od pravih \u0161koljki postale su pravi hit \u0161irom svijeta! \u0160koljke su prave, a u njima su nekada bili biseri, odnosno perle.<\/p>\n<p>Ru\u010dni rad \u017eardinjera sa\u010dinjenih od pravih \u0161koljki je prava umjetnost! Uglavnom dolaze u dvije verzije, bru\u0161ene i lakirane, te se kupci odlu\u010duju na proizvod skladno u savr\u0161enom kombiniraju izgleda svog \u017eivotnog prostora.<\/p>\n<p>Va\u017eno je napomenuti da ljubitelji tegli za cvije\u0107e od pravih \u0161koljki trebaju dr\u017eati svoje \u017eardinjere u unutarnjim prostorijama za \u0161to du\u017ee trajanje. Kalup je izra\u0111en od poliestera na kojem se dodatno lijevaju \u0161koljke.<\/p>\n<p>Mother of Pearl daje profinjen izgled svakom predmetu, a ponajvi\u0161e je obo\u017eavan me\u0111u ljubiteljima cvije\u0107a jer unosi dodatni \u017eivot i otmjenost u takvoj kombinaciji.<\/p>\n<p>Vrlo \u010desto, ova sirovina je tako\u0111er i izbori pri unikatnim izradama poklona zbog svoje jedinstvenosti i sofisticiranosti.<\/p>\n<p>\u017dardinjere za cvije\u0107e napravljene od \u0161koljki su odvajkada krasile domove ljudi.<\/p>\n\t\t<\/div>\n\t<\/div>\n\t\n\t<div id=\"accordion-1062369290\" class=\"accordion-item\">\n\t\t<a id=\"accordion-1062369290-label\" class=\"accordion-title plain\" href=\"#accordion-item-faq\" aria-expanded=\"false\" aria-controls=\"accordion-1062369290-content\">\n\t\t\t<button class=\"toggle\" aria-label=\"Toggle\"><i class=\"icon-angle-down\" aria-hidden=\"true\"><\/i><\/button>\n\t\t\t<span>FAQ<\/span>\n\t\t<\/a>\n\t\t<div id=\"accordion-1062369290-content\" class=\"accordion-inner\" aria-labelledby=\"accordion-1062369290-label\">\n\t\t\t\n<ol>\r\n<li><strong> Gdje mogu vidjeti tegle za cvije\u0107e i \u017eardinjere prije kupnje na sajtu<br \/><\/strong><span style=\"color: #555555;\">Miravila prodaje svoje produkte samo online. Ne mo\u017ee se vidjeti nigdje u \u017eivo.<\/span><\/li>\r\n<li><strong> Koliko traje isporuka?<br \/><\/strong><span style=\"color: #555555;\">Ako je produkt na skladi\u0161tu, obi\u010dno mu treba od 3 do 5 dana nakon primitka uplate.<\/span><\/li>\r\n<li><strong> Tko snosi tro\u0161kove isporuke?<br \/><\/strong><span style=\"color: #555555;\">Dostava je besplatna.<\/span><\/li>\r\n<li><strong> Mogu li vratiti proizvod?<br \/><\/strong><span style=\"color: #555555;\">Da, proizvode mo\u017eete vratiti u roku od 30 dana, prema op\u0107imu vjetima povratka. Tro\u0161ak povratne dostave nosite vi.<\/span><\/li>\r\n<li><strong> Je li moja kupovina sigurna?<br \/><\/strong><span style=\"color: #555555;\">Va\u0161a kupovina i kreditna kartica su u potpunosti sigurni.<\/span><\/li>\r\n<li><strong> Mogu li povratiti novac vra\u0107aju\u0107i proizvod?<br \/><\/strong><span style=\"color: #555555;\">Da, mo\u017eete, u skladu s op\u0107imu vjetima politike povratka.<\/span><\/li>\r\n<li><strong> Imaju li tegle za cvije\u0107e sustav za samolijevanje?<br \/><\/strong><span style=\"color: #555555;\">Ne.<\/span><\/li>\r\n<li><strong> Od kojeg materijala se izra\u0111uju posude?<br \/><\/strong><span style=\"color: #555555;\">Ve\u0107ina ih je izra\u0111ena od polistona ili stakloplastike, keramike ili drveta i drugih prirodnih materijala.<\/span><\/li>\r\n<li><strong> Koje su tegle najbolji za vanjsku upotrebu?<br \/><\/strong><span style=\"color: #555555;\">Predla\u017eemo sadnice od polistonskog ili stakloplastike.<\/span><\/li>\r\n<li><strong> Koje na\u010dine pla\u0107anja prihva\u0107ate?<br \/><\/strong><span style=\"color: #555555;\">Visa, mastercard, PAYPAL<\/span><\/li>\r\n<\/ol>\n\t\t<\/div>\n\t<\/div>\n\t\n\t<div id=\"accordion-1871626794\" class=\"accordion-item\">\n\t\t<a id=\"accordion-1871626794-label\" class=\"accordion-title plain\" href=\"#accordion-item-dostava\" aria-expanded=\"false\" aria-controls=\"accordion-1871626794-content\">\n\t\t\t<button class=\"toggle\" aria-label=\"Toggle\"><i class=\"icon-angle-down\" aria-hidden=\"true\"><\/i><\/button>\n\t\t\t<span>DOSTAVA<\/span>\n\t\t<\/a>\n\t\t<div id=\"accordion-1871626794-content\" class=\"accordion-inner\" aria-labelledby=\"accordion-1871626794-label\">\n\t\t\t\n<p>Dostava je besplatna za cijelu Republiku Hrvatsku bez obzira na znesak kupovine.<\/p>\r\n<p>Dostavit \u0107e vam firma Intime ili GLS do vrat. Unos u stan ili zgradbu nije u cijeni i ne mo\u017ee se doplatiti.<\/p>\r\n<p>Obi\u010dno je rok izporuke 2 do 3 dana ali pridr\u017eujemo si pravico, da mo\u017ee biti rok isporuke du\u017ei.<\/p>\r\n<p>Kad dobite po\u0161iljku morate jo prije podpisa kuriru otvoriti i pregledati, da nije po\u0161kodovana. Kasnej\u0161ih reklamacij ne upo\u0161tevamo.<\/p>\n\t\t<\/div>\n\t<\/div>\n\t\n<\/div>\n\t\t<\/div>\n\t\t\t\t\t<\/div>\n\n\t\n\n\t<div id=\"col-100026232\" class=\"col medium-4 small-12 large-4\"  >\n\t\t\t\t<div class=\"col-inner\"  >\n\t\t\t\n\t\t\t <div class=\"row ikone\"  id=\"row-556551079\">\r\n\r\n\n\t<div id=\"col-1970663363\" class=\"col medium-6 small-6 large-6\"  >\n\t\t\t\t<div class=\"col-inner\"  >\n\t\t\t\n\t\t\t\r\n\r\n\n\t\t<div class=\"icon-box featured-box icon-box-left text-left is-small\"  >\n\t\t\t\t\t<div class=\"icon-box-img\" style=\"width: 60px\">\n\t\t\t\t<div class=\"icon\">\n\t\t\t\t\t<div class=\"icon-inner\" >\n\t\t\t\t\t\t<img loading=\"lazy\" decoding=\"async\" width=\"100\" height=\"100\" src=\"https:\/\/www.miravila.com\/wp-content\/uploads\/2020\/02\/lightweight-icon.png\" class=\"attachment-medium size-medium\" alt=\"lightweight-icon\" title=\"\">\t\t\t\t\t<\/div>\n\t\t\t\t<\/div>\n\t\t\t<\/div>\n\t\t\t\t<div class=\"icon-box-text last-reset\">\n\t\t\t\t\t\t<h6>LIGHTWEIGHT<\/h6>\t\t\t\r\n\r\n\r\n\t\t<\/div>\n\t<\/div>\n\t\n\t\r\n\n\t\t<div class=\"icon-box featured-box icon-box-left text-left is-small\"  >\n\t\t\t\t\t<div class=\"icon-box-img\" style=\"width: 60px\">\n\t\t\t\t<div class=\"icon\">\n\t\t\t\t\t<div class=\"icon-inner\" >\n\t\t\t\t\t\t<img loading=\"lazy\" decoding=\"async\" width=\"100\" height=\"100\" src=\"https:\/\/www.miravila.com\/wp-content\/uploads\/2020\/02\/easy-to-clean-icon.png\" class=\"attachment-medium size-medium\" alt=\"easy-to-clean-icon\" title=\"\">\t\t\t\t\t<\/div>\n\t\t\t\t<\/div>\n\t\t\t<\/div>\n\t\t\t\t<div class=\"icon-box-text last-reset\">\n\t\t\t\t\t\t<h6>EASY TO CLEAN<\/h6>\t\t\t\r\n\r\n\r\n\t\t<\/div>\n\t<\/div>\n\t\n\t\r\n\n\t\t<div class=\"icon-box featured-box icon-box-left text-left is-small\"  >\n\t\t\t\t\t<div class=\"icon-box-img\" style=\"width: 60px\">\n\t\t\t\t<div class=\"icon\">\n\t\t\t\t\t<div class=\"icon-inner\" >\n\t\t\t\t\t\t<img loading=\"lazy\" decoding=\"async\" width=\"100\" height=\"100\" src=\"https:\/\/www.miravila.com\/wp-content\/uploads\/2020\/02\/drill-hole-icon.png\" class=\"attachment-medium size-medium\" alt=\"drill-hole-icon\" title=\"\">\t\t\t\t\t<\/div>\n\t\t\t\t<\/div>\n\t\t\t<\/div>\n\t\t\t\t<div class=\"icon-box-text last-reset\">\n\t\t\t\t\t\t<h6>DRILL HOLE<\/h6>\t\t\t\r\n\r\n\t\t<\/div>\n\t<\/div>\n\t\n\t\r\n\r\n\t\t<\/div>\n\t\t\t\t\t<\/div>\n\n\t\r\n\n\t<div id=\"col-1539224390\" class=\"col medium-6 small-6 large-6\"  >\n\t\t\t\t<div class=\"col-inner\"  >\n\t\t\t\n\t\t\t\r\n\r\n\n\t\t<div class=\"icon-box featured-box icon-box-left text-left is-small\"  >\n\t\t\t\t\t<div class=\"icon-box-img\" style=\"width: 60px\">\n\t\t\t\t<div class=\"icon\">\n\t\t\t\t\t<div class=\"icon-inner\" >\n\t\t\t\t\t\t<img loading=\"lazy\" decoding=\"async\" width=\"100\" height=\"100\" src=\"https:\/\/www.miravila.com\/wp-content\/uploads\/2020\/02\/frost-resistance-icon.png\" class=\"attachment-medium size-medium\" alt=\"frost-resistance-icon\" title=\"\">\t\t\t\t\t<\/div>\n\t\t\t\t<\/div>\n\t\t\t<\/div>\n\t\t\t\t<div class=\"icon-box-text last-reset\">\n\t\t\t\t\t\t<h6>FROST RESISTANCE<\/h6>\t\t\t\r\n\r\n\r\n\t\t<\/div>\n\t<\/div>\n\t\n\t\r\n\n\t\t<div class=\"icon-box featured-box icon-box-left text-left is-small\"  >\n\t\t\t\t\t<div class=\"icon-box-img\" style=\"width: 60px\">\n\t\t\t\t<div class=\"icon\">\n\t\t\t\t\t<div class=\"icon-inner\" >\n\t\t\t\t\t\t<img loading=\"lazy\" decoding=\"async\" width=\"100\" height=\"100\" src=\"https:\/\/www.miravila.com\/wp-content\/uploads\/2020\/02\/all-weather-icon.png\" class=\"attachment-medium size-medium\" alt=\"all-weather-icon\" title=\"\">\t\t\t\t\t<\/div>\n\t\t\t\t<\/div>\n\t\t\t<\/div>\n\t\t\t\t<div class=\"icon-box-text last-reset\">\n\t\t\t\t\t\t<h6>ALL WEATHER<\/h6>\t\t\t\r\n\r\n\r\n\t\t<\/div>\n\t<\/div>\n\t\n\t\r\n\n\t\t<div class=\"icon-box featured-box icon-box-left text-left is-small\"  >\n\t\t\t\t\t<div class=\"icon-box-img\" style=\"width: 60px\">\n\t\t\t\t<div class=\"icon\">\n\t\t\t\t\t<div class=\"icon-inner\" >\n\t\t\t\t\t\t<img loading=\"lazy\" decoding=\"async\" width=\"100\" height=\"100\" src=\"https:\/\/www.miravila.com\/wp-content\/uploads\/2020\/02\/hand-made-icon.png\" class=\"attachment-medium size-medium\" alt=\"hand-made-icon\" title=\"\">\t\t\t\t\t<\/div>\n\t\t\t\t<\/div>\n\t\t\t<\/div>\n\t\t\t\t<div class=\"icon-box-text last-reset\">\n\t\t\t\t\t\t<h6>HAND MADE<\/h6>\t\t\t\r\n\r\n\r\n\t\t<\/div>\n\t<\/div>\n\t\n\t\r\n\r\n\t\t<\/div>\n\t\t\t\t\t<\/div>\n\n\t\r\n\r\n<\/div> \t\t<\/div>\n\t\t\t\t\t<\/div>\n\n\t\n<\/div>\n","protected":false},"excerpt":{"rendered":"","protected":false},"featured_media":1305,"comment_status":"closed","ping_status":"closed","template":"","meta":[],"product_brand":[],"product_cat":[78,115,519,520,513,514,517,518,157,159,35,68,129,127,61],"product_tag":[],"class_list":{"0":"post-8993","1":"product","2":"type-product","3":"status-publish","4":"has-post-thumbnail","6":"product_cat-bijele","7":"product_cat-bijele-tegle-za-cvijece","8":"product_cat-bilje","9":"product_cat-bilje-2","10":"product_cat-cvetje","11":"product_cat-cvetje-2","12":"product_cat-moderni","13":"product_cat-moderni-2","14":"product_cat-od-skoljaka","15":"product_cat-od-skoljaka-tegle-za-cvijece","16":"product_cat-posude-za-cvijece","17":"product_cat-tegle-za-cvijece","18":"product_cat-unutarnje-tegle-za-cvijece","19":"product_cat-unutarnje","20":"product_cat-zardinjere","21":"pa_barva-bijela","22":"pa_barva-perla","23":"pa_material-mother-of-pearl-skoljka","24":"pa_sirina-2448","25":"pa_sirina-2444","26":"pa_sirina-2484","27":"pa_uporaba-unutarnja","28":"pa_velikost-40x40x24cm","29":"pa_velikost-60x55x33cm","30":"pa_velikost-70x74x36cm","31":"pa_visina-2481","32":"pa_visina-2482","33":"pa_visina-2483","35":"first","36":"instock","37":"sale","38":"taxable","39":"shipping-taxable","40":"purchasable","41":"product-type-variable","42":"has-default-attributes"},"_links":{"self":[{"href":"https:\/\/www.miravila.com\/hr\/wp-json\/wp\/v2\/product\/8993","targetHints":{"allow":["GET"]}}],"collection":[{"href":"https:\/\/www.miravila.com\/hr\/wp-json\/wp\/v2\/product"}],"about":[{"href":"https:\/\/www.miravila.com\/hr\/wp-json\/wp\/v2\/types\/product"}],"replies":[{"embeddable":true,"href":"https:\/\/www.miravila.com\/hr\/wp-json\/wp\/v2\/comments?post=8993"}],"wp:featuredmedia":[{"embeddable":true,"href":"https:\/\/www.miravila.com\/hr\/wp-json\/wp\/v2\/media\/1305"}],"wp:attachment":[{"href":"https:\/\/www.miravila.com\/hr\/wp-json\/wp\/v2\/media?parent=8993"}],"wp:term":[{"taxonomy":"product_brand","embeddable":true,"href":"https:\/\/www.miravila.com\/hr\/wp-json\/wp\/v2\/product_brand?post=8993"},{"taxonomy":"product_cat","embeddable":true,"href":"https:\/\/www.miravila.com\/hr\/wp-json\/wp\/v2\/product_cat?post=8993"},{"taxonomy":"product_tag","embeddable":true,"href":"https:\/\/www.miravila.com\/hr\/wp-json\/wp\/v2\/product_tag?post=8993"}],"curies":[{"name":"wp","href":"https:\/\/api.w.org\/{rel}","templated":true}]}}