{"id":8973,"date":"2020-03-26T13:20:18","date_gmt":"2020-03-26T12:20:18","guid":{"rendered":"https:\/\/www.miravila.com\/product\/black-partner-bea\/"},"modified":"2026-04-09T02:12:23","modified_gmt":"2026-04-09T00:12:23","slug":"black-partner-bea","status":"publish","type":"product","link":"https:\/\/www.miravila.com\/hr\/black-partner-bea\/","title":{"rendered":"Black Partner Bea"},"content":{"rendered":"<div class=\"row\"  id=\"row-587080709\">\n\n\t<div id=\"col-1768495503\" class=\"col medium-8 small-12 large-8\"  >\n\t\t\t\t<div class=\"col-inner\"  >\n\t\t\t\n\t\t\t\n<div class=\"accordion\">\n\t<div id=\"accordion-3450259321\" class=\"accordion-item\">\n\t\t<a id=\"accordion-3450259321-label\" class=\"accordion-title plain active\" href=\"#accordion-item-opis\" aria-expanded=\"true\" aria-controls=\"accordion-3450259321-content\">\n\t\t\t<button class=\"toggle\" aria-label=\"Toggle\"><i class=\"icon-angle-down\" aria-hidden=\"true\"><\/i><\/button>\n\t\t\t<span>OPIS<\/span>\n\t\t<\/a>\n\t\t<div id=\"accordion-3450259321-content\" class=\"accordion-inner\" style=\"display: block;\" aria-labelledby=\"accordion-3450259321-label\">\n\t\t\t\n<p>U potrazi ste za idealnom veli\u010dinom i visinom tegle za cvije\u0107e? \u017delite ne\u0161to jednostavno, a opet potpuno druk\u010dije? Na\u0161a \u017eardinjera crne boje sa rebrima, polu-visokog gabarita je idealna kao budu\u0107i dom za svaki cvijet. Predla\u017eemo da probate gajiti i za\u010dinsko bilje u ovoj prekrasnoj kerami\u010dkoj tegli za cvije\u0107e koja je tako\u0111er zastakljena.<\/p>\n<p>Detalji na \u017eardinjeri dodaju na sofisticiranosti, tako da ne mo\u017eete pogrije\u0161iti sa ovim odabirom. Razni vremenski uvijeti ne mogu nanijeti \u0161tetu Va\u0161em novom domu za cvije\u0107e, tako da je odabir na Vama \u017eelite li ju koristiti unutra ili van.<\/p>\n<p>Idealna je i kao poklon, jer je tako univerzalna, a opet druk\u010dija!<\/p>\n\t\t<\/div>\n\t<\/div>\n\t\n\t<div id=\"accordion-2452676000\" class=\"accordion-item\">\n\t\t<a id=\"accordion-2452676000-label\" class=\"accordion-title plain\" href=\"#accordion-item-materijal\" aria-expanded=\"false\" aria-controls=\"accordion-2452676000-content\">\n\t\t\t<button class=\"toggle\" aria-label=\"Toggle\"><i class=\"icon-angle-down\" aria-hidden=\"true\"><\/i><\/button>\n\t\t\t<span>MATERIJAL<\/span>\n\t\t<\/a>\n\t\t<div id=\"accordion-2452676000-content\" class=\"accordion-inner\" aria-labelledby=\"accordion-2452676000-label\">\n\t\t\t\n<p>KERAMIKA<\/p>\n<p>Glazirana keramika poznata i pod nazivom granitogrez, uglavnom je jedan od naj\u010de\u0161\u0107ih izbora za izradu raznih tegli za cvije\u0107e te \u017eardinjera. Pe\u010dena je na 900 stupnjeva \u0161to dodaje njezinoj otpornosti. Zimi, te pri ostalim vremenskim nepogodama sa previsokim ili preniskim temperaturama ne puca, iz razloga \u0161to ne mo\u017ee upiti vodu. Boja tako\u0111er ostaje postojanja, ne menja se ni na utjecat UV zraka.<\/p>\n<p>Tegle za cvije\u0107e na\u010dinjene od keramike su te\u0161ke, ali to je tako\u0111er dodatni plus jer ih vjetar ne mo\u017ee sru\u0161iti. Prekrasne su boje i dolaze u raznim nijansama, od prirodnih i zemljanih do \u010dak jarkih i izra\u017eenijih. Na teglama za cvije\u0107e od keramike mo\u017ee se potsi\u0107i i metalni efekt. Ne \u010dudi da je keramika \u010desto prvi izbor kupaca, ponajvi\u0161e zbog prekrasnog izgleda, ali i otpornosti koju pru\u017ea.<\/p>\n<p>Kada se radi o samoj keramici, va\u017eno je napomenuti da je ona proizvod sa\u010dinjen od raznih glinenih sirovina.<\/p>\n\t\t<\/div>\n\t<\/div>\n\t\n\t<div id=\"accordion-272611050\" class=\"accordion-item\">\n\t\t<a id=\"accordion-272611050-label\" class=\"accordion-title plain\" href=\"#accordion-item-faq\" aria-expanded=\"false\" aria-controls=\"accordion-272611050-content\">\n\t\t\t<button class=\"toggle\" aria-label=\"Toggle\"><i class=\"icon-angle-down\" aria-hidden=\"true\"><\/i><\/button>\n\t\t\t<span>FAQ<\/span>\n\t\t<\/a>\n\t\t<div id=\"accordion-272611050-content\" class=\"accordion-inner\" aria-labelledby=\"accordion-272611050-label\">\n\t\t\t\n<ol>\r\n<li><strong> Gdje mogu vidjeti tegle za cvije\u0107e i \u017eardinjere prije kupnje na sajtu<br \/><\/strong><span style=\"color: #555555;\">Miravila prodaje svoje produkte samo online. Ne mo\u017ee se vidjeti nigdje u \u017eivo.<\/span><\/li>\r\n<li><strong> Koliko traje isporuka?<br \/><\/strong><span style=\"color: #555555;\">Ako je produkt na skladi\u0161tu, obi\u010dno mu treba od 3 do 5 dana nakon primitka uplate.<\/span><\/li>\r\n<li><strong> Tko snosi tro\u0161kove isporuke?<br \/><\/strong><span style=\"color: #555555;\">Dostava je besplatna.<\/span><\/li>\r\n<li><strong> Mogu li vratiti proizvod?<br \/><\/strong><span style=\"color: #555555;\">Da, proizvode mo\u017eete vratiti u roku od 30 dana, prema op\u0107imu vjetima povratka. Tro\u0161ak povratne dostave nosite vi.<\/span><\/li>\r\n<li><strong> Je li moja kupovina sigurna?<br \/><\/strong><span style=\"color: #555555;\">Va\u0161a kupovina i kreditna kartica su u potpunosti sigurni.<\/span><\/li>\r\n<li><strong> Mogu li povratiti novac vra\u0107aju\u0107i proizvod?<br \/><\/strong><span style=\"color: #555555;\">Da, mo\u017eete, u skladu s op\u0107imu vjetima politike povratka.<\/span><\/li>\r\n<li><strong> Imaju li tegle za cvije\u0107e sustav za samolijevanje?<br \/><\/strong><span style=\"color: #555555;\">Ne.<\/span><\/li>\r\n<li><strong> Od kojeg materijala se izra\u0111uju posude?<br \/><\/strong><span style=\"color: #555555;\">Ve\u0107ina ih je izra\u0111ena od polistona ili stakloplastike, keramike ili drveta i drugih prirodnih materijala.<\/span><\/li>\r\n<li><strong> Koje su tegle najbolji za vanjsku upotrebu?<br \/><\/strong><span style=\"color: #555555;\">Predla\u017eemo sadnice od polistonskog ili stakloplastike.<\/span><\/li>\r\n<li><strong> Koje na\u010dine pla\u0107anja prihva\u0107ate?<br \/><\/strong><span style=\"color: #555555;\">Visa, mastercard, PAYPAL<\/span><\/li>\r\n<\/ol>\n\t\t<\/div>\n\t<\/div>\n\t\n\t<div id=\"accordion-1340588685\" class=\"accordion-item\">\n\t\t<a id=\"accordion-1340588685-label\" class=\"accordion-title plain\" href=\"#accordion-item-dostava\" aria-expanded=\"false\" aria-controls=\"accordion-1340588685-content\">\n\t\t\t<button class=\"toggle\" aria-label=\"Toggle\"><i class=\"icon-angle-down\" aria-hidden=\"true\"><\/i><\/button>\n\t\t\t<span>DOSTAVA<\/span>\n\t\t<\/a>\n\t\t<div id=\"accordion-1340588685-content\" class=\"accordion-inner\" aria-labelledby=\"accordion-1340588685-label\">\n\t\t\t\n<p>Dostava je besplatna za cijelu Republiku Hrvatsku bez obzira na znesak kupovine.<\/p>\r\n<p>Dostavit \u0107e vam firma Intime ili GLS do vrat. Unos u stan ili zgradbu nije u cijeni i ne mo\u017ee se doplatiti.<\/p>\r\n<p>Obi\u010dno je rok izporuke 2 do 3 dana ali pridr\u017eujemo si pravico, da mo\u017ee biti rok isporuke du\u017ei.<\/p>\r\n<p>Kad dobite po\u0161iljku morate jo prije podpisa kuriru otvoriti i pregledati, da nije po\u0161kodovana. Kasnej\u0161ih reklamacij ne upo\u0161tevamo.<\/p>\n\t\t<\/div>\n\t<\/div>\n\t\n<\/div>\n\t\t<\/div>\n\t\t\t\t\t<\/div>\n\n\t\n\n\t<div id=\"col-1376390963\" class=\"col medium-4 small-12 large-4\"  >\n\t\t\t\t<div class=\"col-inner\"  >\n\t\t\t\n\t\t\t <div class=\"row ikone\"  id=\"row-146886090\">\r\n\r\n\n\t<div id=\"col-790326071\" class=\"col medium-6 small-6 large-6\"  >\n\t\t\t\t<div class=\"col-inner\"  >\n\t\t\t\n\t\t\t\r\n\r\n\n\t\t<div class=\"icon-box featured-box icon-box-left text-left is-small\"  >\n\t\t\t\t\t<div class=\"icon-box-img\" style=\"width: 60px\">\n\t\t\t\t<div class=\"icon\">\n\t\t\t\t\t<div class=\"icon-inner\" >\n\t\t\t\t\t\t<img loading=\"lazy\" decoding=\"async\" width=\"100\" height=\"100\" src=\"https:\/\/www.miravila.com\/wp-content\/uploads\/2020\/02\/lightweight-icon.png\" class=\"attachment-medium size-medium\" alt=\"lightweight-icon\" title=\"\">\t\t\t\t\t<\/div>\n\t\t\t\t<\/div>\n\t\t\t<\/div>\n\t\t\t\t<div class=\"icon-box-text last-reset\">\n\t\t\t\t\t\t<h6>LIGHTWEIGHT<\/h6>\t\t\t\r\n\r\n\r\n\t\t<\/div>\n\t<\/div>\n\t\n\t\r\n\n\t\t<div class=\"icon-box featured-box icon-box-left text-left is-small\"  >\n\t\t\t\t\t<div class=\"icon-box-img\" style=\"width: 60px\">\n\t\t\t\t<div class=\"icon\">\n\t\t\t\t\t<div class=\"icon-inner\" >\n\t\t\t\t\t\t<img loading=\"lazy\" decoding=\"async\" width=\"100\" height=\"100\" src=\"https:\/\/www.miravila.com\/wp-content\/uploads\/2020\/02\/easy-to-clean-icon.png\" class=\"attachment-medium size-medium\" alt=\"easy-to-clean-icon\" title=\"\">\t\t\t\t\t<\/div>\n\t\t\t\t<\/div>\n\t\t\t<\/div>\n\t\t\t\t<div class=\"icon-box-text last-reset\">\n\t\t\t\t\t\t<h6>EASY TO CLEAN<\/h6>\t\t\t\r\n\r\n\r\n\t\t<\/div>\n\t<\/div>\n\t\n\t\r\n\n\t\t<div class=\"icon-box featured-box icon-box-left text-left is-small\"  >\n\t\t\t\t\t<div class=\"icon-box-img\" style=\"width: 60px\">\n\t\t\t\t<div class=\"icon\">\n\t\t\t\t\t<div class=\"icon-inner\" >\n\t\t\t\t\t\t<img loading=\"lazy\" decoding=\"async\" width=\"100\" height=\"100\" src=\"https:\/\/www.miravila.com\/wp-content\/uploads\/2020\/02\/drill-hole-icon.png\" class=\"attachment-medium size-medium\" alt=\"drill-hole-icon\" title=\"\">\t\t\t\t\t<\/div>\n\t\t\t\t<\/div>\n\t\t\t<\/div>\n\t\t\t\t<div class=\"icon-box-text last-reset\">\n\t\t\t\t\t\t<h6>DRILL HOLE<\/h6>\t\t\t\r\n\r\n\r\n\t\t<\/div>\n\t<\/div>\n\t\n\t\r\n\n\t\t<div class=\"icon-box featured-box icon-box-left text-left is-small\"  >\n\t\t\t\t\t<div class=\"icon-box-img\" style=\"width: 60px\">\n\t\t\t\t<div class=\"icon\">\n\t\t\t\t\t<div class=\"icon-inner\" >\n\t\t\t\t\t\t<img loading=\"lazy\" decoding=\"async\" width=\"100\" height=\"100\" src=\"https:\/\/www.miravila.com\/wp-content\/uploads\/2020\/02\/in-out-icon.png\" class=\"attachment-medium size-medium\" alt=\"in-out-icon\" title=\"\">\t\t\t\t\t<\/div>\n\t\t\t\t<\/div>\n\t\t\t<\/div>\n\t\t\t\t<div class=\"icon-box-text last-reset\">\n\t\t\t\t\t\t<h6>INDOOR-OUTDOT<\/h6>\t\t\t\r\n\r\n\r\n\t\t<\/div>\n\t<\/div>\n\t\n\t\r\n\r\n\t\t<\/div>\n\t\t\t\t\t<\/div>\n\n\t\r\n\n\t<div id=\"col-535308815\" class=\"col medium-6 small-6 large-6\"  >\n\t\t\t\t<div class=\"col-inner\"  >\n\t\t\t\n\t\t\t\r\n\r\n\n\t\t<div class=\"icon-box featured-box icon-box-left text-left is-small\"  >\n\t\t\t\t\t<div class=\"icon-box-img\" style=\"width: 60px\">\n\t\t\t\t<div class=\"icon\">\n\t\t\t\t\t<div class=\"icon-inner\" >\n\t\t\t\t\t\t<img loading=\"lazy\" decoding=\"async\" width=\"100\" height=\"100\" src=\"https:\/\/www.miravila.com\/wp-content\/uploads\/2020\/02\/frost-resistance-icon.png\" class=\"attachment-medium size-medium\" alt=\"frost-resistance-icon\" title=\"\">\t\t\t\t\t<\/div>\n\t\t\t\t<\/div>\n\t\t\t<\/div>\n\t\t\t\t<div class=\"icon-box-text last-reset\">\n\t\t\t\t\t\t<h6>FROST RESISTANCE<\/h6>\t\t\t\r\n\r\n\r\n\t\t<\/div>\n\t<\/div>\n\t\n\t\r\n\n\t\t<div class=\"icon-box featured-box icon-box-left text-left is-small\"  >\n\t\t\t\t\t<div class=\"icon-box-img\" style=\"width: 60px\">\n\t\t\t\t<div class=\"icon\">\n\t\t\t\t\t<div class=\"icon-inner\" >\n\t\t\t\t\t\t<img loading=\"lazy\" decoding=\"async\" width=\"100\" height=\"100\" src=\"https:\/\/www.miravila.com\/wp-content\/uploads\/2020\/02\/all-weather-icon.png\" class=\"attachment-medium size-medium\" alt=\"all-weather-icon\" title=\"\">\t\t\t\t\t<\/div>\n\t\t\t\t<\/div>\n\t\t\t<\/div>\n\t\t\t\t<div class=\"icon-box-text last-reset\">\n\t\t\t\t\t\t<h6>ALL WEATHER<\/h6>\t\t\t\r\n\r\n\r\n\t\t<\/div>\n\t<\/div>\n\t\n\t\r\n\n\t\t<div class=\"icon-box featured-box icon-box-left text-left is-small\"  >\n\t\t\t\t\t<div class=\"icon-box-img\" style=\"width: 60px\">\n\t\t\t\t<div class=\"icon\">\n\t\t\t\t\t<div class=\"icon-inner\" >\n\t\t\t\t\t\t<img loading=\"lazy\" decoding=\"async\" width=\"100\" height=\"100\" src=\"https:\/\/www.miravila.com\/wp-content\/uploads\/2020\/02\/hand-made-icon.png\" class=\"attachment-medium size-medium\" alt=\"hand-made-icon\" title=\"\">\t\t\t\t\t<\/div>\n\t\t\t\t<\/div>\n\t\t\t<\/div>\n\t\t\t\t<div class=\"icon-box-text last-reset\">\n\t\t\t\t\t\t<h6>HAND MADE<\/h6>\t\t\t\r\n\r\n\r\n\t\t<\/div>\n\t<\/div>\n\t\n\t\r\n\n\t\t<div class=\"icon-box featured-box icon-box-left text-left is-small\"  >\n\t\t\t\t\t<div class=\"icon-box-img\" style=\"width: 60px\">\n\t\t\t\t<div class=\"icon\">\n\t\t\t\t\t<div class=\"icon-inner\" >\n\t\t\t\t\t\t<img loading=\"lazy\" decoding=\"async\" width=\"100\" height=\"100\" src=\"https:\/\/www.miravila.com\/wp-content\/uploads\/2020\/02\/uv-resistant-icon.png\" class=\"attachment-medium size-medium\" alt=\"uv-resistant-icon\" title=\"\">\t\t\t\t\t<\/div>\n\t\t\t\t<\/div>\n\t\t\t<\/div>\n\t\t\t\t<div class=\"icon-box-text last-reset\">\n\t\t\t\t\t\t<h6>UV RESISTANT<\/h6>\t\t\t\r\n\r\n\r\n\t\t<\/div>\n\t<\/div>\n\t\n\t\r\n\r\n\t\t<\/div>\n\t\t\t\t\t<\/div>\n\n\t\r\n\r\n<\/div> \t\t<\/div>\n\t\t\t\t\t<\/div>\n\n\t\n<\/div>\n","protected":false},"excerpt":{"rendered":"","protected":false},"featured_media":1347,"comment_status":"closed","ping_status":"closed","template":"","meta":[],"product_brand":[],"product_cat":[519,520,133,135,513,514,143,145,517,518,35,68,127,129,79,113,511,512,515,516,61],"product_tag":[],"class_list":{"0":"post-8973","1":"product","2":"type-product","3":"status-publish","4":"has-post-thumbnail","6":"product_cat-bilje","7":"product_cat-bilje-2","8":"product_cat-crne","9":"product_cat-crne-tegle-za-cvijece","10":"product_cat-cvetje","11":"product_cat-cvetje-2","12":"product_cat-keramicke","13":"product_cat-keramicke-tegle-za-cvijece","14":"product_cat-moderni","15":"product_cat-moderni-2","16":"product_cat-posude-za-cvijece","17":"product_cat-tegle-za-cvijece","18":"product_cat-unutarnje","19":"product_cat-unutarnje-tegle-za-cvijece","20":"product_cat-vanjske","21":"product_cat-vanjske-tegle-za-cvijece","22":"product_cat-visoke","23":"product_cat-visoke-2","24":"product_cat-vrt","25":"product_cat-vrt-2","26":"product_cat-zardinjere","27":"pa_barva-crna","28":"pa_material-keramika","29":"pa_sirina-2461","30":"pa_sirina-2474","31":"pa_uporaba-unutarnja","32":"pa_uporaba-vanjska","33":"pa_velikost-44x44x77cm","34":"pa_velikost-57x57x97cm","35":"pa_visina-2472","36":"pa_visina-2473","38":"first","39":"instock","40":"sale","41":"taxable","42":"shipping-taxable","43":"purchasable","44":"product-type-variable","45":"has-default-attributes"},"_links":{"self":[{"href":"https:\/\/www.miravila.com\/hr\/wp-json\/wp\/v2\/product\/8973","targetHints":{"allow":["GET"]}}],"collection":[{"href":"https:\/\/www.miravila.com\/hr\/wp-json\/wp\/v2\/product"}],"about":[{"href":"https:\/\/www.miravila.com\/hr\/wp-json\/wp\/v2\/types\/product"}],"replies":[{"embeddable":true,"href":"https:\/\/www.miravila.com\/hr\/wp-json\/wp\/v2\/comments?post=8973"}],"wp:featuredmedia":[{"embeddable":true,"href":"https:\/\/www.miravila.com\/hr\/wp-json\/wp\/v2\/media\/1347"}],"wp:attachment":[{"href":"https:\/\/www.miravila.com\/hr\/wp-json\/wp\/v2\/media?parent=8973"}],"wp:term":[{"taxonomy":"product_brand","embeddable":true,"href":"https:\/\/www.miravila.com\/hr\/wp-json\/wp\/v2\/product_brand?post=8973"},{"taxonomy":"product_cat","embeddable":true,"href":"https:\/\/www.miravila.com\/hr\/wp-json\/wp\/v2\/product_cat?post=8973"},{"taxonomy":"product_tag","embeddable":true,"href":"https:\/\/www.miravila.com\/hr\/wp-json\/wp\/v2\/product_tag?post=8973"}],"curies":[{"name":"wp","href":"https:\/\/api.w.org\/{rel}","templated":true}]}}