{"id":43333,"date":"2025-10-29T15:24:04","date_gmt":"2025-10-29T14:24:04","guid":{"rendered":"https:\/\/www.miravila.com\/?post_type=product&#038;p=43333"},"modified":"2026-02-05T02:13:53","modified_gmt":"2026-02-05T01:13:53","slug":"crvena-barsuna-misa","status":"publish","type":"product","link":"https:\/\/www.miravila.com\/hr\/crvena-barsuna-masna\/","title":{"rendered":"CRVENA BAR\u0160UNA MA\u0160NA"},"content":{"rendered":"","protected":false},"excerpt":{"rendered":"<p>Elegantna ma\u0161na od crvenog bar\u0161una, savr\u0161ena za ukras blagdanskog doma, bo\u017ei\u0107nog drvca ili poklona. Izra\u0111ena od mekog bar\u0161una, daje luksuzan izgled i toplinu blagdanskoj atmosferi. Jednostavno se postavlja i ponovno koristi.<\/p>\n","protected":false},"featured_media":43289,"comment_status":"closed","ping_status":"closed","template":"","meta":[],"product_brand":[],"product_cat":[2018,5338],"product_tag":[],"class_list":{"0":"post-43333","1":"product","2":"type-product","3":"status-publish","4":"has-post-thumbnail","6":"product_cat-bozic","7":"product_cat-masne-2","8":"pa_barva-crvena","9":"pa_velikost-15x25cm-2","10":"pa_velikost-25x35cm-2","11":"pa_velikost-33x43cm-2","13":"first","14":"instock","15":"taxable","16":"shipping-taxable","17":"purchasable","18":"product-type-variable","19":"has-default-attributes"},"_links":{"self":[{"href":"https:\/\/www.miravila.com\/hr\/wp-json\/wp\/v2\/product\/43333","targetHints":{"allow":["GET"]}}],"collection":[{"href":"https:\/\/www.miravila.com\/hr\/wp-json\/wp\/v2\/product"}],"about":[{"href":"https:\/\/www.miravila.com\/hr\/wp-json\/wp\/v2\/types\/product"}],"replies":[{"embeddable":true,"href":"https:\/\/www.miravila.com\/hr\/wp-json\/wp\/v2\/comments?post=43333"}],"wp:featuredmedia":[{"embeddable":true,"href":"https:\/\/www.miravila.com\/hr\/wp-json\/wp\/v2\/media\/43289"}],"wp:attachment":[{"href":"https:\/\/www.miravila.com\/hr\/wp-json\/wp\/v2\/media?parent=43333"}],"wp:term":[{"taxonomy":"product_brand","embeddable":true,"href":"https:\/\/www.miravila.com\/hr\/wp-json\/wp\/v2\/product_brand?post=43333"},{"taxonomy":"product_cat","embeddable":true,"href":"https:\/\/www.miravila.com\/hr\/wp-json\/wp\/v2\/product_cat?post=43333"},{"taxonomy":"product_tag","embeddable":true,"href":"https:\/\/www.miravila.com\/hr\/wp-json\/wp\/v2\/product_tag?post=43333"}],"curies":[{"name":"wp","href":"https:\/\/api.w.org\/{rel}","templated":true}]}}