{"id":42743,"date":"2025-10-19T10:28:58","date_gmt":"2025-10-19T08:28:58","guid":{"rendered":"https:\/\/www.miravila.com\/product\/bozicno-drvce-rjavec\/"},"modified":"2026-02-17T02:12:35","modified_gmt":"2026-02-17T01:12:35","slug":"bozicno-drvce-rjavec","status":"publish","type":"product","link":"https:\/\/www.miravila.com\/hr\/product\/bozicno-drvce-rjavec\/","title":{"rendered":"Bo\u017ei\u0107no drvce RJAVEC"},"content":{"rendered":"","protected":false},"excerpt":{"rendered":"<p><strong><span style=\"color: #ed1c24;\">PRETPRODAJA -20% POPUSTA<\/span><\/strong><br \/>\nIskoristite sjajnu pretprodajnu akciju i 20% popusta na najljep\u0161a bo\u017ei\u0107na drvca. Akcija je vremenski ograni\u010dena, stoga po\u017eurite.<\/p>\n<p>Visokokvalitetno bo\u017ei\u0107no drvce s iglicama od 100% polietilena, \u0161to drvcu daje najprirodniji izgled. Ima bogati \u0161iljasti oblik.<\/p>\n<p>U cijelosti je izra\u0111eno od polietilenskih gran\u010dica, koje imaju izgled prave smreke.<\/p>\n<p>Ovo je najkvalitetnije drvce nove generacije s 3D iglicama.<\/p>\n<p>Drvce RJAVEC opremljena je metalnim postoljem.<\/p>\n","protected":false},"featured_media":42627,"comment_status":"closed","ping_status":"closed","template":"","meta":[],"product_brand":[],"product_cat":[2018,2258],"product_tag":[],"class_list":{"0":"post-42743","1":"product","2":"type-product","3":"status-publish","4":"has-post-thumbnail","6":"product_cat-bozic","7":"product_cat-bozicna-drvca","8":"pa_velikost-180cm","10":"first","11":"instock","12":"taxable","13":"shipping-taxable","14":"purchasable","15":"product-type-simple"},"_links":{"self":[{"href":"https:\/\/www.miravila.com\/hr\/wp-json\/wp\/v2\/product\/42743","targetHints":{"allow":["GET"]}}],"collection":[{"href":"https:\/\/www.miravila.com\/hr\/wp-json\/wp\/v2\/product"}],"about":[{"href":"https:\/\/www.miravila.com\/hr\/wp-json\/wp\/v2\/types\/product"}],"replies":[{"embeddable":true,"href":"https:\/\/www.miravila.com\/hr\/wp-json\/wp\/v2\/comments?post=42743"}],"wp:featuredmedia":[{"embeddable":true,"href":"https:\/\/www.miravila.com\/hr\/wp-json\/wp\/v2\/media\/42627"}],"wp:attachment":[{"href":"https:\/\/www.miravila.com\/hr\/wp-json\/wp\/v2\/media?parent=42743"}],"wp:term":[{"taxonomy":"product_brand","embeddable":true,"href":"https:\/\/www.miravila.com\/hr\/wp-json\/wp\/v2\/product_brand?post=42743"},{"taxonomy":"product_cat","embeddable":true,"href":"https:\/\/www.miravila.com\/hr\/wp-json\/wp\/v2\/product_cat?post=42743"},{"taxonomy":"product_tag","embeddable":true,"href":"https:\/\/www.miravila.com\/hr\/wp-json\/wp\/v2\/product_tag?post=42743"}],"curies":[{"name":"wp","href":"https:\/\/api.w.org\/{rel}","templated":true}]}}