{"id":42144,"date":"2025-09-11T10:35:16","date_gmt":"2025-09-11T08:35:16","guid":{"rendered":"https:\/\/www.miravila.com\/product\/sir-grana-padano-kolut-h-23d-44-cm\/"},"modified":"2025-09-11T10:44:44","modified_gmt":"2025-09-11T08:44:44","slug":"sir-grana-padano-kolut-h-23d-44-cm","status":"publish","type":"product","link":"https:\/\/www.miravila.com\/hr\/proizvod\/sir-grana-padano-kolut-h-23d-44-cm\/","title":{"rendered":"SIR GRANA PADANO KOLUT H-23,D-44 CM"},"content":{"rendered":"<p>Ova umjetna kocka Grana Padano izuzetno je realisti\u010dna dekoracija koja stvara dojam pravog sira. Njegov autenti\u010dan oblik, \u017euta boja i karakteristi\u010dni utisnuti natpisi osiguravaju savr\u0161enu imitaciju pravog talijanskog sira Grana Padano.<\/p>\n<p>Izra\u0111en je od kvalitetnih, trajnih materijala otpornih na o\u0161te\u0107enja, \u0161to osigurava dug \u017eivotni vijek i jednostavno odr\u017eavanje. Odli\u010dan je za upotrebu u trgovinskim izlozima, na kulinarskim sajmovima, u restoranima, pri fotografskim prezentacijama ili kao jedinstvena dekoracija u domu.<\/p>\n","protected":false},"excerpt":{"rendered":"<p>Umjetni kota\u010d Grana Padano \u2013 realisti\u010dna dekoracija za kuhinje, trgovinske izlo\u017ebe, sajmove i kulinarske prezentacije.<\/p>\n","protected":false},"featured_media":42064,"comment_status":"closed","ping_status":"open","template":"","meta":[],"product_brand":[],"product_cat":[5284],"product_tag":[],"class_list":{"0":"post-42144","1":"product","2":"type-product","3":"status-publish","4":"has-post-thumbnail","6":"product_cat-umjetna-hrana","8":"first","9":"outofstock","10":"taxable","11":"shipping-taxable","12":"purchasable","13":"product-type-simple"},"_links":{"self":[{"href":"https:\/\/www.miravila.com\/hr\/wp-json\/wp\/v2\/product\/42144","targetHints":{"allow":["GET"]}}],"collection":[{"href":"https:\/\/www.miravila.com\/hr\/wp-json\/wp\/v2\/product"}],"about":[{"href":"https:\/\/www.miravila.com\/hr\/wp-json\/wp\/v2\/types\/product"}],"replies":[{"embeddable":true,"href":"https:\/\/www.miravila.com\/hr\/wp-json\/wp\/v2\/comments?post=42144"}],"wp:featuredmedia":[{"embeddable":true,"href":"https:\/\/www.miravila.com\/hr\/wp-json\/wp\/v2\/media\/42064"}],"wp:attachment":[{"href":"https:\/\/www.miravila.com\/hr\/wp-json\/wp\/v2\/media?parent=42144"}],"wp:term":[{"taxonomy":"product_brand","embeddable":true,"href":"https:\/\/www.miravila.com\/hr\/wp-json\/wp\/v2\/product_brand?post=42144"},{"taxonomy":"product_cat","embeddable":true,"href":"https:\/\/www.miravila.com\/hr\/wp-json\/wp\/v2\/product_cat?post=42144"},{"taxonomy":"product_tag","embeddable":true,"href":"https:\/\/www.miravila.com\/hr\/wp-json\/wp\/v2\/product_tag?post=42144"}],"curies":[{"name":"wp","href":"https:\/\/api.w.org\/{rel}","templated":true}]}}