{"id":42136,"date":"2025-09-11T10:35:16","date_gmt":"2025-09-11T08:35:16","guid":{"rendered":"https:\/\/www.miravila.com\/product\/kumara-x-1\/"},"modified":"2026-02-24T02:12:21","modified_gmt":"2026-02-24T01:12:21","slug":"kumara-x-1","status":"publish","type":"product","link":"https:\/\/www.miravila.com\/hr\/kumara-x-1\/","title":{"rendered":"KUMARA X 1"},"content":{"rendered":"<p>Ova umjetna krastavica izra\u0111ena je od kvalitetnog materijala koji opona\u0161a prirodni izgled i strukturu svje\u017eeg krastavca. S zelenkastom nijansom i karakteristi\u010dnim nepravilnostima na povr\u0161ini djeluje vrlo realisti\u010dno. <\/p>\n<p>Izvrsna je za dekoraciju kuhinje, trgovinskih izloga, aran\u017emana ili pozadina pri fotografiranju. Uvijek zadr\u017eava svje\u017e izgled i ne zahtijeva posebno odr\u017eavanje.<\/p>\n","protected":false},"excerpt":{"rendered":"<p>Umjetna krastavica \u2013 realisti\u010dna dekoracija<\/p>\n","protected":false},"featured_media":42024,"comment_status":"closed","ping_status":"open","template":"","meta":[],"product_brand":[],"product_cat":[5286,5284],"product_tag":[],"class_list":{"0":"post-42136","1":"product","2":"type-product","3":"status-publish","4":"has-post-thumbnail","6":"product_cat-povrce","7":"product_cat-umjetna-hrana","9":"first","10":"instock","11":"taxable","12":"shipping-taxable","13":"purchasable","14":"product-type-simple"},"_links":{"self":[{"href":"https:\/\/www.miravila.com\/hr\/wp-json\/wp\/v2\/product\/42136","targetHints":{"allow":["GET"]}}],"collection":[{"href":"https:\/\/www.miravila.com\/hr\/wp-json\/wp\/v2\/product"}],"about":[{"href":"https:\/\/www.miravila.com\/hr\/wp-json\/wp\/v2\/types\/product"}],"replies":[{"embeddable":true,"href":"https:\/\/www.miravila.com\/hr\/wp-json\/wp\/v2\/comments?post=42136"}],"wp:featuredmedia":[{"embeddable":true,"href":"https:\/\/www.miravila.com\/hr\/wp-json\/wp\/v2\/media\/42024"}],"wp:attachment":[{"href":"https:\/\/www.miravila.com\/hr\/wp-json\/wp\/v2\/media?parent=42136"}],"wp:term":[{"taxonomy":"product_brand","embeddable":true,"href":"https:\/\/www.miravila.com\/hr\/wp-json\/wp\/v2\/product_brand?post=42136"},{"taxonomy":"product_cat","embeddable":true,"href":"https:\/\/www.miravila.com\/hr\/wp-json\/wp\/v2\/product_cat?post=42136"},{"taxonomy":"product_tag","embeddable":true,"href":"https:\/\/www.miravila.com\/hr\/wp-json\/wp\/v2\/product_tag?post=42136"}],"curies":[{"name":"wp","href":"https:\/\/api.w.org\/{rel}","templated":true}]}}