{"id":42134,"date":"2025-09-11T10:35:16","date_gmt":"2025-09-11T08:35:16","guid":{"rendered":"https:\/\/www.miravila.com\/product\/jajce-celo-x-3-zavitek\/"},"modified":"2026-04-16T02:12:09","modified_gmt":"2026-04-16T00:12:09","slug":"jajce-celo-x-3-zavitek","status":"publish","type":"product","link":"https:\/\/www.miravila.com\/hr\/jajce-celo-x-3-zavitek\/","title":{"rendered":"JAJCE CELO X 3 ZAVITEK"},"content":{"rendered":"<p>Ovaj komplet sadr\u017ei 3 umjetna jaja, izra\u0111ena od izdr\u017eljivog materijala s prirodnim oblikama i glatkom povr\u0161inom. Odli\u010dan su izbor za dekoraciju stolova, aran\u017emana, trgovinskih izloga ili kulisa pri fotografiranju. <\/p>\n<p>Umjetna jaja su otpornija, uvijek zadr\u017eavaju lijep izgled i prakti\u010dna su alternativa pravim, kada \u017eelite trajnu dekoraciju bez brige o kvarenju.<\/p>\n","protected":false},"excerpt":{"rendered":"<p>Umjetna jaja \u2013 paket od 3 komada, realisti\u010dna dekoracija za kuhinju i aran\u017emane.<\/p>\n","protected":false},"featured_media":42014,"comment_status":"closed","ping_status":"open","template":"","meta":[],"product_brand":[],"product_cat":[5284],"product_tag":[],"class_list":{"0":"post-42134","1":"product","2":"type-product","3":"status-publish","4":"has-post-thumbnail","6":"product_cat-umjetna-hrana","8":"first","9":"outofstock","10":"taxable","11":"shipping-taxable","12":"purchasable","13":"product-type-simple"},"_links":{"self":[{"href":"https:\/\/www.miravila.com\/hr\/wp-json\/wp\/v2\/product\/42134","targetHints":{"allow":["GET"]}}],"collection":[{"href":"https:\/\/www.miravila.com\/hr\/wp-json\/wp\/v2\/product"}],"about":[{"href":"https:\/\/www.miravila.com\/hr\/wp-json\/wp\/v2\/types\/product"}],"replies":[{"embeddable":true,"href":"https:\/\/www.miravila.com\/hr\/wp-json\/wp\/v2\/comments?post=42134"}],"wp:featuredmedia":[{"embeddable":true,"href":"https:\/\/www.miravila.com\/hr\/wp-json\/wp\/v2\/media\/42014"}],"wp:attachment":[{"href":"https:\/\/www.miravila.com\/hr\/wp-json\/wp\/v2\/media?parent=42134"}],"wp:term":[{"taxonomy":"product_brand","embeddable":true,"href":"https:\/\/www.miravila.com\/hr\/wp-json\/wp\/v2\/product_brand?post=42134"},{"taxonomy":"product_cat","embeddable":true,"href":"https:\/\/www.miravila.com\/hr\/wp-json\/wp\/v2\/product_cat?post=42134"},{"taxonomy":"product_tag","embeddable":true,"href":"https:\/\/www.miravila.com\/hr\/wp-json\/wp\/v2\/product_tag?post=42134"}],"curies":[{"name":"wp","href":"https:\/\/api.w.org\/{rel}","templated":true}]}}