{"id":42133,"date":"2025-09-11T10:35:16","date_gmt":"2025-09-11T08:35:16","guid":{"rendered":"https:\/\/www.miravila.com\/product\/francuska-struca-pvc\/"},"modified":"2026-04-16T02:12:08","modified_gmt":"2026-04-16T00:12:08","slug":"francuska-struca-pvc","status":"publish","type":"product","link":"https:\/\/www.miravila.com\/hr\/francuska-struca-pvc\/","title":{"rendered":"FRANCUSKA \u0160TRUCA PVC"},"content":{"rendered":"<p>Ova umjetna baguette izgleda kao svje\u017ee pe\u010den francuski kruh i savr\u0161ena je za dekoraciju u pekari, restoranu, trgovini ili doma\u0107oj kuhinji. Zbog svog realisti\u010dnog izgleda unosi toplinu i doma\u010dnost u svaki ambijent.<\/p>\n<p>Prednost umjetnog kruha je ta \u0161to se nikada ne kvari, uvijek zadr\u017eava lijep izgled i mo\u017eete ga koristiti iznova i iznova za aran\u017emane, vitrine ili kao pozadinu pri fotografiranju.<\/p>\n","protected":false},"excerpt":{"rendered":"<p>Umjetna bageta \u2013 realisti\u010dan dekorativni kruh za dekoraciju stolova i izloga.<\/p>\n","protected":false},"featured_media":42009,"comment_status":"closed","ping_status":"open","template":"","meta":[],"product_brand":[],"product_cat":[5284],"product_tag":[],"class_list":{"0":"post-42133","1":"product","2":"type-product","3":"status-publish","4":"has-post-thumbnail","6":"product_cat-umjetna-hrana","8":"first","9":"instock","10":"taxable","11":"shipping-taxable","12":"purchasable","13":"product-type-simple"},"_links":{"self":[{"href":"https:\/\/www.miravila.com\/hr\/wp-json\/wp\/v2\/product\/42133","targetHints":{"allow":["GET"]}}],"collection":[{"href":"https:\/\/www.miravila.com\/hr\/wp-json\/wp\/v2\/product"}],"about":[{"href":"https:\/\/www.miravila.com\/hr\/wp-json\/wp\/v2\/types\/product"}],"replies":[{"embeddable":true,"href":"https:\/\/www.miravila.com\/hr\/wp-json\/wp\/v2\/comments?post=42133"}],"wp:featuredmedia":[{"embeddable":true,"href":"https:\/\/www.miravila.com\/hr\/wp-json\/wp\/v2\/media\/42009"}],"wp:attachment":[{"href":"https:\/\/www.miravila.com\/hr\/wp-json\/wp\/v2\/media?parent=42133"}],"wp:term":[{"taxonomy":"product_brand","embeddable":true,"href":"https:\/\/www.miravila.com\/hr\/wp-json\/wp\/v2\/product_brand?post=42133"},{"taxonomy":"product_cat","embeddable":true,"href":"https:\/\/www.miravila.com\/hr\/wp-json\/wp\/v2\/product_cat?post=42133"},{"taxonomy":"product_tag","embeddable":true,"href":"https:\/\/www.miravila.com\/hr\/wp-json\/wp\/v2\/product_tag?post=42133"}],"curies":[{"name":"wp","href":"https:\/\/api.w.org\/{rel}","templated":true}]}}