{"id":42132,"date":"2025-09-11T10:35:16","date_gmt":"2025-09-11T08:35:16","guid":{"rendered":"https:\/\/www.miravila.com\/product\/petersilj-sopek-x-6\/"},"modified":"2025-09-16T02:12:14","modified_gmt":"2025-09-16T00:12:14","slug":"petersilj-sopek-x-6","status":"publish","type":"product","link":"https:\/\/www.miravila.com\/hr\/petersilj-sopek-x-6\/","title":{"rendered":"PETER\u0160ILJ \u0160OPEK X 6"},"content":{"rendered":"<p>Ova divna umjetna buket per\u0161ina izgleda kao pravi svje\u017ei per\u0161un i donijet \u0107e prirodan dodir zelenila va\u0161em domu ili lokalu. Zbog realisti\u010dne izrade, prikladan je za kuhinju, restoran, blagovaonicu, postavke i dekorativne aran\u017emane.<\/p>\n<p>Prednost umjetnog per\u0161una je \u0161to ne treba zalijevanje, uvijek zadr\u017eava svje\u017e izgled i dugotrajan je.<\/p>\n","protected":false},"excerpt":{"rendered":"<p>Umjetni per\u0161un \u2013 dekorativni buket za kuhinju, blagovaonicu i ukrasne aran\u017emane.<\/p>\n","protected":false},"featured_media":42004,"comment_status":"closed","ping_status":"open","template":"","meta":[],"product_brand":[],"product_cat":[5284],"product_tag":[],"class_list":{"0":"post-42132","1":"product","2":"type-product","3":"status-publish","4":"has-post-thumbnail","6":"product_cat-umjetna-hrana","8":"first","9":"instock","10":"taxable","11":"shipping-taxable","12":"purchasable","13":"product-type-simple"},"_links":{"self":[{"href":"https:\/\/www.miravila.com\/hr\/wp-json\/wp\/v2\/product\/42132","targetHints":{"allow":["GET"]}}],"collection":[{"href":"https:\/\/www.miravila.com\/hr\/wp-json\/wp\/v2\/product"}],"about":[{"href":"https:\/\/www.miravila.com\/hr\/wp-json\/wp\/v2\/types\/product"}],"replies":[{"embeddable":true,"href":"https:\/\/www.miravila.com\/hr\/wp-json\/wp\/v2\/comments?post=42132"}],"wp:featuredmedia":[{"embeddable":true,"href":"https:\/\/www.miravila.com\/hr\/wp-json\/wp\/v2\/media\/42004"}],"wp:attachment":[{"href":"https:\/\/www.miravila.com\/hr\/wp-json\/wp\/v2\/media?parent=42132"}],"wp:term":[{"taxonomy":"product_brand","embeddable":true,"href":"https:\/\/www.miravila.com\/hr\/wp-json\/wp\/v2\/product_brand?post=42132"},{"taxonomy":"product_cat","embeddable":true,"href":"https:\/\/www.miravila.com\/hr\/wp-json\/wp\/v2\/product_cat?post=42132"},{"taxonomy":"product_tag","embeddable":true,"href":"https:\/\/www.miravila.com\/hr\/wp-json\/wp\/v2\/product_tag?post=42132"}],"curies":[{"name":"wp","href":"https:\/\/api.w.org\/{rel}","templated":true}]}}