{"id":42131,"date":"2025-09-11T10:35:09","date_gmt":"2025-09-11T08:35:09","guid":{"rendered":"https:\/\/www.miravila.com\/product\/rozmarin-soft-x-10-buquet\/"},"modified":"2025-09-11T10:44:41","modified_gmt":"2025-09-11T08:44:41","slug":"rozmarin-soft-x-10-buquet","status":"publish","type":"product","link":"https:\/\/www.miravila.com\/hr\/proizvod\/rozmarin-soft-x-10-buquet\/","title":{"rendered":"ROZMARIN SOFT X 10-BUQUET"},"content":{"rendered":"<p>Ovaj realisti\u010dni umjetni buket ru\u017emarina donosi da\u0161ak svje\u017eine u svaki prostor. Listovi su precizno oblikovani kako bi podsje\u0107ali na prirodni ru\u017emarin, stoga je savr\u0161en kao dekoracija za kuhinju, restoran, blagovaonicu ili rustikalne aran\u017emane. <\/p>\n<p>Ne treba zalijevanje ili posebnu njegu, a istovremeno zadr\u017eava svoju boju i oblik tijekom cijele godine.<\/p>\n","protected":false},"excerpt":{"rendered":"<p>Umjetni ru\u017emarin \u2013 dekorativni buket za kuhinju, blagovaonicu i rustikalne aran\u017emane.<\/p>\n","protected":false},"featured_media":41999,"comment_status":"closed","ping_status":"open","template":"","meta":[],"product_brand":[],"product_cat":[5286,5284],"product_tag":[],"class_list":{"0":"post-42131","1":"product","2":"type-product","3":"status-publish","4":"has-post-thumbnail","6":"product_cat-povrce","7":"product_cat-umjetna-hrana","9":"first","10":"outofstock","11":"taxable","12":"shipping-taxable","13":"purchasable","14":"product-type-simple"},"_links":{"self":[{"href":"https:\/\/www.miravila.com\/hr\/wp-json\/wp\/v2\/product\/42131","targetHints":{"allow":["GET"]}}],"collection":[{"href":"https:\/\/www.miravila.com\/hr\/wp-json\/wp\/v2\/product"}],"about":[{"href":"https:\/\/www.miravila.com\/hr\/wp-json\/wp\/v2\/types\/product"}],"replies":[{"embeddable":true,"href":"https:\/\/www.miravila.com\/hr\/wp-json\/wp\/v2\/comments?post=42131"}],"wp:featuredmedia":[{"embeddable":true,"href":"https:\/\/www.miravila.com\/hr\/wp-json\/wp\/v2\/media\/41999"}],"wp:attachment":[{"href":"https:\/\/www.miravila.com\/hr\/wp-json\/wp\/v2\/media?parent=42131"}],"wp:term":[{"taxonomy":"product_brand","embeddable":true,"href":"https:\/\/www.miravila.com\/hr\/wp-json\/wp\/v2\/product_brand?post=42131"},{"taxonomy":"product_cat","embeddable":true,"href":"https:\/\/www.miravila.com\/hr\/wp-json\/wp\/v2\/product_cat?post=42131"},{"taxonomy":"product_tag","embeddable":true,"href":"https:\/\/www.miravila.com\/hr\/wp-json\/wp\/v2\/product_tag?post=42131"}],"curies":[{"name":"wp","href":"https:\/\/api.w.org\/{rel}","templated":true}]}}