{"id":42130,"date":"2025-09-11T10:35:09","date_gmt":"2025-09-11T08:35:09","guid":{"rendered":"https:\/\/www.miravila.com\/product\/rak-x-1\/"},"modified":"2026-01-15T02:12:23","modified_gmt":"2026-01-15T01:12:23","slug":"rak-x-1","status":"publish","type":"product","link":"https:\/\/www.miravila.com\/hr\/rak-x-1\/","title":{"rendered":"RAK X 1"},"content":{"rendered":"<p>Ova umjetna rak je izra\u0111ena u prirodnoj veli\u010dini i boji, s iznimno precizno oblikovanim \u0161karama, nogama i oklopom. Odli\u010dno se uklapa kao dekoracija za riblje restorane, trgovine s morskim plodovima, catering postavke ili tematske aran\u017emane uz more. <\/p>\n<p>Izra\u0111ena od izdr\u017eljivog materijala koji zadr\u017eava boju i oblik, pogodna je za dugotrajnu upotrebu.<\/p>\n","protected":false},"excerpt":{"rendered":"<p>Umjetna rak \u2013 realisti\u010dna morska dekoracija u prirodnoj boji, prikladna za aran\u017emane, restorane i kulinarske prezentacije.<\/p>\n","protected":false},"featured_media":41994,"comment_status":"closed","ping_status":"open","template":"","meta":[],"product_brand":[],"product_cat":[5284],"product_tag":[],"class_list":{"0":"post-42130","1":"product","2":"type-product","3":"status-publish","4":"has-post-thumbnail","6":"product_cat-umjetna-hrana","8":"first","9":"instock","10":"taxable","11":"shipping-taxable","12":"purchasable","13":"product-type-simple"},"_links":{"self":[{"href":"https:\/\/www.miravila.com\/hr\/wp-json\/wp\/v2\/product\/42130","targetHints":{"allow":["GET"]}}],"collection":[{"href":"https:\/\/www.miravila.com\/hr\/wp-json\/wp\/v2\/product"}],"about":[{"href":"https:\/\/www.miravila.com\/hr\/wp-json\/wp\/v2\/types\/product"}],"replies":[{"embeddable":true,"href":"https:\/\/www.miravila.com\/hr\/wp-json\/wp\/v2\/comments?post=42130"}],"wp:featuredmedia":[{"embeddable":true,"href":"https:\/\/www.miravila.com\/hr\/wp-json\/wp\/v2\/media\/41994"}],"wp:attachment":[{"href":"https:\/\/www.miravila.com\/hr\/wp-json\/wp\/v2\/media?parent=42130"}],"wp:term":[{"taxonomy":"product_brand","embeddable":true,"href":"https:\/\/www.miravila.com\/hr\/wp-json\/wp\/v2\/product_brand?post=42130"},{"taxonomy":"product_cat","embeddable":true,"href":"https:\/\/www.miravila.com\/hr\/wp-json\/wp\/v2\/product_cat?post=42130"},{"taxonomy":"product_tag","embeddable":true,"href":"https:\/\/www.miravila.com\/hr\/wp-json\/wp\/v2\/product_tag?post=42130"}],"curies":[{"name":"wp","href":"https:\/\/api.w.org\/{rel}","templated":true}]}}