{"id":42128,"date":"2025-09-11T10:35:09","date_gmt":"2025-09-11T08:35:09","guid":{"rendered":"https:\/\/www.miravila.com\/product\/paradajz-x-1\/"},"modified":"2026-03-21T02:12:07","modified_gmt":"2026-03-21T01:12:07","slug":"paradajz-x-1","status":"publish","type":"product","link":"https:\/\/www.miravila.com\/hr\/paradajz-x-1\/","title":{"rendered":"PARADAJZ X 1"},"content":{"rendered":"<p>Ova umjetna raj\u010dica oblikovana je s izra\u017eenim rebrima i prirodnom crvenom bojom koja imitira pravi svje\u017ei plod. Idealno se uklapa kao dekoracija u trgovinama, restoranima, na kulinarskim prezentacijama ili doma\u0107im aran\u017emanima. <\/p>\n<p>Izra\u0111ena je od izdr\u017eljivih materijala koji osiguravaju dugotrajnost i jednostavno odr\u017eavanje.<\/p>\n","protected":false},"excerpt":{"rendered":"<p>Umjetni raj\u010dica \u2013 realisti\u010dna dekoracija u obliku rebraste raj\u010dice, pogodna za kuhinju, izlo\u017ebe ili aran\u017emane.<\/p>\n","protected":false},"featured_media":41984,"comment_status":"closed","ping_status":"open","template":"","meta":[],"product_brand":[],"product_cat":[5286,5284],"product_tag":[],"class_list":{"0":"post-42128","1":"product","2":"type-product","3":"status-publish","4":"has-post-thumbnail","6":"product_cat-povrce","7":"product_cat-umjetna-hrana","9":"first","10":"instock","11":"taxable","12":"shipping-taxable","13":"purchasable","14":"product-type-simple"},"_links":{"self":[{"href":"https:\/\/www.miravila.com\/hr\/wp-json\/wp\/v2\/product\/42128","targetHints":{"allow":["GET"]}}],"collection":[{"href":"https:\/\/www.miravila.com\/hr\/wp-json\/wp\/v2\/product"}],"about":[{"href":"https:\/\/www.miravila.com\/hr\/wp-json\/wp\/v2\/types\/product"}],"replies":[{"embeddable":true,"href":"https:\/\/www.miravila.com\/hr\/wp-json\/wp\/v2\/comments?post=42128"}],"wp:featuredmedia":[{"embeddable":true,"href":"https:\/\/www.miravila.com\/hr\/wp-json\/wp\/v2\/media\/41984"}],"wp:attachment":[{"href":"https:\/\/www.miravila.com\/hr\/wp-json\/wp\/v2\/media?parent=42128"}],"wp:term":[{"taxonomy":"product_brand","embeddable":true,"href":"https:\/\/www.miravila.com\/hr\/wp-json\/wp\/v2\/product_brand?post=42128"},{"taxonomy":"product_cat","embeddable":true,"href":"https:\/\/www.miravila.com\/hr\/wp-json\/wp\/v2\/product_cat?post=42128"},{"taxonomy":"product_tag","embeddable":true,"href":"https:\/\/www.miravila.com\/hr\/wp-json\/wp\/v2\/product_tag?post=42128"}],"curies":[{"name":"wp","href":"https:\/\/api.w.org\/{rel}","templated":true}]}}