{"id":42127,"date":"2025-09-11T10:35:09","date_gmt":"2025-09-11T08:35:09","guid":{"rendered":"https:\/\/www.miravila.com\/product\/naranca-d-8-cm-x-1\/"},"modified":"2026-01-29T02:12:10","modified_gmt":"2026-01-29T01:12:10","slug":"naranca-d-8-cm-x-1","status":"publish","type":"product","link":"https:\/\/www.miravila.com\/hr\/naranca-d-8-cm-x-1\/","title":{"rendered":"NARAN\u010cA D-8 CM X 1"},"content":{"rendered":"<p>Ova umjetna naran\u010da izra\u0111ena je s velikom mjerom preciznosti i ima prirodnu strukturu kore te karakteristi\u010dnu naran\u010dastu boju. Odli\u010dna je dekoracija za trgovinske izloge, kulinarske prezentacije, doma\u0107u kuhinju, restorane ili kreativne dekorativne aran\u017emane. <\/p>\n<p>Izra\u0111ena je od kvalitetnih materijala koji osiguravaju dugotrajnu postojanost i jednostavno odr\u017eavanje.<\/p>\n","protected":false},"excerpt":{"rendered":"<p>Umjetna naran\u010da \u2013 realisti\u010dna dekorativna vo\u0107ka za kuhinju, trgovinu, restoran ili aran\u017emane.<\/p>\n","protected":false},"featured_media":41979,"comment_status":"closed","ping_status":"open","template":"","meta":[],"product_brand":[],"product_cat":[5284,5285],"product_tag":[],"class_list":{"0":"post-42127","1":"product","2":"type-product","3":"status-publish","4":"has-post-thumbnail","6":"product_cat-umjetna-hrana","7":"product_cat-voce","9":"first","10":"outofstock","11":"taxable","12":"shipping-taxable","13":"purchasable","14":"product-type-simple"},"_links":{"self":[{"href":"https:\/\/www.miravila.com\/hr\/wp-json\/wp\/v2\/product\/42127","targetHints":{"allow":["GET"]}}],"collection":[{"href":"https:\/\/www.miravila.com\/hr\/wp-json\/wp\/v2\/product"}],"about":[{"href":"https:\/\/www.miravila.com\/hr\/wp-json\/wp\/v2\/types\/product"}],"replies":[{"embeddable":true,"href":"https:\/\/www.miravila.com\/hr\/wp-json\/wp\/v2\/comments?post=42127"}],"wp:featuredmedia":[{"embeddable":true,"href":"https:\/\/www.miravila.com\/hr\/wp-json\/wp\/v2\/media\/41979"}],"wp:attachment":[{"href":"https:\/\/www.miravila.com\/hr\/wp-json\/wp\/v2\/media?parent=42127"}],"wp:term":[{"taxonomy":"product_brand","embeddable":true,"href":"https:\/\/www.miravila.com\/hr\/wp-json\/wp\/v2\/product_brand?post=42127"},{"taxonomy":"product_cat","embeddable":true,"href":"https:\/\/www.miravila.com\/hr\/wp-json\/wp\/v2\/product_cat?post=42127"},{"taxonomy":"product_tag","embeddable":true,"href":"https:\/\/www.miravila.com\/hr\/wp-json\/wp\/v2\/product_tag?post=42127"}],"curies":[{"name":"wp","href":"https:\/\/api.w.org\/{rel}","templated":true}]}}