{"id":42125,"date":"2025-09-11T10:35:09","date_gmt":"2025-09-11T08:35:09","guid":{"rendered":"https:\/\/www.miravila.com\/product\/nektarina-x-1\/"},"modified":"2026-01-15T02:12:20","modified_gmt":"2026-01-15T01:12:20","slug":"nektarina-x-1","status":"publish","type":"product","link":"https:\/\/www.miravila.com\/hr\/nektarina-x-1\/","title":{"rendered":"NEKTARINA X 1"},"content":{"rendered":"<p>Ova umjetna nektarina iznimno je realisti\u010dno dekoracija koja \u0107e uljep\u0161ati svaki prostor. Zbog prirodnog izgleda i precizne izrade pogodna je za ugostiteljske lokale, trgovinske izlo\u0161ke, kulinarske prezentacije, stolne dekoracije ili ku\u0107nu upotrebu.<\/p>\n<p>Plod je izra\u0111en od kvalitetnih materijala, otpornih na o\u0161te\u0107enja i jednostavnih za odr\u017eavanje. Bojni prijelazi iz \u017eute u crvenu stvaraju pravi izgled svje\u017ee nektarine.<\/p>\n","protected":false},"excerpt":{"rendered":"<p>Umjetna nektarina \u2013 realisti\u010dna dekoracija za kuhinju, izlo\u017ebe, fotografiju i aran\u017emane.<\/p>\n","protected":false},"featured_media":41969,"comment_status":"closed","ping_status":"open","template":"","meta":[],"product_brand":[],"product_cat":[5284,5285],"product_tag":[],"class_list":{"0":"post-42125","1":"product","2":"type-product","3":"status-publish","4":"has-post-thumbnail","6":"product_cat-umjetna-hrana","7":"product_cat-voce","9":"first","10":"instock","11":"taxable","12":"shipping-taxable","13":"purchasable","14":"product-type-simple"},"_links":{"self":[{"href":"https:\/\/www.miravila.com\/hr\/wp-json\/wp\/v2\/product\/42125","targetHints":{"allow":["GET"]}}],"collection":[{"href":"https:\/\/www.miravila.com\/hr\/wp-json\/wp\/v2\/product"}],"about":[{"href":"https:\/\/www.miravila.com\/hr\/wp-json\/wp\/v2\/types\/product"}],"replies":[{"embeddable":true,"href":"https:\/\/www.miravila.com\/hr\/wp-json\/wp\/v2\/comments?post=42125"}],"wp:featuredmedia":[{"embeddable":true,"href":"https:\/\/www.miravila.com\/hr\/wp-json\/wp\/v2\/media\/41969"}],"wp:attachment":[{"href":"https:\/\/www.miravila.com\/hr\/wp-json\/wp\/v2\/media?parent=42125"}],"wp:term":[{"taxonomy":"product_brand","embeddable":true,"href":"https:\/\/www.miravila.com\/hr\/wp-json\/wp\/v2\/product_brand?post=42125"},{"taxonomy":"product_cat","embeddable":true,"href":"https:\/\/www.miravila.com\/hr\/wp-json\/wp\/v2\/product_cat?post=42125"},{"taxonomy":"product_tag","embeddable":true,"href":"https:\/\/www.miravila.com\/hr\/wp-json\/wp\/v2\/product_tag?post=42125"}],"curies":[{"name":"wp","href":"https:\/\/api.w.org\/{rel}","templated":true}]}}