{"id":42123,"date":"2025-09-11T10:35:09","date_gmt":"2025-09-11T08:35:09","guid":{"rendered":"https:\/\/www.miravila.com\/product\/prsut-s-nogom-pvc-h-66x22x10-cm-uziji\/"},"modified":"2026-02-13T02:12:10","modified_gmt":"2026-02-13T01:12:10","slug":"prsut-s-nogom-pvc-h-66x22x10-cm-uziji","status":"publish","type":"product","link":"https:\/\/www.miravila.com\/hr\/prsut-s-nogom-pvc-h-66x22x10-cm-uziji\/","title":{"rendered":"PR\u0160UT S NOGOM PVC H-66X22X10 CM U\u017dIJI"},"content":{"rendered":"<p>Umjetni pr\u0161ut s nogom izra\u0111en je s preciznim detaljima koji opona\u0161aju pravi pr\u0161ut u cijelosti, uklju\u010duju\u0107i nogu i konopac za vje\u0161anje. Realisti\u010dna boja, tekstura i oblik \u010dine proizvod idealnim za trgovine, mesnice, restorane, sajmove, kulinarske prezentacije te vinske podrume.<\/p>\n<p>Ne zahtijeva posebnu njegu, nikada se ne kvari i prikladan je za dugotrajnu dekorativnu upotrebu. Zbog konopca mo\u017ee se lako objesiti, \u010dime se nagla\u0161ava autenti\u010dnost prostora.<\/p>\n","protected":false},"excerpt":{"rendered":"<p>Umjetni pr\u0161ut s nogom \u2013 dekorativni model pr\u0161uta za mesnice, restorane, trgovine i vinske podrume.<\/p>\n","protected":false},"featured_media":41959,"comment_status":"closed","ping_status":"open","template":"","meta":[],"product_brand":[],"product_cat":[5288,5284],"product_tag":[],"class_list":{"0":"post-42123","1":"product","2":"type-product","3":"status-publish","4":"has-post-thumbnail","6":"product_cat-mesnine","7":"product_cat-umjetna-hrana","9":"first","10":"outofstock","11":"taxable","12":"shipping-taxable","13":"purchasable","14":"product-type-simple"},"_links":{"self":[{"href":"https:\/\/www.miravila.com\/hr\/wp-json\/wp\/v2\/product\/42123","targetHints":{"allow":["GET"]}}],"collection":[{"href":"https:\/\/www.miravila.com\/hr\/wp-json\/wp\/v2\/product"}],"about":[{"href":"https:\/\/www.miravila.com\/hr\/wp-json\/wp\/v2\/types\/product"}],"replies":[{"embeddable":true,"href":"https:\/\/www.miravila.com\/hr\/wp-json\/wp\/v2\/comments?post=42123"}],"wp:featuredmedia":[{"embeddable":true,"href":"https:\/\/www.miravila.com\/hr\/wp-json\/wp\/v2\/media\/41959"}],"wp:attachment":[{"href":"https:\/\/www.miravila.com\/hr\/wp-json\/wp\/v2\/media?parent=42123"}],"wp:term":[{"taxonomy":"product_brand","embeddable":true,"href":"https:\/\/www.miravila.com\/hr\/wp-json\/wp\/v2\/product_brand?post=42123"},{"taxonomy":"product_cat","embeddable":true,"href":"https:\/\/www.miravila.com\/hr\/wp-json\/wp\/v2\/product_cat?post=42123"},{"taxonomy":"product_tag","embeddable":true,"href":"https:\/\/www.miravila.com\/hr\/wp-json\/wp\/v2\/product_tag?post=42123"}],"curies":[{"name":"wp","href":"https:\/\/api.w.org\/{rel}","templated":true}]}}