{"id":42116,"date":"2025-09-11T10:35:09","date_gmt":"2025-09-11T08:35:09","guid":{"rendered":"https:\/\/www.miravila.com\/product\/kruh-iz-modela-pvc\/"},"modified":"2026-04-16T02:12:09","modified_gmt":"2026-04-16T00:12:09","slug":"kruh-iz-modela-pvc","status":"publish","type":"product","link":"https:\/\/www.miravila.com\/hr\/kruh-iz-modela-pvc\/","title":{"rendered":"KRUH IZ MODELA PVC"},"content":{"rendered":"<p>Ovaj umjetni kruh iz kalupa izgleda kao svje\u017ee pe\u010den tost kruh s hrskavom koricom i zla\u0107anom povr\u0161inom. Napravljen je od kvalitetnog materijala koji opona\u0161a prirodan izgled i teksturu kruha, stoga je idealan za dugotrajnu dekorativnu upotrebu.<\/p>\n<p>Pogodan je za pekarske izlo\u017ebe, kafi\u0107e, restorane, hotele, catering i kulinarske sajmove, gdje \u017eelite stvoriti prirodan izgled svje\u017eeg kruha bez brige da \u0107e se pokvariti. Odli\u010dno se kombinira s umjetnim buhtlama, bagetama, kiflicama i drugim dekorativnim pekarskim proizvodima.<\/p>\n","protected":false},"excerpt":{"rendered":"<p>Umjetni kruh iz kalupa \u2013 realisti\u010dna kru\u0161\u010di\u0107 za dekoraciju pekara, kafi\u0107a, trgovina i kulinarskih prezentacija.<\/p>\n","protected":false},"featured_media":41916,"comment_status":"closed","ping_status":"open","template":"","meta":[],"product_brand":[],"product_cat":[5289,5284],"product_tag":[],"class_list":{"0":"post-42116","1":"product","2":"type-product","3":"status-publish","4":"has-post-thumbnail","6":"product_cat-pecivo","7":"product_cat-umjetna-hrana","9":"first","10":"instock","11":"taxable","12":"shipping-taxable","13":"purchasable","14":"product-type-simple"},"_links":{"self":[{"href":"https:\/\/www.miravila.com\/hr\/wp-json\/wp\/v2\/product\/42116","targetHints":{"allow":["GET"]}}],"collection":[{"href":"https:\/\/www.miravila.com\/hr\/wp-json\/wp\/v2\/product"}],"about":[{"href":"https:\/\/www.miravila.com\/hr\/wp-json\/wp\/v2\/types\/product"}],"replies":[{"embeddable":true,"href":"https:\/\/www.miravila.com\/hr\/wp-json\/wp\/v2\/comments?post=42116"}],"wp:featuredmedia":[{"embeddable":true,"href":"https:\/\/www.miravila.com\/hr\/wp-json\/wp\/v2\/media\/41916"}],"wp:attachment":[{"href":"https:\/\/www.miravila.com\/hr\/wp-json\/wp\/v2\/media?parent=42116"}],"wp:term":[{"taxonomy":"product_brand","embeddable":true,"href":"https:\/\/www.miravila.com\/hr\/wp-json\/wp\/v2\/product_brand?post=42116"},{"taxonomy":"product_cat","embeddable":true,"href":"https:\/\/www.miravila.com\/hr\/wp-json\/wp\/v2\/product_cat?post=42116"},{"taxonomy":"product_tag","embeddable":true,"href":"https:\/\/www.miravila.com\/hr\/wp-json\/wp\/v2\/product_tag?post=42116"}],"curies":[{"name":"wp","href":"https:\/\/api.w.org\/{rel}","templated":true}]}}