{"id":42088,"date":"2025-09-11T10:34:55","date_gmt":"2025-09-11T08:34:55","guid":{"rendered":"https:\/\/www.miravila.com\/product\/paradajz-x-2-2-na-grani-6-cm-crveni\/"},"modified":"2025-09-11T10:44:31","modified_gmt":"2025-09-11T08:44:31","slug":"paradajz-x-2-2-na-grani-6-cm-crveni","status":"publish","type":"product","link":"https:\/\/www.miravila.com\/hr\/proizvod\/paradajz-x-2-2-na-grani-6-cm-crveni\/","title":{"rendered":"PARADAJZ X 2 2 NA GRANI 6 CM CRVENI"},"content":{"rendered":"<p>Umjetni raj\u010dice na gran\u010dici su divna dekoracija koja svojim prirodnim oblikom i intenzivnom crvenom bojom imitira izgled svje\u017eih raj\u010dica. Zelene peteljke i raspored plodova na gran\u010dici daju iznimno realisti\u010dan dojam, zbog \u010dega su odli\u010dni kao dekorativno povr\u0107e u kuhinji, restoranima, hotelskim doru\u010dcima, trgovinskim izlozima ili prilikom fotografiranja hrane.<\/p>\n<p>Izra\u0111eni su od kvalitetnog, dugotrajnog materijala koji zadr\u017eava svoju boju i oblik dugo vremena bez posebnog odr\u017eavanja. Ova umjetna namirnica za dekoraciju idealno je rje\u0161enje za sve koji \u017eele prirodan i svje\u017e izgled bez kvarenja pravog povr\u0107a.<\/p>\n","protected":false},"excerpt":{"rendered":"<p>Umjetne raj\u010dice na gran\u010dici \u2013 realisti\u010dna dekoracija povr\u0107a za kuhinje, hotele, restorane i izlo\u017ebe.<\/p>\n","protected":false},"featured_media":41548,"comment_status":"closed","ping_status":"open","template":"","meta":[],"product_brand":[],"product_cat":[5286,5284],"product_tag":[],"class_list":{"0":"post-42088","1":"product","2":"type-product","3":"status-publish","4":"has-post-thumbnail","6":"product_cat-povrce","7":"product_cat-umjetna-hrana","9":"first","10":"outofstock","11":"taxable","12":"shipping-taxable","13":"purchasable","14":"product-type-simple"},"_links":{"self":[{"href":"https:\/\/www.miravila.com\/hr\/wp-json\/wp\/v2\/product\/42088","targetHints":{"allow":["GET"]}}],"collection":[{"href":"https:\/\/www.miravila.com\/hr\/wp-json\/wp\/v2\/product"}],"about":[{"href":"https:\/\/www.miravila.com\/hr\/wp-json\/wp\/v2\/types\/product"}],"replies":[{"embeddable":true,"href":"https:\/\/www.miravila.com\/hr\/wp-json\/wp\/v2\/comments?post=42088"}],"wp:featuredmedia":[{"embeddable":true,"href":"https:\/\/www.miravila.com\/hr\/wp-json\/wp\/v2\/media\/41548"}],"wp:attachment":[{"href":"https:\/\/www.miravila.com\/hr\/wp-json\/wp\/v2\/media?parent=42088"}],"wp:term":[{"taxonomy":"product_brand","embeddable":true,"href":"https:\/\/www.miravila.com\/hr\/wp-json\/wp\/v2\/product_brand?post=42088"},{"taxonomy":"product_cat","embeddable":true,"href":"https:\/\/www.miravila.com\/hr\/wp-json\/wp\/v2\/product_cat?post=42088"},{"taxonomy":"product_tag","embeddable":true,"href":"https:\/\/www.miravila.com\/hr\/wp-json\/wp\/v2\/product_tag?post=42088"}],"curies":[{"name":"wp","href":"https:\/\/api.w.org\/{rel}","templated":true}]}}