{"id":42086,"date":"2025-09-11T10:34:55","date_gmt":"2025-09-11T08:34:55","guid":{"rendered":"https:\/\/www.miravila.com\/product\/crvena-paprika-h-7d-8-cm-x-1\/"},"modified":"2025-09-11T10:44:31","modified_gmt":"2025-09-11T08:44:31","slug":"crvena-paprika-h-7d-8-cm-x-1","status":"publish","type":"product","link":"https:\/\/www.miravila.com\/hr\/proizvod\/crvena-paprika-h-7d-8-cm-x-1\/","title":{"rendered":"CRVENA PAPRIKA H-7,D-8 CM X 1"},"content":{"rendered":"<p>Umjetna crvena paprika oblikovana je s realisti\u010dnom teksturom i karakteristi\u010dnom sjajnom povr\u0161inom koja opona\u0161a izgled svje\u017ee paprike. Sa svojom \u017eivopisnom crvenom bojom i zelenom dr\u0161kom, savr\u0161ena je kao dekorativno povr\u0107e za kuhinju, hotelske doru\u010dke, restorane, trgovinske izloge ili fotografske aran\u017emane.<\/p>\n<p>Izra\u0111ena je od kvalitetnog i izdr\u017eljivog materijala koji ne zahtijeva posebno odr\u017eavanje i dugo zadr\u017eava svje\u017e izgled. Ova umjetna namirnica za dekoraciju prakti\u010dno je rje\u0161enje za sve koji \u017eele stvoriti prirodnu i \u0161arenu atmosferu bez kvarenja pravog povr\u0107a.<\/p>\n","protected":false},"excerpt":{"rendered":"<p>Umjetna crvena paprika \u2013 realisti\u010dna dekoracija povr\u0107a za kuhinje, restorane, hotele i trgova\u010dke izloge.<\/p>\n","protected":false},"featured_media":41462,"comment_status":"closed","ping_status":"open","template":"","meta":[],"product_brand":[],"product_cat":[5286,5284],"product_tag":[],"class_list":{"0":"post-42086","1":"product","2":"type-product","3":"status-publish","4":"has-post-thumbnail","6":"product_cat-povrce","7":"product_cat-umjetna-hrana","9":"first","10":"outofstock","11":"taxable","12":"shipping-taxable","13":"purchasable","14":"product-type-simple"},"_links":{"self":[{"href":"https:\/\/www.miravila.com\/hr\/wp-json\/wp\/v2\/product\/42086","targetHints":{"allow":["GET"]}}],"collection":[{"href":"https:\/\/www.miravila.com\/hr\/wp-json\/wp\/v2\/product"}],"about":[{"href":"https:\/\/www.miravila.com\/hr\/wp-json\/wp\/v2\/types\/product"}],"replies":[{"embeddable":true,"href":"https:\/\/www.miravila.com\/hr\/wp-json\/wp\/v2\/comments?post=42086"}],"wp:featuredmedia":[{"embeddable":true,"href":"https:\/\/www.miravila.com\/hr\/wp-json\/wp\/v2\/media\/41462"}],"wp:attachment":[{"href":"https:\/\/www.miravila.com\/hr\/wp-json\/wp\/v2\/media?parent=42086"}],"wp:term":[{"taxonomy":"product_brand","embeddable":true,"href":"https:\/\/www.miravila.com\/hr\/wp-json\/wp\/v2\/product_brand?post=42086"},{"taxonomy":"product_cat","embeddable":true,"href":"https:\/\/www.miravila.com\/hr\/wp-json\/wp\/v2\/product_cat?post=42086"},{"taxonomy":"product_tag","embeddable":true,"href":"https:\/\/www.miravila.com\/hr\/wp-json\/wp\/v2\/product_tag?post=42086"}],"curies":[{"name":"wp","href":"https:\/\/api.w.org\/{rel}","templated":true}]}}