{"id":42078,"date":"2025-09-11T10:34:55","date_gmt":"2025-09-11T08:34:55","guid":{"rendered":"https:\/\/www.miravila.com\/product\/limona-duke-h-65-cm-zuta-x-1\/"},"modified":"2025-09-11T10:44:29","modified_gmt":"2025-09-11T08:44:29","slug":"limona-duke-h-65-cm-zuta-x-1","status":"publish","type":"product","link":"https:\/\/www.miravila.com\/hr\/proizvod\/limona-duke-h-65-cm-zuta-x-1\/","title":{"rendered":"LIMONA DUKE H-6,5 CM \u017dUTA X 1"},"content":{"rendered":"<p>Ova umjetna limuna je oblikovana s velikom mjerom preciznosti, stoga je na pogled gotovo identi\u010dna pravoj limuni. Prirodna \u017euta boja i blago hrapava tekstura kore osiguravaju iznimno realisti\u010dan izgled. Izvrsna je kao dekorativno vo\u0107e u kuhinji, restoranima, hotelskim doru\u010dcima, trgovinskim izlozima ili kao rekvizit pri fotografiranju hrane.<\/p>\n<p>Izra\u0111ena je od kvalitetnog i izdr\u017eljivog materijala koji ne zahtijeva posebno odr\u017eavanje, a istovremeno zadr\u017eava svje\u017e izgled kroz godine. Ovo umjetno vo\u0107e za dekoraciju idealan je izbor za sve koji \u017eele estetski dovr\u0161ene aran\u017emane bez kvarenja pravog vo\u0107a.<\/p>\n","protected":false},"excerpt":{"rendered":"<p>Umjetna limuna \u2013 realisti\u010dna dekorativna vo\u0107ka za kuhinje, hotele, restorane i izlo\u017ebe.<\/p>\n","protected":false},"featured_media":41270,"comment_status":"closed","ping_status":"open","template":"","meta":[],"product_brand":[],"product_cat":[5284,5285],"product_tag":[],"class_list":{"0":"post-42078","1":"product","2":"type-product","3":"status-publish","4":"has-post-thumbnail","6":"product_cat-umjetna-hrana","7":"product_cat-voce","9":"first","10":"outofstock","11":"taxable","12":"shipping-taxable","13":"purchasable","14":"product-type-simple"},"_links":{"self":[{"href":"https:\/\/www.miravila.com\/hr\/wp-json\/wp\/v2\/product\/42078","targetHints":{"allow":["GET"]}}],"collection":[{"href":"https:\/\/www.miravila.com\/hr\/wp-json\/wp\/v2\/product"}],"about":[{"href":"https:\/\/www.miravila.com\/hr\/wp-json\/wp\/v2\/types\/product"}],"replies":[{"embeddable":true,"href":"https:\/\/www.miravila.com\/hr\/wp-json\/wp\/v2\/comments?post=42078"}],"wp:featuredmedia":[{"embeddable":true,"href":"https:\/\/www.miravila.com\/hr\/wp-json\/wp\/v2\/media\/41270"}],"wp:attachment":[{"href":"https:\/\/www.miravila.com\/hr\/wp-json\/wp\/v2\/media?parent=42078"}],"wp:term":[{"taxonomy":"product_brand","embeddable":true,"href":"https:\/\/www.miravila.com\/hr\/wp-json\/wp\/v2\/product_brand?post=42078"},{"taxonomy":"product_cat","embeddable":true,"href":"https:\/\/www.miravila.com\/hr\/wp-json\/wp\/v2\/product_cat?post=42078"},{"taxonomy":"product_tag","embeddable":true,"href":"https:\/\/www.miravila.com\/hr\/wp-json\/wp\/v2\/product_tag?post=42078"}],"curies":[{"name":"wp","href":"https:\/\/api.w.org\/{rel}","templated":true}]}}