{"id":42075,"date":"2025-09-11T10:34:55","date_gmt":"2025-09-11T08:34:55","guid":{"rendered":"https:\/\/www.miravila.com\/product\/jabuka-d-6-cm-x-1\/"},"modified":"2026-04-21T02:12:10","modified_gmt":"2026-04-21T00:12:10","slug":"jabuka-d-6-cm-x-1","status":"publish","type":"product","link":"https:\/\/www.miravila.com\/hr\/jabuka-d-6-cm-x-1\/","title":{"rendered":"JABUKA D-6 CM X 1"},"content":{"rendered":"<p>Ova umjetna crvenkasta jabuka s prirodnim prugama izra\u0111ena je s iznimnim detaljima koji joj daju potpuno realisti\u010dan izgled. Nje\u017eni prijelazi boja i tekstura kore opona\u0161aju svje\u017ee ubrano vo\u0107e, zbog \u010dega je odli\u010dan izbor za dekoraciju vo\u0107a u kuhinji, restoranima, hotelskim doru\u010dcima ili trgova\u010dkim izlozima.<\/p>\n<p>Izra\u0111ena je od kvalitetnog i izdr\u017eljivog materijala koji ne zahtijeva nikakvo odr\u017eavanje, a istovremeno dugo zadr\u017eava svje\u017e izgled i boju. Ovo umjetno vo\u0107e za dekoraciju prakti\u010dno je rje\u0161enje, jer omogu\u0107uje prirodan izgled bez brige da \u0107e se vo\u0107e pokvariti.<\/p>\n","protected":false},"excerpt":{"rendered":"<p>Umjetna crvenkasta jabuka s prirodnim prugama \u2013 realisti\u010dna dekoracija vo\u0107a za dom, trgovine i restorane.<\/p>\n","protected":false},"featured_media":41159,"comment_status":"closed","ping_status":"open","template":"","meta":[],"product_brand":[],"product_cat":[5284,5285],"product_tag":[],"class_list":{"0":"post-42075","1":"product","2":"type-product","3":"status-publish","4":"has-post-thumbnail","6":"product_cat-umjetna-hrana","7":"product_cat-voce","9":"first","10":"instock","11":"taxable","12":"shipping-taxable","13":"purchasable","14":"product-type-simple"},"_links":{"self":[{"href":"https:\/\/www.miravila.com\/hr\/wp-json\/wp\/v2\/product\/42075","targetHints":{"allow":["GET"]}}],"collection":[{"href":"https:\/\/www.miravila.com\/hr\/wp-json\/wp\/v2\/product"}],"about":[{"href":"https:\/\/www.miravila.com\/hr\/wp-json\/wp\/v2\/types\/product"}],"replies":[{"embeddable":true,"href":"https:\/\/www.miravila.com\/hr\/wp-json\/wp\/v2\/comments?post=42075"}],"wp:featuredmedia":[{"embeddable":true,"href":"https:\/\/www.miravila.com\/hr\/wp-json\/wp\/v2\/media\/41159"}],"wp:attachment":[{"href":"https:\/\/www.miravila.com\/hr\/wp-json\/wp\/v2\/media?parent=42075"}],"wp:term":[{"taxonomy":"product_brand","embeddable":true,"href":"https:\/\/www.miravila.com\/hr\/wp-json\/wp\/v2\/product_brand?post=42075"},{"taxonomy":"product_cat","embeddable":true,"href":"https:\/\/www.miravila.com\/hr\/wp-json\/wp\/v2\/product_cat?post=42075"},{"taxonomy":"product_tag","embeddable":true,"href":"https:\/\/www.miravila.com\/hr\/wp-json\/wp\/v2\/product_tag?post=42075"}],"curies":[{"name":"wp","href":"https:\/\/api.w.org\/{rel}","templated":true}]}}