{"id":42073,"date":"2025-09-11T10:34:55","date_gmt":"2025-09-11T08:34:55","guid":{"rendered":"https:\/\/www.miravila.com\/product\/jabuka-d-8-cm-x-1-svjetlo-crvena\/"},"modified":"2026-04-21T02:12:10","modified_gmt":"2026-04-21T00:12:10","slug":"jabuka-d-8-cm-x-1-svjetlo-crvena","status":"publish","type":"product","link":"https:\/\/www.miravila.com\/hr\/jabuka-d-8-cm-x-1-svjetlo-crvena\/","title":{"rendered":"JABUKA D-8 CM X 1 SVJETLO CRVENA"},"content":{"rendered":"<p>Umjetna ru\u017ei\u010dasto-crvena jabuka izra\u0111ena je s iznimnom precizno\u0161\u0107u i realisti\u010dnim detaljima koji opona\u0161aju izgled pravog ploda. Nje\u017ene pruge i prirodne boje prelijevanja \u010dine da izgleda kao svje\u017ee ubrana jabuka. Odli\u010dno se uklapa kao dekorativno vo\u0107e u kuhinji, dnevnoj sobi, restoranima, hotelskim doru\u010dcima ili trgovinskim izlozima.<\/p>\n<p>Izra\u0111ena je od kvalitetnog i izdr\u017eljivog materijala koji ne zahtijeva nikakvo odr\u017eavanje, a istovremeno dugo zadr\u017eava boju i oblik. Ovo umjetno vo\u0107e za dekoraciju savr\u0161en je izbor za sve koji \u017eele prirodan izgled bez kvarenja pravog vo\u0107a.<\/p>\n","protected":false},"excerpt":{"rendered":"<p>Umjetna ru\u017ei\u010dasto-crvena jabuka \u2013 realisti\u010dna dekoracija vo\u0107a za dom, izlo\u017ebe i restorane.<\/p>\n","protected":false},"featured_media":41073,"comment_status":"closed","ping_status":"open","template":"","meta":[],"product_brand":[],"product_cat":[5284,5285],"product_tag":[],"class_list":{"0":"post-42073","1":"product","2":"type-product","3":"status-publish","4":"has-post-thumbnail","6":"product_cat-umjetna-hrana","7":"product_cat-voce","9":"first","10":"instock","11":"taxable","12":"shipping-taxable","13":"purchasable","14":"product-type-simple"},"_links":{"self":[{"href":"https:\/\/www.miravila.com\/hr\/wp-json\/wp\/v2\/product\/42073","targetHints":{"allow":["GET"]}}],"collection":[{"href":"https:\/\/www.miravila.com\/hr\/wp-json\/wp\/v2\/product"}],"about":[{"href":"https:\/\/www.miravila.com\/hr\/wp-json\/wp\/v2\/types\/product"}],"replies":[{"embeddable":true,"href":"https:\/\/www.miravila.com\/hr\/wp-json\/wp\/v2\/comments?post=42073"}],"wp:featuredmedia":[{"embeddable":true,"href":"https:\/\/www.miravila.com\/hr\/wp-json\/wp\/v2\/media\/41073"}],"wp:attachment":[{"href":"https:\/\/www.miravila.com\/hr\/wp-json\/wp\/v2\/media?parent=42073"}],"wp:term":[{"taxonomy":"product_brand","embeddable":true,"href":"https:\/\/www.miravila.com\/hr\/wp-json\/wp\/v2\/product_brand?post=42073"},{"taxonomy":"product_cat","embeddable":true,"href":"https:\/\/www.miravila.com\/hr\/wp-json\/wp\/v2\/product_cat?post=42073"},{"taxonomy":"product_tag","embeddable":true,"href":"https:\/\/www.miravila.com\/hr\/wp-json\/wp\/v2\/product_tag?post=42073"}],"curies":[{"name":"wp","href":"https:\/\/api.w.org\/{rel}","templated":true}]}}