{"id":42072,"date":"2025-09-11T10:34:55","date_gmt":"2025-09-11T08:34:55","guid":{"rendered":"https:\/\/www.miravila.com\/product\/jabuka-duke-crvena-d-10-cm-x-1\/"},"modified":"2026-02-27T02:12:08","modified_gmt":"2026-02-27T01:12:08","slug":"jabuka-duke-crvena-d-10-cm-x-1","status":"publish","type":"product","link":"https:\/\/www.miravila.com\/hr\/jabuka-duke-crvena-d-10-cm-x-1\/","title":{"rendered":"JABUKA DUKE CRVENA D-10 CM X 1"},"content":{"rendered":"<p>Umjetna crvena jabuka vrhunska je dekoracija koja opona\u0161a izgled pravog vo\u0107a. Sa svojim prirodnim oblikom, intenzivnom crvenom bojom i realisti\u010dnim detaljima, savr\u0161ena je kao dekorativno vo\u0107e za dom, izlo\u017ebe, restorane, hotelske doru\u010dke ili fotografske scene. Izra\u0111ena je od kvalitetnog i izdr\u017eljivog materijala koji ne zahtijeva odr\u017eavanje, a istovremeno dugo zadr\u017eava svoju boju i oblik.<\/p>\n<p>Ovo umjetno vo\u0107e za dekoraciju idealno je za sve koji \u017eele stvoriti prirodan izgled bez brige o kvarenju pravog vo\u0107a. Odli\u010dno se uklapa u kuhinjske aran\u017emane, vo\u0107ne ko\u0161are, izloge trgovina i kao rekvizit u fotografijama hrane.<\/p>\n<p>Ako tra\u017eite realisti\u010dno umjetno vo\u0107e koje spaja estetiku i prakti\u010dnost, ova umjetna jabuka pravi je izbor.<\/p>\n","protected":false},"excerpt":{"rendered":"<p>Umjetna crvena jabuka \u2013 realisti\u010dna dekoracija vo\u0107a za kuhinju, restorane, trgovine ili foto dekor.<\/p>\n","protected":false},"featured_media":41060,"comment_status":"closed","ping_status":"open","template":"","meta":[],"product_brand":[],"product_cat":[5284,5285],"product_tag":[],"class_list":{"0":"post-42072","1":"product","2":"type-product","3":"status-publish","4":"has-post-thumbnail","6":"product_cat-umjetna-hrana","7":"product_cat-voce","9":"first","10":"outofstock","11":"taxable","12":"shipping-taxable","13":"purchasable","14":"product-type-simple"},"_links":{"self":[{"href":"https:\/\/www.miravila.com\/hr\/wp-json\/wp\/v2\/product\/42072","targetHints":{"allow":["GET"]}}],"collection":[{"href":"https:\/\/www.miravila.com\/hr\/wp-json\/wp\/v2\/product"}],"about":[{"href":"https:\/\/www.miravila.com\/hr\/wp-json\/wp\/v2\/types\/product"}],"replies":[{"embeddable":true,"href":"https:\/\/www.miravila.com\/hr\/wp-json\/wp\/v2\/comments?post=42072"}],"wp:featuredmedia":[{"embeddable":true,"href":"https:\/\/www.miravila.com\/hr\/wp-json\/wp\/v2\/media\/41060"}],"wp:attachment":[{"href":"https:\/\/www.miravila.com\/hr\/wp-json\/wp\/v2\/media?parent=42072"}],"wp:term":[{"taxonomy":"product_brand","embeddable":true,"href":"https:\/\/www.miravila.com\/hr\/wp-json\/wp\/v2\/product_brand?post=42072"},{"taxonomy":"product_cat","embeddable":true,"href":"https:\/\/www.miravila.com\/hr\/wp-json\/wp\/v2\/product_cat?post=42072"},{"taxonomy":"product_tag","embeddable":true,"href":"https:\/\/www.miravila.com\/hr\/wp-json\/wp\/v2\/product_tag?post=42072"}],"curies":[{"name":"wp","href":"https:\/\/api.w.org\/{rel}","templated":true}]}}