{"id":38929,"date":"2024-11-12T10:45:14","date_gmt":"2024-11-12T09:45:14","guid":{"rendered":"https:\/\/www.miravila.com\/product\/gomb-uveggyongy-d-8-cm-multiszinu-8-cm\/"},"modified":"2024-11-12T10:45:25","modified_gmt":"2024-11-12T09:45:25","slug":"gomb-uveggyongy-d-8-cm-multiszinu-8-cm","status":"publish","type":"product","link":"https:\/\/www.miravila.com\/hr\/proizvod\/gomb-uveggyongy-d-8-cm-multiszinu-8-cm\/","title":{"rendered":"G\u00f6mb \u00fcveggy\u00f6ngy d-8 cm multisz\u00edn\u0171 &#8211; 8 cm"},"content":{"rendered":"","protected":false},"excerpt":{"rendered":"","protected":false},"featured_media":37435,"comment_status":"closed","ping_status":"open","template":"","meta":[],"product_brand":[],"product_cat":[35],"product_tag":[],"class_list":{"0":"post-38929","1":"product","2":"type-product","3":"status-publish","4":"has-post-thumbnail","6":"product_cat-posude-za-cvijece","7":"pa_barva-multi-color-2","8":"pa_velikost-8-hu","10":"first","11":"instock","12":"taxable","13":"shipping-taxable","14":"purchasable","15":"product-type-simple"},"_links":{"self":[{"href":"https:\/\/www.miravila.com\/hr\/wp-json\/wp\/v2\/product\/38929","targetHints":{"allow":["GET"]}}],"collection":[{"href":"https:\/\/www.miravila.com\/hr\/wp-json\/wp\/v2\/product"}],"about":[{"href":"https:\/\/www.miravila.com\/hr\/wp-json\/wp\/v2\/types\/product"}],"replies":[{"embeddable":true,"href":"https:\/\/www.miravila.com\/hr\/wp-json\/wp\/v2\/comments?post=38929"}],"wp:featuredmedia":[{"embeddable":true,"href":"https:\/\/www.miravila.com\/hr\/wp-json\/wp\/v2\/media\/37435"}],"wp:attachment":[{"href":"https:\/\/www.miravila.com\/hr\/wp-json\/wp\/v2\/media?parent=38929"}],"wp:term":[{"taxonomy":"product_brand","embeddable":true,"href":"https:\/\/www.miravila.com\/hr\/wp-json\/wp\/v2\/product_brand?post=38929"},{"taxonomy":"product_cat","embeddable":true,"href":"https:\/\/www.miravila.com\/hr\/wp-json\/wp\/v2\/product_cat?post=38929"},{"taxonomy":"product_tag","embeddable":true,"href":"https:\/\/www.miravila.com\/hr\/wp-json\/wp\/v2\/product_tag?post=38929"}],"curies":[{"name":"wp","href":"https:\/\/api.w.org\/{rel}","templated":true}]}}