{"id":38895,"date":"2024-11-12T10:44:36","date_gmt":"2024-11-12T09:44:36","guid":{"rendered":"https:\/\/www.miravila.com\/product\/uveg-gomb-csillam-d-10-cm-pezsgo-10cm\/"},"modified":"2024-11-12T10:44:53","modified_gmt":"2024-11-12T09:44:53","slug":"uveg-gomb-csillam-d-10-cm-pezsgo-10cm","status":"publish","type":"product","link":"https:\/\/www.miravila.com\/hr\/proizvod\/uveg-gomb-csillam-d-10-cm-pezsgo-10cm\/","title":{"rendered":"\u00dcveg g\u00f6mb csill\u00e1m d-10 cm pezsg\u0151 &#8211; 10cm"},"content":{"rendered":"","protected":false},"excerpt":{"rendered":"","protected":false},"featured_media":37303,"comment_status":"closed","ping_status":"open","template":"","meta":[],"product_brand":[],"product_cat":[35],"product_tag":[],"class_list":{"0":"post-38895","1":"product","2":"type-product","3":"status-publish","4":"has-post-thumbnail","6":"product_cat-posude-za-cvijece","7":"pa_barva-champagne-2","8":"pa_velikost-10-hu","10":"first","11":"instock","12":"taxable","13":"shipping-taxable","14":"purchasable","15":"product-type-simple"},"_links":{"self":[{"href":"https:\/\/www.miravila.com\/hr\/wp-json\/wp\/v2\/product\/38895","targetHints":{"allow":["GET"]}}],"collection":[{"href":"https:\/\/www.miravila.com\/hr\/wp-json\/wp\/v2\/product"}],"about":[{"href":"https:\/\/www.miravila.com\/hr\/wp-json\/wp\/v2\/types\/product"}],"replies":[{"embeddable":true,"href":"https:\/\/www.miravila.com\/hr\/wp-json\/wp\/v2\/comments?post=38895"}],"wp:featuredmedia":[{"embeddable":true,"href":"https:\/\/www.miravila.com\/hr\/wp-json\/wp\/v2\/media\/37303"}],"wp:attachment":[{"href":"https:\/\/www.miravila.com\/hr\/wp-json\/wp\/v2\/media?parent=38895"}],"wp:term":[{"taxonomy":"product_brand","embeddable":true,"href":"https:\/\/www.miravila.com\/hr\/wp-json\/wp\/v2\/product_brand?post=38895"},{"taxonomy":"product_cat","embeddable":true,"href":"https:\/\/www.miravila.com\/hr\/wp-json\/wp\/v2\/product_cat?post=38895"},{"taxonomy":"product_tag","embeddable":true,"href":"https:\/\/www.miravila.com\/hr\/wp-json\/wp\/v2\/product_tag?post=38895"}],"curies":[{"name":"wp","href":"https:\/\/api.w.org\/{rel}","templated":true}]}}