{"id":38163,"date":"2024-11-11T16:44:05","date_gmt":"2024-11-12T08:31:01","guid":{"rendered":"https:\/\/www.miravila.com\/product\/ogrlica-secerna-stapic-staklo-h-19-cm-ruzicasta\/"},"modified":"2026-02-24T02:12:47","modified_gmt":"2026-02-24T01:12:47","slug":"ogrlica-secerna-stapic-staklo-h-19-cm-ruzicasta","status":"publish","type":"product","link":"https:\/\/www.miravila.com\/hr\/ogrlica-secerna-stapic-staklo-h-19-cm-ruzicasta\/","title":{"rendered":"Ogrlica \u0161e\u0107erna \u0161tapi\u0107 staklo h-19 cm ru\u017ei\u010dasta"},"content":{"rendered":"","protected":false},"excerpt":{"rendered":"","protected":false},"featured_media":37174,"comment_status":"closed","ping_status":"open","template":"","meta":[],"product_brand":[],"product_cat":[2018,3676],"product_tag":[5033,5044],"class_list":{"0":"post-38163","1":"product","2":"type-product","3":"status-publish","4":"has-post-thumbnail","6":"product_cat-bozic","7":"product_cat-novogodisnji-ukrasi","8":"product_tag-kolekcija-candy-shop","9":"product_tag-ruzicasta-kolekcija","10":"pa_barva-ruzicasta","11":"pa_velikost-19-cm-2","13":"first","14":"instock","15":"taxable","16":"shipping-taxable","17":"purchasable","18":"product-type-simple"},"_links":{"self":[{"href":"https:\/\/www.miravila.com\/hr\/wp-json\/wp\/v2\/product\/38163","targetHints":{"allow":["GET"]}}],"collection":[{"href":"https:\/\/www.miravila.com\/hr\/wp-json\/wp\/v2\/product"}],"about":[{"href":"https:\/\/www.miravila.com\/hr\/wp-json\/wp\/v2\/types\/product"}],"replies":[{"embeddable":true,"href":"https:\/\/www.miravila.com\/hr\/wp-json\/wp\/v2\/comments?post=38163"}],"wp:featuredmedia":[{"embeddable":true,"href":"https:\/\/www.miravila.com\/hr\/wp-json\/wp\/v2\/media\/37174"}],"wp:attachment":[{"href":"https:\/\/www.miravila.com\/hr\/wp-json\/wp\/v2\/media?parent=38163"}],"wp:term":[{"taxonomy":"product_brand","embeddable":true,"href":"https:\/\/www.miravila.com\/hr\/wp-json\/wp\/v2\/product_brand?post=38163"},{"taxonomy":"product_cat","embeddable":true,"href":"https:\/\/www.miravila.com\/hr\/wp-json\/wp\/v2\/product_cat?post=38163"},{"taxonomy":"product_tag","embeddable":true,"href":"https:\/\/www.miravila.com\/hr\/wp-json\/wp\/v2\/product_tag?post=38163"}],"curies":[{"name":"wp","href":"https:\/\/api.w.org\/{rel}","templated":true}]}}