{"id":38109,"date":"2024-11-11T16:41:37","date_gmt":"2024-11-12T08:29:46","guid":{"rendered":"https:\/\/www.miravila.com\/product\/pjenasta-palcka\/"},"modified":"2024-12-05T12:07:08","modified_gmt":"2024-12-05T11:07:08","slug":"pjenasta-palcka","status":"publish","type":"product","link":"https:\/\/www.miravila.com\/hr\/pjenasta-palcka\/","title":{"rendered":"Pjenasta pal\u010dka"},"content":{"rendered":"","protected":false},"excerpt":{"rendered":"<p>Pjenasta palica je mekana i lagana igra\u010dka koja \u0107e odu\u0161eviti djecu svih uzrasta. Izra\u0111ena je od visokokvalitetne pjene koja je sigurna i bezopasna za igru. Palica ima simpati\u010dan dizajn koji \u0107e privu\u0107i dje\u010dju pa\u017enju i potaknuti njihovu ma\u0161tu. Svojom meko\u0107om idealna je za stiskanje, bacanje i igranje raznih igara. Pjenasta palica je tako\u0111er odli\u010dna za razvoj motori\u010dkih vje\u0161tina i koordinaciju ruku. Bez obzira na to igra li se dijete samo ili u dru\u0161tvu prijatelja, pjenasta palica \u0107e osigurati sate zabave i igre.<\/p>\n","protected":false},"featured_media":37016,"comment_status":"closed","ping_status":"open","template":"","meta":[],"product_brand":[],"product_cat":[2018,3676],"product_tag":[],"class_list":{"0":"post-38109","1":"product","2":"type-product","3":"status-publish","4":"has-post-thumbnail","6":"product_cat-bozic","7":"product_cat-novogodisnji-ukrasi","8":"pa_barva-crvena","9":"pa_velikost-48-cm","11":"first","12":"outofstock","13":"taxable","14":"shipping-taxable","15":"purchasable","16":"product-type-simple"},"_links":{"self":[{"href":"https:\/\/www.miravila.com\/hr\/wp-json\/wp\/v2\/product\/38109","targetHints":{"allow":["GET"]}}],"collection":[{"href":"https:\/\/www.miravila.com\/hr\/wp-json\/wp\/v2\/product"}],"about":[{"href":"https:\/\/www.miravila.com\/hr\/wp-json\/wp\/v2\/types\/product"}],"replies":[{"embeddable":true,"href":"https:\/\/www.miravila.com\/hr\/wp-json\/wp\/v2\/comments?post=38109"}],"wp:featuredmedia":[{"embeddable":true,"href":"https:\/\/www.miravila.com\/hr\/wp-json\/wp\/v2\/media\/37016"}],"wp:attachment":[{"href":"https:\/\/www.miravila.com\/hr\/wp-json\/wp\/v2\/media?parent=38109"}],"wp:term":[{"taxonomy":"product_brand","embeddable":true,"href":"https:\/\/www.miravila.com\/hr\/wp-json\/wp\/v2\/product_brand?post=38109"},{"taxonomy":"product_cat","embeddable":true,"href":"https:\/\/www.miravila.com\/hr\/wp-json\/wp\/v2\/product_cat?post=38109"},{"taxonomy":"product_tag","embeddable":true,"href":"https:\/\/www.miravila.com\/hr\/wp-json\/wp\/v2\/product_tag?post=38109"}],"curies":[{"name":"wp","href":"https:\/\/api.w.org\/{rel}","templated":true}]}}