{"id":38105,"date":"2024-11-11T16:41:37","date_gmt":"2024-11-12T08:29:46","guid":{"rendered":"https:\/\/www.miravila.com\/product\/bonbon-plasticni-luk\/"},"modified":"2026-01-15T02:12:55","modified_gmt":"2026-01-15T01:12:55","slug":"bonbon-plasticni-luk","status":"publish","type":"product","link":"https:\/\/www.miravila.com\/hr\/bonbon-plasticni-luk\/","title":{"rendered":"Bonbon plasti\u010dni luk"},"content":{"rendered":"","protected":false},"excerpt":{"rendered":"<p>Bonbon plasti\u010dni luk je odli\u010dan dodatak za svaku zabavu ili proslavu. Izra\u0111en je od izdr\u017eljive plastike koja osigurava dug \u017eivotni vijek. Luk je jednostavan za kori\u0161tenje &#8211; samo pritisnite na sredinu i otpustite da se oslobodi. Mo\u017eete ga koristiti za ukra\u0161avanje torti, kola\u010da ili slastica. Bonbon plasti\u010dni luk dostupan je u raznim bojama, pa ga mo\u017eete odabrati prema temi ili dekoraciji doga\u0111aja. Dodajte da\u0161ak elegancije i zabave s ovim prekrasnim bonbon plasti\u010dnim lukom.<\/p>\n","protected":false},"featured_media":36988,"comment_status":"closed","ping_status":"open","template":"","meta":[],"product_brand":[],"product_cat":[2018,3676],"product_tag":[5032],"class_list":{"0":"post-38105","1":"product","2":"type-product","3":"status-publish","4":"has-post-thumbnail","6":"product_cat-bozic","7":"product_cat-novogodisnji-ukrasi","8":"product_tag-kolekcija-candy-cane-2","9":"pa_barva-crvena","10":"pa_velikost-25-cm-2","12":"first","13":"instock","14":"taxable","15":"shipping-taxable","16":"purchasable","17":"product-type-simple"},"_links":{"self":[{"href":"https:\/\/www.miravila.com\/hr\/wp-json\/wp\/v2\/product\/38105","targetHints":{"allow":["GET"]}}],"collection":[{"href":"https:\/\/www.miravila.com\/hr\/wp-json\/wp\/v2\/product"}],"about":[{"href":"https:\/\/www.miravila.com\/hr\/wp-json\/wp\/v2\/types\/product"}],"replies":[{"embeddable":true,"href":"https:\/\/www.miravila.com\/hr\/wp-json\/wp\/v2\/comments?post=38105"}],"wp:featuredmedia":[{"embeddable":true,"href":"https:\/\/www.miravila.com\/hr\/wp-json\/wp\/v2\/media\/36988"}],"wp:attachment":[{"href":"https:\/\/www.miravila.com\/hr\/wp-json\/wp\/v2\/media?parent=38105"}],"wp:term":[{"taxonomy":"product_brand","embeddable":true,"href":"https:\/\/www.miravila.com\/hr\/wp-json\/wp\/v2\/product_brand?post=38105"},{"taxonomy":"product_cat","embeddable":true,"href":"https:\/\/www.miravila.com\/hr\/wp-json\/wp\/v2\/product_cat?post=38105"},{"taxonomy":"product_tag","embeddable":true,"href":"https:\/\/www.miravila.com\/hr\/wp-json\/wp\/v2\/product_tag?post=38105"}],"curies":[{"name":"wp","href":"https:\/\/api.w.org\/{rel}","templated":true}]}}