{"id":38098,"date":"2024-11-11T16:40:51","date_gmt":"2024-11-12T08:29:31","guid":{"rendered":"https:\/\/www.miravila.com\/product\/sjajne-sjajnice-na-staklenoj-zici\/"},"modified":"2026-02-05T02:12:39","modified_gmt":"2026-02-05T01:12:39","slug":"sjajne-sjajnice-na-staklenoj-zici","status":"publish","type":"product","link":"https:\/\/www.miravila.com\/hr\/sjajne-sjajnice-na-staklenoj-zici\/","title":{"rendered":"Sjajne sjajnice na staklenoj \u017eici"},"content":{"rendered":"","protected":false},"excerpt":{"rendered":"<p>Sjajni \u0161ljokice na staklenoj \u017eici su savr\u0161en izbor za dodavanje sjaja i blje\u0161tavila va\u0161im kreativnim projektima. Staklena \u017eica je izdr\u017eljiva i lagana, \u0161to omogu\u0107ava jednostavnu upotrebu i oblikovanje. Sjajne \u0161ljokice su visoke kvalitete i ne otpadaju, \u0161to osigurava dugotrajan sjaj. Mo\u017eete ih koristiti za ukra\u0161avanje ru\u010dno ra\u0111enih nakita, \u010destitki, scrapbookova i drugih kreativnih projekata. Dodajte da\u0161ak elegancije i blje\u0161tavila va\u0161im umjetni\u010dkim kreacijama s ovim divnim \u0161ljokicama na staklenoj \u017eici.<\/p>\n","protected":false},"featured_media":36953,"comment_status":"closed","ping_status":"open","template":"","meta":[],"product_brand":[],"product_cat":[2018,3676],"product_tag":[5028,5039,5040],"class_list":{"0":"post-38098","1":"product","2":"type-product","3":"status-publish","4":"has-post-thumbnail","6":"product_cat-bozic","7":"product_cat-novogodisnji-ukrasi","8":"product_tag-adventska-kolekcija-svjezine","9":"product_tag-kolekcija-tradicionalni-bozic","10":"product_tag-kolekcija-zelena-elegancija","11":"pa_barva-zelena-2","12":"pa_velikost-25-cm-2","14":"first","15":"instock","16":"taxable","17":"shipping-taxable","18":"purchasable","19":"product-type-simple"},"_links":{"self":[{"href":"https:\/\/www.miravila.com\/hr\/wp-json\/wp\/v2\/product\/38098","targetHints":{"allow":["GET"]}}],"collection":[{"href":"https:\/\/www.miravila.com\/hr\/wp-json\/wp\/v2\/product"}],"about":[{"href":"https:\/\/www.miravila.com\/hr\/wp-json\/wp\/v2\/types\/product"}],"replies":[{"embeddable":true,"href":"https:\/\/www.miravila.com\/hr\/wp-json\/wp\/v2\/comments?post=38098"}],"wp:featuredmedia":[{"embeddable":true,"href":"https:\/\/www.miravila.com\/hr\/wp-json\/wp\/v2\/media\/36953"}],"wp:attachment":[{"href":"https:\/\/www.miravila.com\/hr\/wp-json\/wp\/v2\/media?parent=38098"}],"wp:term":[{"taxonomy":"product_brand","embeddable":true,"href":"https:\/\/www.miravila.com\/hr\/wp-json\/wp\/v2\/product_brand?post=38098"},{"taxonomy":"product_cat","embeddable":true,"href":"https:\/\/www.miravila.com\/hr\/wp-json\/wp\/v2\/product_cat?post=38098"},{"taxonomy":"product_tag","embeddable":true,"href":"https:\/\/www.miravila.com\/hr\/wp-json\/wp\/v2\/product_tag?post=38098"}],"curies":[{"name":"wp","href":"https:\/\/api.w.org\/{rel}","templated":true}]}}