{"id":38093,"date":"2024-11-11T16:40:51","date_gmt":"2024-11-12T08:29:31","guid":{"rendered":"https:\/\/www.miravila.com\/product\/mis-iz-poliestera-2-kom\/"},"modified":"2024-12-05T12:06:41","modified_gmt":"2024-12-05T11:06:41","slug":"mis-iz-poliestera-2-kom","status":"publish","type":"product","link":"https:\/\/www.miravila.com\/hr\/mis-iz-poliestera-2-kom\/","title":{"rendered":"Mi\u0161 iz poliestera 2 kom."},"content":{"rendered":"","protected":false},"excerpt":{"rendered":"<p>Mi\u0161 iz poliuretana je odli\u010dan izbor za sve ljubitelje mi\u0161eva. Izra\u0111ena je od visokokvalitetnog poliuretana, koji osigurava dugovje\u010dnost i izdr\u017eljivost. Ovaj komplet uklju\u010duje 2 mi\u0161a, \u0161to vam omogu\u0107uje da imate rezervu ili da ih koristite istovremeno na razli\u010ditim ra\u010dunalima. Mi\u0161 ima ergonomski oblik, koji omogu\u0107uje udoban i prirodan polo\u017eaj ruke tijekom kori\u0161tenja. Osim toga, opremljena je preciznim opti\u010dkim senzorom, koji osigurava glatko i precizno pomicanje pokaziva\u010da po ekranu. Mi\u0161 iz poliuretana 2 kom je izvrstan dodatak va\u0161em ra\u010dunalu i osigurat \u0107e ugodan i u\u010dinkovit rad.<\/p>\n","protected":false},"featured_media":36924,"comment_status":"closed","ping_status":"open","template":"","meta":[],"product_brand":[],"product_cat":[2018,3676],"product_tag":[],"class_list":{"0":"post-38093","1":"product","2":"type-product","3":"status-publish","4":"has-post-thumbnail","6":"product_cat-bozic","7":"product_cat-novogodisnji-ukrasi","8":"pa_barva-crvena","9":"pa_velikost-9-2","11":"first","12":"outofstock","13":"taxable","14":"shipping-taxable","15":"purchasable","16":"product-type-simple"},"_links":{"self":[{"href":"https:\/\/www.miravila.com\/hr\/wp-json\/wp\/v2\/product\/38093","targetHints":{"allow":["GET"]}}],"collection":[{"href":"https:\/\/www.miravila.com\/hr\/wp-json\/wp\/v2\/product"}],"about":[{"href":"https:\/\/www.miravila.com\/hr\/wp-json\/wp\/v2\/types\/product"}],"replies":[{"embeddable":true,"href":"https:\/\/www.miravila.com\/hr\/wp-json\/wp\/v2\/comments?post=38093"}],"wp:featuredmedia":[{"embeddable":true,"href":"https:\/\/www.miravila.com\/hr\/wp-json\/wp\/v2\/media\/36924"}],"wp:attachment":[{"href":"https:\/\/www.miravila.com\/hr\/wp-json\/wp\/v2\/media?parent=38093"}],"wp:term":[{"taxonomy":"product_brand","embeddable":true,"href":"https:\/\/www.miravila.com\/hr\/wp-json\/wp\/v2\/product_brand?post=38093"},{"taxonomy":"product_cat","embeddable":true,"href":"https:\/\/www.miravila.com\/hr\/wp-json\/wp\/v2\/product_cat?post=38093"},{"taxonomy":"product_tag","embeddable":true,"href":"https:\/\/www.miravila.com\/hr\/wp-json\/wp\/v2\/product_tag?post=38093"}],"curies":[{"name":"wp","href":"https:\/\/api.w.org\/{rel}","templated":true}]}}