{"id":38089,"date":"2024-11-11T16:40:51","date_gmt":"2024-11-12T08:29:31","guid":{"rendered":"https:\/\/www.miravila.com\/product\/sjajne-sljokice-na-staklenoj-zici-2\/"},"modified":"2026-02-17T02:12:25","modified_gmt":"2026-02-17T01:12:25","slug":"sjajne-sljokice-na-staklenoj-zici-2","status":"publish","type":"product","link":"https:\/\/www.miravila.com\/hr\/sjajne-sljokice-na-staklenoj-zici-2\/","title":{"rendered":"Sjajne \u0161ljokice na staklenoj \u017eici"},"content":{"rendered":"","protected":false},"excerpt":{"rendered":"<p>Sjaje\u0107e \u0161ljokice na staklenoj \u017eici savr\u0161en su izbor za dodavanje sjaja i \u0161ljokica va\u0161im kreativnim projektima. Staklena \u017eica je izdr\u017eljiva i lagana, \u0161to omogu\u0107ava jednostavnu upotrebu i oblikovanje. Sjaje\u0107e \u0161ljokice su visoke kvalitete i ne ispadaju, \u0161to osigurava dugotrajan sjaj. Mo\u017eete ih koristiti za ukra\u0161avanje ru\u010dno ra\u0111enih nakita, \u010destitki, scrapbookova i drugih kreativnih projekata. Dodajte da\u0161ak elegancije i \u0161ljokica u va\u0161e umjetni\u010dke kreacije s ovim prekrasnim \u0161ljokicama na staklenoj \u017eici.<\/p>\n","protected":false},"featured_media":36904,"comment_status":"closed","ping_status":"open","template":"","meta":[],"product_brand":[],"product_cat":[2018,3676],"product_tag":[5031,5032,5037,5039],"class_list":{"0":"post-38089","1":"product","2":"type-product","3":"status-publish","4":"has-post-thumbnail","6":"product_cat-bozic","7":"product_cat-novogodisnji-ukrasi","8":"product_tag-bozicna-kucna-kolekcija","9":"product_tag-kolekcija-candy-cane-2","10":"product_tag-kolekcija-orasar","11":"product_tag-kolekcija-tradicionalni-bozic","12":"pa_barva-crvena","13":"pa_velikost-25-cm-2","15":"first","16":"instock","17":"taxable","18":"shipping-taxable","19":"purchasable","20":"product-type-simple"},"_links":{"self":[{"href":"https:\/\/www.miravila.com\/hr\/wp-json\/wp\/v2\/product\/38089","targetHints":{"allow":["GET"]}}],"collection":[{"href":"https:\/\/www.miravila.com\/hr\/wp-json\/wp\/v2\/product"}],"about":[{"href":"https:\/\/www.miravila.com\/hr\/wp-json\/wp\/v2\/types\/product"}],"replies":[{"embeddable":true,"href":"https:\/\/www.miravila.com\/hr\/wp-json\/wp\/v2\/comments?post=38089"}],"wp:featuredmedia":[{"embeddable":true,"href":"https:\/\/www.miravila.com\/hr\/wp-json\/wp\/v2\/media\/36904"}],"wp:attachment":[{"href":"https:\/\/www.miravila.com\/hr\/wp-json\/wp\/v2\/media?parent=38089"}],"wp:term":[{"taxonomy":"product_brand","embeddable":true,"href":"https:\/\/www.miravila.com\/hr\/wp-json\/wp\/v2\/product_brand?post=38089"},{"taxonomy":"product_cat","embeddable":true,"href":"https:\/\/www.miravila.com\/hr\/wp-json\/wp\/v2\/product_cat?post=38089"},{"taxonomy":"product_tag","embeddable":true,"href":"https:\/\/www.miravila.com\/hr\/wp-json\/wp\/v2\/product_tag?post=38089"}],"curies":[{"name":"wp","href":"https:\/\/api.w.org\/{rel}","templated":true}]}}