{"id":38088,"date":"2024-11-11T16:40:51","date_gmt":"2024-11-12T08:29:31","guid":{"rendered":"https:\/\/www.miravila.com\/product\/ukrasne-kuglice-na-zici-od-matiranog-stakla-2\/"},"modified":"2026-02-05T02:12:36","modified_gmt":"2026-02-05T01:12:36","slug":"ukrasne-kuglice-na-zici-od-matiranog-stakla-2","status":"publish","type":"product","link":"https:\/\/www.miravila.com\/hr\/ukrasne-kuglice-na-zici-od-matiranog-stakla-2\/","title":{"rendered":"Ukrasne kuglice na \u017eici od matiranog stakla"},"content":{"rendered":"","protected":false},"excerpt":{"rendered":"<p>Ukrasne kuglice na \u017eici od matiranog stakla odli\u010dan su dodatak za oboga\u0107ivanje va\u0161eg doma ili posebnih doga\u0111aja. Izra\u0111ene su od visokokvalitetnog matiranog stakla, koje stvara elegantan izgled. Kuglice su pri\u010dvr\u0161\u0107ene na \u017eicu, \u0161to omogu\u0107uje jednostavno pri\u010dvr\u0161\u0107ivanje na razli\u010dite povr\u0161ine. Dostupne su u razli\u010ditim bojama i veli\u010dinama, tako da mo\u017eete odabrati one koje najbolje odgovaraju va\u0161em ukusu i stilu. Ukrasne kuglice na \u017eici od matiranog stakla idealan su na\u010din da dodate malo sjaja i elegancije svom prostoru ili posebnom doga\u0111aju.<\/p>\n","protected":false},"featured_media":36899,"comment_status":"closed","ping_status":"open","template":"","meta":[],"product_brand":[],"product_cat":[2018,3676],"product_tag":[5031,5032,5037,5039],"class_list":{"0":"post-38088","1":"product","2":"type-product","3":"status-publish","4":"has-post-thumbnail","6":"product_cat-bozic","7":"product_cat-novogodisnji-ukrasi","8":"product_tag-bozicna-kucna-kolekcija","9":"product_tag-kolekcija-candy-cane-2","10":"product_tag-kolekcija-orasar","11":"product_tag-kolekcija-tradicionalni-bozic","12":"pa_barva-crvena","13":"pa_velikost-2-cm-2","15":"first","16":"instock","17":"taxable","18":"shipping-taxable","19":"purchasable","20":"product-type-simple"},"_links":{"self":[{"href":"https:\/\/www.miravila.com\/hr\/wp-json\/wp\/v2\/product\/38088","targetHints":{"allow":["GET"]}}],"collection":[{"href":"https:\/\/www.miravila.com\/hr\/wp-json\/wp\/v2\/product"}],"about":[{"href":"https:\/\/www.miravila.com\/hr\/wp-json\/wp\/v2\/types\/product"}],"replies":[{"embeddable":true,"href":"https:\/\/www.miravila.com\/hr\/wp-json\/wp\/v2\/comments?post=38088"}],"wp:featuredmedia":[{"embeddable":true,"href":"https:\/\/www.miravila.com\/hr\/wp-json\/wp\/v2\/media\/36899"}],"wp:attachment":[{"href":"https:\/\/www.miravila.com\/hr\/wp-json\/wp\/v2\/media?parent=38088"}],"wp:term":[{"taxonomy":"product_brand","embeddable":true,"href":"https:\/\/www.miravila.com\/hr\/wp-json\/wp\/v2\/product_brand?post=38088"},{"taxonomy":"product_cat","embeddable":true,"href":"https:\/\/www.miravila.com\/hr\/wp-json\/wp\/v2\/product_cat?post=38088"},{"taxonomy":"product_tag","embeddable":true,"href":"https:\/\/www.miravila.com\/hr\/wp-json\/wp\/v2\/product_tag?post=38088"}],"curies":[{"name":"wp","href":"https:\/\/api.w.org\/{rel}","templated":true}]}}