{"id":38083,"date":"2024-11-11T16:40:51","date_gmt":"2024-11-12T08:29:31","guid":{"rendered":"https:\/\/www.miravila.com\/product\/ukrasne-kuglice-staklene-sjajne-mat-mijesane\/"},"modified":"2025-11-28T02:12:23","modified_gmt":"2025-11-28T01:12:23","slug":"ukrasne-kuglice-staklene-sjajne-mat-mijesane","status":"publish","type":"product","link":"https:\/\/www.miravila.com\/hr\/ukrasne-kuglice-staklene-sjajne-mat-mijesane\/","title":{"rendered":"Ukrasne kuglice staklene sjajne, mat mije\u0161ane"},"content":{"rendered":"","protected":false},"excerpt":{"rendered":"<p>Ukrasne kuglice od stakla sjajne i matirane mje\u0161ovite boje su savr\u0161en dodatak za ukra\u0161avanje va\u0161eg doma ili blagdanskog drvca. Izra\u0111ene od visokokvalitetnog stakla, ove kuglice su otporne i trajne. Njihov sjaj i mat fini\u0161 stvaraju zanimljiv kontrast koji \u0107e privu\u0107i pa\u017enju svakoga. Mje\u0161ovite boje omogu\u0107uju da se ove kuglice prilagode razli\u010ditim temama i stilovima ukra\u0161avanja. Svojim prekrasnim sjajem sigurno \u0107e dodati blagdanski ugo\u0111aj i eleganciju va\u0161em domu. Bez obzira koristite li ih za ukra\u0161avanje drvca, vijenca ili stola, ove ukrasne kuglice donijet \u0107e da\u0161ak glamura i ljepote u svaki prostor.<\/p>\n","protected":false},"featured_media":36874,"comment_status":"closed","ping_status":"open","template":"","meta":[],"product_brand":[],"product_cat":[2018,3676],"product_tag":[5028,5039,5040],"class_list":{"0":"post-38083","1":"product","2":"type-product","3":"status-publish","4":"has-post-thumbnail","6":"product_cat-bozic","7":"product_cat-novogodisnji-ukrasi","8":"product_tag-adventska-kolekcija-svjezine","9":"product_tag-kolekcija-tradicionalni-bozic","10":"product_tag-kolekcija-zelena-elegancija","11":"pa_barva-zelena-2","12":"pa_velikost-8-2","14":"first","15":"outofstock","16":"taxable","17":"shipping-taxable","18":"purchasable","19":"product-type-simple"},"_links":{"self":[{"href":"https:\/\/www.miravila.com\/hr\/wp-json\/wp\/v2\/product\/38083","targetHints":{"allow":["GET"]}}],"collection":[{"href":"https:\/\/www.miravila.com\/hr\/wp-json\/wp\/v2\/product"}],"about":[{"href":"https:\/\/www.miravila.com\/hr\/wp-json\/wp\/v2\/types\/product"}],"replies":[{"embeddable":true,"href":"https:\/\/www.miravila.com\/hr\/wp-json\/wp\/v2\/comments?post=38083"}],"wp:featuredmedia":[{"embeddable":true,"href":"https:\/\/www.miravila.com\/hr\/wp-json\/wp\/v2\/media\/36874"}],"wp:attachment":[{"href":"https:\/\/www.miravila.com\/hr\/wp-json\/wp\/v2\/media?parent=38083"}],"wp:term":[{"taxonomy":"product_brand","embeddable":true,"href":"https:\/\/www.miravila.com\/hr\/wp-json\/wp\/v2\/product_brand?post=38083"},{"taxonomy":"product_cat","embeddable":true,"href":"https:\/\/www.miravila.com\/hr\/wp-json\/wp\/v2\/product_cat?post=38083"},{"taxonomy":"product_tag","embeddable":true,"href":"https:\/\/www.miravila.com\/hr\/wp-json\/wp\/v2\/product_tag?post=38083"}],"curies":[{"name":"wp","href":"https:\/\/api.w.org\/{rel}","templated":true}]}}